{"id":590,"date":"2024-10-24T06:44:20","date_gmt":"2024-10-24T06:44:20","guid":{"rendered":"https:\/\/automotiveleon.com.mx\/?post_type=product&#038;p=590"},"modified":"2024-10-24T06:44:20","modified_gmt":"2024-10-24T06:44:20","slug":"snap-on-mantenedor-de-bateria-eebm500a-4a-6-y-12v-rojo","status":"publish","type":"product","link":"https:\/\/automotiveleon.com.mx\/index.php\/producto\/snap-on-mantenedor-de-bateria-eebm500a-4a-6-y-12v-rojo\/","title":{"rendered":"Snap On Mantenedor De Bater\u00eda Eebm500a 4a 6 Y 12v Rojo."},"content":{"rendered":"<p>Snap-On EBM500A Cargado \/ Mantenedor De Bater\u00eda Inteligente 6 Y 12 Volts<\/p>\n<p>Descripci\u00f3n general<br \/>\n\u2022 Mantiene el voltaje de la bater\u00eda en autom\u00f3viles, camiones, botes, SUV, motocicletas y m\u00e1s almacenados para que arranquen cuando sea necesario<\/p>\n<p>\u2022 Ahora puede cargar bater\u00edas de veh\u00edculos LiFePO4 de litio de 12 V y bater\u00edas de plomo-\u00e1cido convencionales (bater\u00edas est\u00e1ndar, sin mantenimiento, AGM, de gel y de ciclo profundo)<\/p>\n<p>\u2022 Funcionamiento completamente autom\u00e1tico de 6\/12 V, velocidad de carga de 4 A<\/p>\n<p>\u2022 Perfecto para que las salas de exposici\u00f3n de autom\u00f3viles nuevos mantengan el voltaje de la bater\u00eda mientras los accesorios del autom\u00f3vil est\u00e1n encendidos para mostr\u00e1rselos a los clientes.<\/p>\n<p>\u2022 Incluye un cable de salida de conexi\u00f3n r\u00e1pida con juego de abrazaderas, juego de terminales de anillo y accesorios de salida de adaptador de 12 V<\/p>\n<p>\u2022 Indicaci\u00f3n LED del estado de carga, incluyendo finalizaci\u00f3n, polaridad inversa y fallas de la bater\u00eda; Etiqueta colgante conveniente para mostrar toda la informaci\u00f3n de diagn\u00f3stico sobre el proceso de carga y el estado de la bater\u00eda del veh\u00edculo.<\/p>\n<p>\u2022 Otros indicadores LED de c\u00f3digos de diagn\u00f3stico incluyen: modo de desulfataci\u00f3n, verificaci\u00f3n de conexi\u00f3n y notificaci\u00f3n de corte de energ\u00eda<\/p>\n<p>\u2022 El cable con ojal se puede conectar permanentemente a la bater\u00eda almacenada del veh\u00edculo para uso futuro; solicite m\u00e1s kits de anillos EEBM500-2 para veh\u00edculos adicionales<\/p>\n<p>\u2022 Requiere un tomacorriente estilo norteamericano de 110 V CA para alimentar la unidad<\/p>\n<p>Caracteristicas:<br \/>\nCumple con la CCA<br \/>\nCorriente de carga de absorci\u00f3n masiva, amperios 4<br \/>\nCumple con cULus<br \/>\nCorriente de descarga, amperios 0.3<br \/>\nVoltaje de entrada, V CA 120<br \/>\nFrecuencia de voltaje de entrada, Hz 60<br \/>\nCumple con IP65 S\u00ed<br \/>\nMantenimiento Tiempo de descanso m\u00e1ximo, d\u00edas 4<br \/>\nVoltaje m\u00ednimo de la bater\u00eda para que se inicie el cargador 1.0V<br \/>\nTiempo m\u00ednimo de descanso, horas 2<br \/>\nCuatro modos<br \/>\nAhorro de energ\u00eda, ejercicio, reparaci\u00f3n de bater\u00edas, mantenimiento<br \/>\nProceso de carga multifase<br \/>\nRango de temperatura ambiente de funcionamiento 30\u201345<br \/>\nProtecci\u00f3n contra sobrecalentamiento<br \/>\nProtecci\u00f3n contra sobretensi\u00f3n<br \/>\nIndicador y protecci\u00f3n de polaridad inversa<br \/>\nCumple con RoHS<br \/>\nProtecci\u00f3n contra cortocircuitos<br \/>\nM\u00e9todo de carga inteligente<br \/>\nAutom\u00e1tico<br \/>\nProtecci\u00f3n contra bajo voltaje<br \/>\nPeso, (kg) 1,8<br \/>\nBater\u00eda, voltios (tipo)<br \/>\n12 (Litio LiFePO4) y 6 y 12 (Plomo \u00c1cido STD y AGM)<\/p>\n","protected":false},"excerpt":{"rendered":"<h2>Snap On Mantenedor De Bater\u00eda Eebm500a 4a 6 Y 12v Rojo.<\/h2>\n<table class=\"andes-table\">\n<tbody class=\"andes-table__body\">\n<tr class=\"andes-table__row\">\n<th class=\"andes-table__header andes-table__header--left ui-pdp-specs__table__column ui-pdp-specs__table__column-title\" scope=\"row\">\n<div class=\"andes-table__header__container\">Marca<\/div>\n<\/th>\n<td id=\":R2iesqk9im:\" class=\"andes-table__column andes-table__column--left andes-table__column--vertical-align-center ui-pdp-specs__table__column\"><span id=\":R2iesqk9im:-value\" class=\"andes-table__column--value\">Snap On<\/span><\/td>\n<\/tr>\n<tr class=\"andes-table__row\">\n<th class=\"andes-table__header andes-table__header--left ui-pdp-specs__table__column ui-pdp-specs__table__column-title\" scope=\"row\">\n<div class=\"andes-table__header__container\">L\u00ednea<\/div>\n<\/th>\n<td id=\":R2imsqk9im:\" class=\"andes-table__column andes-table__column--left andes-table__column--vertical-align-center ui-pdp-specs__table__column\"><span id=\":R2imsqk9im:-value\" class=\"andes-table__column--value\">Mantenedor de Bateria<\/span><\/td>\n<\/tr>\n<tr class=\"andes-table__row\">\n<th class=\"andes-table__header andes-table__header--left ui-pdp-specs__table__column ui-pdp-specs__table__column-title\" scope=\"row\">\n<div class=\"andes-table__header__container\">Modelo<\/div>\n<\/th>\n<td id=\":R2iusqk9im:\" class=\"andes-table__column andes-table__column--left andes-table__column--vertical-align-center ui-pdp-specs__table__column\"><span id=\":R2iusqk9im:-value\" class=\"andes-table__column--value\">EEBM500A<\/span><\/td>\n<\/tr>\n<tr class=\"andes-table__row\">\n<th class=\"andes-table__header andes-table__header--left ui-pdp-specs__table__column ui-pdp-specs__table__column-title\" scope=\"row\">\n<div class=\"andes-table__header__container\">Corriente de salida<\/div>\n<\/th>\n<td id=\":R2j6sqk9im:\" class=\"andes-table__column andes-table__column--left andes-table__column--vertical-align-center ui-pdp-specs__table__column\"><span id=\":R2j6sqk9im:-value\" class=\"andes-table__column--value\">4 A<\/span><\/td>\n<\/tr>\n<tr class=\"andes-table__row\">\n<th class=\"andes-table__header andes-table__header--left ui-pdp-specs__table__column ui-pdp-specs__table__column-title\" scope=\"row\">\n<div class=\"andes-table__header__container\">Tensi\u00f3n de carga<\/div>\n<\/th>\n<td id=\":R2jesqk9im:\" class=\"andes-table__column andes-table__column--left andes-table__column--vertical-align-center ui-pdp-specs__table__column\"><span id=\":R2jesqk9im:-value\" class=\"andes-table__column--value\">6 y 12 Volts<\/span><\/td>\n<\/tr>\n<tr class=\"andes-table__row\">\n<th class=\"andes-table__header andes-table__header--left ui-pdp-specs__table__column ui-pdp-specs__table__column-title\" scope=\"row\">\n<div class=\"andes-table__header__container\">Color<\/div>\n<\/th>\n<td id=\":R2jmsqk9im:\" class=\"andes-table__column andes-table__column--left andes-table__column--vertical-align-center ui-pdp-specs__table__column\"><span id=\":R2jmsqk9im:-value\" class=\"andes-table__column--value\">Rojo<\/span><\/td>\n<\/tr>\n<\/tbody>\n<\/table>\n","protected":false},"featured_media":591,"template":"","meta":{"saved_in_kubio":false},"product_cat":[20],"product_tag":[],"class_list":{"0":"post-590","1":"product","2":"type-product","3":"status-publish","4":"has-post-thumbnail","6":"product_cat-snapon","8":"first","9":"instock","10":"shipping-taxable","11":"product-type-simple"},"_links":{"self":[{"href":"https:\/\/automotiveleon.com.mx\/index.php\/wp-json\/wp\/v2\/product\/590","targetHints":{"allow":["GET"]}}],"collection":[{"href":"https:\/\/automotiveleon.com.mx\/index.php\/wp-json\/wp\/v2\/product"}],"about":[{"href":"https:\/\/automotiveleon.com.mx\/index.php\/wp-json\/wp\/v2\/types\/product"}],"wp:featuredmedia":[{"embeddable":true,"href":"https:\/\/automotiveleon.com.mx\/index.php\/wp-json\/wp\/v2\/media\/591"}],"wp:attachment":[{"href":"https:\/\/automotiveleon.com.mx\/index.php\/wp-json\/wp\/v2\/media?parent=590"}],"wp:term":[{"taxonomy":"product_cat","embeddable":true,"href":"https:\/\/automotiveleon.com.mx\/index.php\/wp-json\/wp\/v2\/product_cat?post=590"},{"taxonomy":"product_tag","embeddable":true,"href":"https:\/\/automotiveleon.com.mx\/index.php\/wp-json\/wp\/v2\/product_tag?post=590"}],"curies":[{"name":"wp","href":"https:\/\/api.w.org\/{rel}","templated":true}]}}