{"id":585,"date":"2024-10-24T06:42:55","date_gmt":"2024-10-24T06:42:55","guid":{"rendered":"https:\/\/automotiveleon.com.mx\/?post_type=product&#038;p=585"},"modified":"2024-10-24T06:42:55","modified_gmt":"2024-10-24T06:42:55","slug":"snap-on-analizador-portatil-5-gases-verificacion-vehicular","status":"publish","type":"product","link":"https:\/\/automotiveleon.com.mx\/index.php\/producto\/snap-on-analizador-portatil-5-gases-verificacion-vehicular\/","title":{"rendered":"Snap-on Analizador Port\u00e1til 5 Gases Verificaci\u00f3n Vehicular"},"content":{"rendered":"<p>Snap-on Analizador Portatil 5 Gases automotriz para Verificacion Vehicular<\/p>\n<p>Caracter\u00edsticas<br \/>\n\u2022 Para uso en veh\u00edculos de gasolina, GLP y GNC, lo que lo hace ideal para: pruebas de cumplimiento previo de emisiones, servicio de veh\u00edculos y trabajo de diagn\u00f3stico<\/p>\n<p>\u2022 Mide las emisiones de escape de CO, CO2, O2, HC, NOx y AFR \/ Lambda<\/p>\n<p>\u2022 La nueva pantalla iluminada de seis l\u00edneas permite al usuario ver todas las lecturas de emisiones de escape simult\u00e1neamente<\/p>\n<p>\u2022 Proporciona una evaluaci\u00f3n instant\u00e1nea del escape y el convertidor catal\u00edtico de un veh\u00edculo de motor.<\/p>\n<p>\u2022 Ideal para veh\u00edculos pre-OBD, as\u00ed como hot rods, muscle cars, veh\u00edculos de colecci\u00f3n y autos de carrera para medir y ajustar la relaci\u00f3n perfecta de aire \/ combustible.<\/p>\n<p>\u2022 La funci\u00f3n habilitada para Bluetooth\u00ae se vincula a ZEUS\u00ae, VERUS\u00ae, VERUS\u00ae PRO y VERUS\u00ae Edge; adem\u00e1s, la PC con Bluetooth\u00ae combina el an\u00e1lisis de gas con otros datos del veh\u00edculo para un diagn\u00f3stico efectivo \u00aben tiempo real\u00bb<\/p>\n<p>\u2022 El analizador de gas visualiza los datos del an\u00e1lisis de gas al mismo tiempo que otros datos, incluidas las pruebas de componentes, las lecturas del osciloscopio, la funci\u00f3n de gr\u00e1ficos digitales, los resultados del esc\u00e1ner, ver, graficar, guardar y recuperar datos<\/p>\n<p>\u2022 Supervisa y reduce las emisiones de los veh\u00edculos, protege el medio ambiente, mejora la capacidad de conducci\u00f3n y la eficiencia del combustible<\/p>\n<p>\u2022 La unidad es muy sensible y extrae solo 1\/14 del volumen de escape de los analizadores de la competencia, lo que elimina los problemas de entrada de agua, adem\u00e1s de que las bombas duran m\u00e1s<\/p>\n<p>\u2022 Posibilidad de imprimir resultados con la impresora de infrarrojos<\/p>\n<p>\u2022 Agregue la sonda opcional para motocicletas HHGA-8 para probar bicicletas<\/p>\n<p>\u2022 El servicio se realiza en Crystal Lake Northern Repair para la calibraci\u00f3n anual y el reemplazo del sensor de O2, cumpliendo con el est\u00e1ndar requerido de la industria<\/p>\n<p>\u2022 El pr\u00e1ctico estuche de lona para trasportar el instrumento<\/p>\n<p>Especificaciones<br \/>\nMon\u00f3xido de carbono 0\u20135% (precisi\u00f3n \u00b1 10%) Res 0.01%<br \/>\nDimensiones del auricular 7,9 x 1,8 x 3,5 \u00ab(200 x 45 x 90 mm)<br \/>\nLamda \/ AFR (relaci\u00f3n aire-combustible) 0,6\u20131,4 \/ 8,82: 1\u201320,58: 1 (gasolina)<br \/>\nEspiga de sonda de repuesto HHGA-14<br \/>\nCombustibles preprogramados Gasolina \/ GLP \/ GNC<br \/>\nAdaptador de CA, entrada 100\u2013240 ~ \/ 50\u201360 Hz \/ 300 Ma<br \/>\nCumple con EN 61000-6-3<br \/>\nPantalla LCD retroiluminada de seis l\u00edneas con protecci\u00f3n de pantalla<br \/>\nSonda de repuesto HHGA-9<br \/>\nBluetooth S\u00ed &#8211; Clase 1<br \/>\nAuto Re-Zero S\u00ed (cada 30 minutos)<br \/>\nPa\u00eds de origen GBR<br \/>\nAprobado por la CE S\u00ed<br \/>\nOx\u00edgeno 0-21% (precisi\u00f3n \u00b1 5%) Res 0.02%<br \/>\nGarant\u00eda de 1 a\u00f1o<br \/>\nC\u00e1lculo de CO 0\u20135% corregido<br \/>\nCentro de servicio de reemplazo de sensor solamente &#8211; Crystal Lake<br \/>\nLos sensores electroqu\u00edmicos miden O2 y NO<br \/>\nAdaptador de CA, salida 9 VCC \/ 1 A<br \/>\nCumple con EN 61000-6-1<br \/>\nFunci\u00f3n de impresi\u00f3n Emisor de infrarrojos a HHGA-PRINTER (opcional en HHGA5C)<br \/>\nDuraci\u00f3n de la bater\u00eda 120 minutos (en espera) desde carga completa<br \/>\nCargador de coche de 12 V incluido S\u00ed<br \/>\nHidrocarburos 0\u20132,000 PPM (Precisi\u00f3n \u00b1 10%) Res 1 PPM<br \/>\n\u00d3xidos de nitr\u00f3geno 0-1,500 PPM (precisi\u00f3n \u00b1 10%) Res 1 PPM<br \/>\nPeso del auricular, lb (kg) 2,2 (1)<br \/>\nServicio y calibraci\u00f3n seg\u00fan sea necesario: se recomienda anualmente<br \/>\nFiltros de repuesto HHGA-11<br \/>\nMemoria interna S\u00ed: almacena 100 pruebas (manuales o autom\u00e1ticas)<br \/>\nLos sensores infrarrojos miden CO, CO2 y HC<br \/>\nDi\u00f3xido de carbono 0-15% (precisi\u00f3n \u00b1 10%) Res 0,1%<\/p>\n","protected":false},"excerpt":{"rendered":"<h2>Snap-on Analizador Port\u00e1til 5 Gases Verificaci\u00f3n Vehicular<\/h2>\n<h2 class=\"ui-pdp-specs__title\">Caracter\u00edsticas principales<\/h2>\n<div class=\"ui-pdp-specs__table\">\n<table class=\"andes-table\">\n<tbody class=\"andes-table__body\">\n<tr class=\"andes-table__row\">\n<th class=\"andes-table__header andes-table__header--left ui-pdp-specs__table__column ui-pdp-specs__table__column-title\" scope=\"row\">\n<div class=\"andes-table__header__container\">Marca<\/div>\n<\/th>\n<td id=\":R19esqk9im:\" class=\"andes-table__column andes-table__column--left andes-table__column--vertical-align-center ui-pdp-specs__table__column\"><span id=\":R19esqk9im:-value\" class=\"andes-table__column--value\">Snap On<\/span><\/td>\n<\/tr>\n<tr class=\"andes-table__row\">\n<th class=\"andes-table__header andes-table__header--left ui-pdp-specs__table__column ui-pdp-specs__table__column-title\" scope=\"row\">\n<div class=\"andes-table__header__container\">Modelo<\/div>\n<\/th>\n<td id=\":R19msqk9im:\" class=\"andes-table__column andes-table__column--left andes-table__column--vertical-align-center ui-pdp-specs__table__column\"><span id=\":R19msqk9im:-value\" class=\"andes-table__column--value\">SNP-HHGA5C<\/span><\/td>\n<\/tr>\n<\/tbody>\n<\/table>\n<\/div>\n","protected":false},"featured_media":586,"template":"","meta":{"saved_in_kubio":false},"product_cat":[20],"product_tag":[],"class_list":{"0":"post-585","1":"product","2":"type-product","3":"status-publish","4":"has-post-thumbnail","6":"product_cat-snapon","8":"first","9":"instock","10":"shipping-taxable","11":"product-type-simple"},"_links":{"self":[{"href":"https:\/\/automotiveleon.com.mx\/index.php\/wp-json\/wp\/v2\/product\/585","targetHints":{"allow":["GET"]}}],"collection":[{"href":"https:\/\/automotiveleon.com.mx\/index.php\/wp-json\/wp\/v2\/product"}],"about":[{"href":"https:\/\/automotiveleon.com.mx\/index.php\/wp-json\/wp\/v2\/types\/product"}],"wp:featuredmedia":[{"embeddable":true,"href":"https:\/\/automotiveleon.com.mx\/index.php\/wp-json\/wp\/v2\/media\/586"}],"wp:attachment":[{"href":"https:\/\/automotiveleon.com.mx\/index.php\/wp-json\/wp\/v2\/media?parent=585"}],"wp:term":[{"taxonomy":"product_cat","embeddable":true,"href":"https:\/\/automotiveleon.com.mx\/index.php\/wp-json\/wp\/v2\/product_cat?post=585"},{"taxonomy":"product_tag","embeddable":true,"href":"https:\/\/automotiveleon.com.mx\/index.php\/wp-json\/wp\/v2\/product_tag?post=585"}],"curies":[{"name":"wp","href":"https:\/\/api.w.org\/{rel}","templated":true}]}}