{"id":579,"date":"2024-10-24T06:41:13","date_gmt":"2024-10-24T06:41:13","guid":{"rendered":"https:\/\/automotiveleon.com.mx\/?post_type=product&#038;p=579"},"modified":"2024-10-24T06:41:13","modified_gmt":"2024-10-24T06:41:13","slug":"escaner-launch-x431-pro3-set-programacion-online-topologia","status":"publish","type":"product","link":"https:\/\/automotiveleon.com.mx\/index.php\/producto\/escaner-launch-x431-pro3-set-programacion-online-topologia\/","title":{"rendered":"Esc\u00e1ner Launch X431 Pro3 Set programaci\u00f3n Online + Topolog\u00eda"},"content":{"rendered":"<p>&#8211; X-431 Pro 3 SE con conector CANFD<br \/>\n++ Incluye 1 a\u00f1o de acceso FCA sin costo (Valor en el mercado $50 dolares) ++<br \/>\n* INCLUYE PROBADOR OBD2\/CAN *<br \/>\n++++ INCLUYE PROGRAMNACION EN LINEA ++++<br \/>\n&#8212;&#8212; INCLUYE TOPOLOGIA &#8212;-<br \/>\n**Incluye Conectores OBD1**<br \/>\n*** PROGRAMACION EN LINEA DE 14 MARCAS:<br \/>\nBMW, Hyundai, Infiniti, Kia, Land Rover, Jaguar, Maxus, Mercedes, MG(SAIC), Nissan, Porsche, Renault, Subaru, Venucia, Volkswagen, Audi<\/p>\n<p>&#8211; Conexi\u00f3n Bluetooth<br \/>\n&#8211; Graficas en tiempo\u00a0real<br \/>\n&#8211; Pruebas del sistema<br \/>\n&#8211; Voltaje AC\/DC<br \/>\n&#8211; Corriente AC\/DC<br \/>\n&#8211; Resistencia<br \/>\n&#8211; Continuidad<br \/>\n&#8211; Temperatura<br \/>\n&#8211; Prueba de diodos<br \/>\n&#8211; Perdidas parasitas\u00a0por\u00a0fusibles<\/p>\n<p>El X-431 Pro 3 SE incluye el avanzado VCI DBSCAR VII y Esta interfaz admite m\u00faltiples protocolos de comunicaci\u00f3n y diagn\u00f3stico<\/p>\n<p>Caracter\u00edsticas para X-431 Pro 3 SE:<\/p>\n<p>1. Innovador modo de diagn\u00f3stico DUAL: diagn\u00f3stico local tradicional y diagn\u00f3stico s\u00faper remoto SmartLink<\/p>\n<p>2. 15 funciones especiales por diagn\u00f3stico local, m\u00e1s por diagn\u00f3stico remoto SmartLink<\/p>\n<p>3. Sistema operativo Android 9.0 para un diagn\u00f3stico de veh\u00edculos excepcionalmente conveniente, r\u00e1pido y eficiente<\/p>\n<p>4. Diagn\u00f3stico inteligente: lea r\u00e1pidamente el VIN del veh\u00edculo y la matr\u00edcula, verifique el diagn\u00f3stico hist\u00f3rico e ingrese r\u00e1pidamente el diagn\u00f3stico.<\/p>\n<p>5. Fuerte funci\u00f3n de diagn\u00f3stico con datos de diagn\u00f3stico precisos para todos los sistemas.<\/p>\n<p>6. Funci\u00f3nes guiadas para VW y Audi<\/p>\n<p>7. Compatible con modulos opcionales de Launch<\/p>\n<p>8. Admite calibraci\u00f3n ADAS<\/p>\n<p>9. M\u00faltiples servicios de consulta: ver informes, registros de diagn\u00f3stico y verificar modelos comprobables<\/p>\n<p>El X-431 Pro 3 SE utiliza lo \u00faltimo en tecnolog\u00eda de diagn\u00f3stico Launch. El diagn\u00f3stico inteligente identifica autom\u00e1ticamente el veh\u00edculo a trav\u00e9s del VIN. Se cubren m\u00e1s de 90 marcas de autom\u00f3viles, todas con informaci\u00f3n detallada del m\u00f3dulo. 15 reinicio y funciones especiales est\u00e1n incluidas en el software.<\/p>\n<p>Las calibraciones din\u00e1micas ADAS est\u00e1n incluidas, las calibraciones est\u00e1ticas est\u00e1n cubiertas con la compra de los marcos de calibraci\u00f3n ADAS PRO y ADAS Mobile.<\/p>\n<p>**Especificaci\u00f3n para X-431 PRO :<\/p>\n<p>&#8211; Monitor: 10,1\u201d, IP 1920*1200<\/p>\n<p>&#8211; UPC: Octa-n\u00facleo de 1,8 GHz<\/p>\n<p>&#8211; VCI: Enlace inteligente C<\/p>\n<p>&#8211; Memoria: 4 GB<\/p>\n<p>&#8211; Almacenamiento: 64 GB<\/p>\n<p>&#8211; C\u00e1mara: C\u00e1mara frontal de 5MP + c\u00e1mara trasera de 8MP<\/p>\n<p>&#8211; Wifi: 2,4 GHz\/5 GHz (doble frecuencia)<\/p>\n<p>&#8211; Dimensi\u00f3n: 267 * 191 * 33mm<\/p>\n","protected":false},"excerpt":{"rendered":"<h2>Esc\u00e1ner Launch X431 Pro3 Set programaci\u00f3n Online + Topolog\u00eda<\/h2>\n<div class=\"ui-pdp-specs__table\">\n<table class=\"andes-table\">\n<tbody class=\"andes-table__body\">\n<tr class=\"andes-table__row\">\n<th class=\"andes-table__header andes-table__header--left ui-pdp-specs__table__column ui-pdp-specs__table__column-title\" scope=\"row\">\n<div class=\"andes-table__header__container\">Marca<\/div>\n<\/th>\n<td id=\":R19esqk9im:\" class=\"andes-table__column andes-table__column--left andes-table__column--vertical-align-center ui-pdp-specs__table__column\"><span id=\":R19esqk9im:-value\" class=\"andes-table__column--value\">Launch<\/span><\/td>\n<\/tr>\n<tr class=\"andes-table__row\">\n<th class=\"andes-table__header andes-table__header--left ui-pdp-specs__table__column ui-pdp-specs__table__column-title\" scope=\"row\">\n<div class=\"andes-table__header__container\">Modelo<\/div>\n<\/th>\n<td id=\":R19msqk9im:\" class=\"andes-table__column andes-table__column--left andes-table__column--vertical-align-center ui-pdp-specs__table__column\"><span id=\":R19msqk9im:-value\" class=\"andes-table__column--value\">X431 Pro 3 SE<\/span><\/td>\n<\/tr>\n<tr class=\"andes-table__row\">\n<th class=\"andes-table__header andes-table__header--left ui-pdp-specs__table__column ui-pdp-specs__table__column-title\" scope=\"row\">\n<div class=\"andes-table__header__container\">N\u00famero de parte<\/div>\n<\/th>\n<td id=\":R19usqk9im:\" class=\"andes-table__column andes-table__column--left andes-table__column--vertical-align-center ui-pdp-specs__table__column\"><span id=\":R19usqk9im:-value\" class=\"andes-table__column--value\">LAU-PROMO4<\/span><\/td>\n<\/tr>\n<\/tbody>\n<\/table>\n<\/div>\n<h3 class=\"ui-pdp-specs__subtitle\">Otros<\/h3>\n<div class=\"ui-pdp-list ui-pdp-specs__list\">\n<ul class=\"ui-pdp-list__wrapper\">\n<li class=\"ui-pdp-list__item\">\n<p class=\"ui-pdp-family--REGULAR ui-pdp-list__text\"><span class=\"ui-pdp-color--BLACK ui-pdp-size--XSMALL ui-pdp-family--BOLD\">Incluye cable<\/span>: S\u00ed<\/p>\n<\/li>\n<li class=\"ui-pdp-list__item\">\n<p class=\"ui-pdp-family--REGULAR ui-pdp-list__text\"><span class=\"ui-pdp-color--BLACK ui-pdp-size--XSMALL ui-pdp-family--BOLD\">Idioma<\/span>: Espa\u00f1ol<\/p>\n<\/li>\n<\/ul>\n<ul class=\"ui-pdp-list__wrapper\">\n<li class=\"ui-pdp-list__item\">\n<p class=\"ui-pdp-family--REGULAR ui-pdp-list__text\"><span class=\"ui-pdp-color--BLACK ui-pdp-size--XSMALL ui-pdp-family--BOLD\">Con Wi-Fi<\/span>: S\u00ed<\/p>\n<\/li>\n<\/ul>\n<\/div>\n","protected":false},"featured_media":580,"template":"","meta":{"saved_in_kubio":false},"product_cat":[20],"product_tag":[],"class_list":{"0":"post-579","1":"product","2":"type-product","3":"status-publish","4":"has-post-thumbnail","6":"product_cat-snapon","8":"first","9":"instock","10":"shipping-taxable","11":"product-type-simple"},"_links":{"self":[{"href":"https:\/\/automotiveleon.com.mx\/index.php\/wp-json\/wp\/v2\/product\/579","targetHints":{"allow":["GET"]}}],"collection":[{"href":"https:\/\/automotiveleon.com.mx\/index.php\/wp-json\/wp\/v2\/product"}],"about":[{"href":"https:\/\/automotiveleon.com.mx\/index.php\/wp-json\/wp\/v2\/types\/product"}],"wp:featuredmedia":[{"embeddable":true,"href":"https:\/\/automotiveleon.com.mx\/index.php\/wp-json\/wp\/v2\/media\/580"}],"wp:attachment":[{"href":"https:\/\/automotiveleon.com.mx\/index.php\/wp-json\/wp\/v2\/media?parent=579"}],"wp:term":[{"taxonomy":"product_cat","embeddable":true,"href":"https:\/\/automotiveleon.com.mx\/index.php\/wp-json\/wp\/v2\/product_cat?post=579"},{"taxonomy":"product_tag","embeddable":true,"href":"https:\/\/automotiveleon.com.mx\/index.php\/wp-json\/wp\/v2\/product_tag?post=579"}],"curies":[{"name":"wp","href":"https:\/\/api.w.org\/{rel}","templated":true}]}}