{"id":568,"date":"2024-10-24T06:32:08","date_gmt":"2024-10-24T06:32:08","guid":{"rendered":"https:\/\/automotiveleon.com.mx\/?post_type=product&#038;p=568"},"modified":"2024-10-24T06:32:09","modified_gmt":"2024-10-24T06:32:09","slug":"aceite-transmision-automatica-atf-9-pentosin-5-litros","status":"publish","type":"product","link":"https:\/\/automotiveleon.com.mx\/index.php\/producto\/aceite-transmision-automatica-atf-9-pentosin-5-litros\/","title":{"rendered":"Aceite Transmisi\u00f3n Autom\u00e1tica Atf 9 Pentosin 5 Litros"},"content":{"rendered":"<p>ATF9 Fluido totalmente sint\u00e9tico de larga duraci\u00f3n para transmisiones autom\u00e1ticas<\/p>\n<p>Pentosin ATF 9 ha sido especialmente desarrollado con una<br \/>\nreducida viscosidad para optimizar el rendimiento de las<br \/>\ntransmisiones autom\u00e1ticas ZF de \u00faltima generaci\u00f3n de 8 y<br \/>\n9 velocidades. Debido al dise\u00f1o individual y a los requisitos<br \/>\nt\u00e9cnicos que cada transmisi\u00f3n necesita, es esencial que<br \/>\nse utilice el ATF especifico correcto para garantizar que la<br \/>\ntransmisi\u00f3n funcione a todo su potencial, proporcionando<br \/>\nun funcionamiento eficiente y confiable durante toda su vida<br \/>\n\u00fatil. Pentosin ATF 9 ha sido desarrollado para ofrecer un buen<br \/>\ncontrol de la fricci\u00f3n, una excelente durabilidad y un control<br \/>\nde la oxidaci\u00f3n que proporcione una larga vida \u00fatil del aceite<br \/>\ncon un rendimiento comprobado.<br \/>\nPentosin ATF 9 ha sido desarrollado para brindar un control de<br \/>\nfricci\u00f3n excepcional, para garantizar una m\u00e1xima protecci\u00f3n<br \/>\ncontra el desgaste y un rendimiento antivibraciones.<\/p>\n<p>ESPECIFICACIONES:<br \/>\nTipo de aplicaci\u00f3n Aplicaci\u00f3n espec\u00edfica<br \/>\nBullet Point 1 Los modificadores de fricci\u00f3n y la qu\u00edmica antidesgaste formulados garantizan un rendimiento de fricci\u00f3n estable en las transmisiones modernas.<br \/>\nBullet Point 2 ATF 9 cumple con BMW 83222289720 (ATF3+) \/ Honda ATF tipo 3.1 (08200-9017)<br \/>\nBullet Point 3 ATF 9 cumple con ZF AA01 500 001 \/ JASO M315 TIPO 1A-LV<br \/>\nBullet Point 4 Un ATF totalmente sint\u00e9tico de alto rendimiento para aplicaciones de por vida en cajas de cambios autom\u00e1ticas.<br \/>\nColor Verde<br \/>\nTipo de contenedor BO<br \/>\nPa\u00eds de origen DE<br \/>\nPunto de inflamaci\u00f3n 202C\/395.6F<br \/>\nAltura del art\u00edculo 11.5000<br \/>\nLongitud del art\u00edculo 8.5000<br \/>\nNivel de art\u00edculo GTIN 4001541229550<br \/>\nCantidad de art\u00edculo 3<br \/>\nArt\u00edculo Cantidad Tama\u00f1o 5<br \/>\nArt\u00edculo Cantidad Tama\u00f1o UOM LT<br \/>\nArt\u00edculo unidad de medida EA<br \/>\nPeso del art\u00edculo 9.9100<br \/>\nArt\u00edculo Peso Unidad UOM LB<br \/>\nAncho del art\u00edculo 4.7500<br \/>\nDescripci\u00f3n del producto Extended 240 Pentosin ATF9 est\u00e1 especialmente desarrollado con viscosidad reducida para optimizar el rendimiento de las transmisiones autom\u00e1ticas ZF de 8 y 9 velocidades de \u00faltima generaci\u00f3n.<br \/>\nDescripci\u00f3n del producto Corto ATF 9<\/p>\n<p>Acura MDX (2020-2016)<br \/>\nAcura TLX (2020-2018)<br \/>\nBMW 330e (2023-2021)<br \/>\nBMW 330e xDrive (2023-2021)<br \/>\nBMW 530e (2023-2018)<br \/>\nBMW 530e xDrive (2023-2018)<br \/>\nBMW 530i (2023)<br \/>\nBMW 745Le xDrive (2022-2020)<br \/>\nBMW 745e xDrive (2022-2020)<br \/>\nBMW X3 (2021-2020)<br \/>\nBMW X5 (2023-2021)<br \/>\nHonda Odyssey (2020-2018)<br \/>\nHonda Passport (2023-2019)<br \/>\nHonda Pilot (2022-2016)<br \/>\nHonda Ridgeline (2023-2020)<br \/>\nJaguar E-Pace (2023-2018)<br \/>\nLand Rover Discovery Sport (2023-2018)<br \/>\nLand Rover Range Rover (2023-2020)<br \/>\nLand Rover Range Rover Evoque (2023-2014)<br \/>\nLand Rover Range Rover Sport (2023-2019)<\/p>\n","protected":false},"excerpt":{"rendered":"<h2>Aceite Transmisi\u00f3n Autom\u00e1tica Atf 9 Pentosin 5 Litros<\/h2>\n<div class=\"ui-pdp-specs__table\">\n<table class=\"andes-table\">\n<tbody class=\"andes-table__body\">\n<tr class=\"andes-table__row\">\n<th class=\"andes-table__header andes-table__header--left ui-pdp-specs__table__column ui-pdp-specs__table__column-title\" scope=\"row\">\n<div class=\"andes-table__header__container\">Marca<\/div>\n<\/th>\n<td id=\":R19esqk9im:\" class=\"andes-table__column andes-table__column--left andes-table__column--vertical-align-center ui-pdp-specs__table__column\"><span id=\":R19esqk9im:-value\" class=\"andes-table__column--value\">Pentosin<\/span><\/td>\n<\/tr>\n<tr class=\"andes-table__row\">\n<th class=\"andes-table__header andes-table__header--left ui-pdp-specs__table__column ui-pdp-specs__table__column-title\" scope=\"row\">\n<div class=\"andes-table__header__container\">Tipo de veh\u00edculo<\/div>\n<\/th>\n<td id=\":R19msqk9im:\" class=\"andes-table__column andes-table__column--left andes-table__column--vertical-align-center ui-pdp-specs__table__column\"><span id=\":R19msqk9im:-value\" class=\"andes-table__column--value\">Auto\/Camioneta<\/span><\/td>\n<\/tr>\n<\/tbody>\n<\/table>\n<\/div>\n<h3 class=\"ui-pdp-specs__subtitle\">Otros<\/h3>\n<div class=\"ui-pdp-list ui-pdp-specs__list\">\n<ul class=\"ui-pdp-list__wrapper\">\n<li class=\"ui-pdp-list__item\">\n<p class=\"ui-pdp-family--REGULAR ui-pdp-list__text\"><span class=\"ui-pdp-color--BLACK ui-pdp-size--XSMALL ui-pdp-family--BOLD\">Grado de viscosidad<\/span>: ATF9<\/p>\n<\/li>\n<li class=\"ui-pdp-list__item\">\n<p class=\"ui-pdp-family--REGULAR ui-pdp-list__text\"><span class=\"ui-pdp-color--BLACK ui-pdp-size--XSMALL ui-pdp-family--BOLD\">Tipo de aceite<\/span>: Sint\u00e9tico<\/p>\n<\/li>\n<\/ul>\n<ul class=\"ui-pdp-list__wrapper\">\n<li class=\"ui-pdp-list__item\">\n<p class=\"ui-pdp-family--REGULAR ui-pdp-list__text\"><span class=\"ui-pdp-color--BLACK ui-pdp-size--XSMALL ui-pdp-family--BOLD\">Volumen<\/span>: 5 L<\/p>\n<\/li>\n<li class=\"ui-pdp-list__item\">\n<p class=\"ui-pdp-family--REGULAR ui-pdp-list__text\"><span class=\"ui-pdp-color--BLACK ui-pdp-size--XSMALL ui-pdp-family--BOLD\">Tipo de contenedor<\/span>: Garrafa<\/p>\n<\/li>\n<\/ul>\n<\/div>\n","protected":false},"featured_media":569,"template":"","meta":{"saved_in_kubio":false},"product_cat":[29],"product_tag":[],"class_list":{"0":"post-568","1":"product","2":"type-product","3":"status-publish","4":"has-post-thumbnail","6":"product_cat-pentosin","8":"first","9":"instock","10":"shipping-taxable","11":"product-type-simple"},"_links":{"self":[{"href":"https:\/\/automotiveleon.com.mx\/index.php\/wp-json\/wp\/v2\/product\/568","targetHints":{"allow":["GET"]}}],"collection":[{"href":"https:\/\/automotiveleon.com.mx\/index.php\/wp-json\/wp\/v2\/product"}],"about":[{"href":"https:\/\/automotiveleon.com.mx\/index.php\/wp-json\/wp\/v2\/types\/product"}],"wp:featuredmedia":[{"embeddable":true,"href":"https:\/\/automotiveleon.com.mx\/index.php\/wp-json\/wp\/v2\/media\/569"}],"wp:attachment":[{"href":"https:\/\/automotiveleon.com.mx\/index.php\/wp-json\/wp\/v2\/media?parent=568"}],"wp:term":[{"taxonomy":"product_cat","embeddable":true,"href":"https:\/\/automotiveleon.com.mx\/index.php\/wp-json\/wp\/v2\/product_cat?post=568"},{"taxonomy":"product_tag","embeddable":true,"href":"https:\/\/automotiveleon.com.mx\/index.php\/wp-json\/wp\/v2\/product_tag?post=568"}],"curies":[{"name":"wp","href":"https:\/\/api.w.org\/{rel}","templated":true}]}}