{"id":565,"date":"2024-10-24T06:30:44","date_gmt":"2024-10-24T06:30:44","guid":{"rendered":"https:\/\/automotiveleon.com.mx\/?post_type=product&#038;p=565"},"modified":"2024-10-24T06:30:44","modified_gmt":"2024-10-24T06:30:44","slug":"aceite-sintetico-automotriz-pentosin-5w40-high-performance","status":"publish","type":"product","link":"https:\/\/automotiveleon.com.mx\/index.php\/producto\/aceite-sintetico-automotriz-pentosin-5w40-high-performance\/","title":{"rendered":"Aceite Sint\u00e9tico Automotriz Pentosin 5w40 High Performance"},"content":{"rendered":"<p>Aceite de motor sint\u00e9tico formulado con los mejores aditivos que proveen una excelente protecci\u00f3n desde su inicio. Por sus propiedades de viscosidad extendida se recomienda para todas las estaciones del a\u00f1o; en condiciones extremas de uso, mantiene su viscosidad. Se recomienda un intervalo de cambios cada 15,000 km.<\/p>\n<p>APROBACIONES<br \/>\nAPI SN\/CF, ACEA A3\/B3\/B4\/C3<br \/>\nAudi\/Volkswagen (con especificaciones de aceites de motor 502.00, 505.00, &amp; 505.01)<br \/>\nBMW (con especificaciones de aceites de motor LL-04 &amp; 5W-40)<br \/>\nJaguar (todos los modelos en los que se requiere 5W-40)<br \/>\nMercedes-Benz (con especificaciones de aceites de motor MB 229.51 &amp; 5W-40)<br \/>\nMINI (con especificaciones de aceites de motor LL-04 &amp; 5W-40)<br \/>\nPorsche A40 aprobado (todos los modelos a partir de 1973 excepto Cayenne V6)<br \/>\nLand Rover (todos los modelos en los que se requiere 5W-40)<br \/>\nVolvo (todos los modelos en los que se requiere 5W-40)\u201d<\/p>\n","protected":false},"excerpt":{"rendered":"<h2 class=\"ui-pdp-title\">Aceite Sint\u00e9tico Automotriz Pentosin 5w40 High Performance<\/h2>\n<div class=\"ui-pdp-specs__table\">\n<table class=\"andes-table\">\n<tbody class=\"andes-table__body\">\n<tr class=\"andes-table__row\">\n<th class=\"andes-table__header andes-table__header--left ui-pdp-specs__table__column ui-pdp-specs__table__column-title\" scope=\"row\">\n<div class=\"andes-table__header__container\">Marca<\/div>\n<\/th>\n<td id=\":R2iesqk9im:\" class=\"andes-table__column andes-table__column--left andes-table__column--vertical-align-center ui-pdp-specs__table__column\"><span id=\":R2iesqk9im:-value\" class=\"andes-table__column--value\">Pentosin<\/span><\/td>\n<\/tr>\n<tr class=\"andes-table__row\">\n<th class=\"andes-table__header andes-table__header--left ui-pdp-specs__table__column ui-pdp-specs__table__column-title\" scope=\"row\">\n<div class=\"andes-table__header__container\">L\u00ednea<\/div>\n<\/th>\n<td id=\":R2imsqk9im:\" class=\"andes-table__column andes-table__column--left andes-table__column--vertical-align-center ui-pdp-specs__table__column\"><span id=\":R2imsqk9im:-value\" class=\"andes-table__column--value\">Aceite automotriz<\/span><\/td>\n<\/tr>\n<tr class=\"andes-table__row\">\n<th class=\"andes-table__header andes-table__header--left ui-pdp-specs__table__column ui-pdp-specs__table__column-title\" scope=\"row\">\n<div class=\"andes-table__header__container\">Grado de viscosidad<\/div>\n<\/th>\n<td id=\":R2iusqk9im:\" class=\"andes-table__column andes-table__column--left andes-table__column--vertical-align-center ui-pdp-specs__table__column\"><span id=\":R2iusqk9im:-value\" class=\"andes-table__column--value\">5W-40 High Performance II<\/span><\/td>\n<\/tr>\n<tr class=\"andes-table__row\">\n<th class=\"andes-table__header andes-table__header--left ui-pdp-specs__table__column ui-pdp-specs__table__column-title\" scope=\"row\">\n<div class=\"andes-table__header__container\">Volumen de la unidad<\/div>\n<\/th>\n<td id=\":R2j6sqk9im:\" class=\"andes-table__column andes-table__column--left andes-table__column--vertical-align-center ui-pdp-specs__table__column\"><span id=\":R2j6sqk9im:-value\" class=\"andes-table__column--value\">1 L<\/span><\/td>\n<\/tr>\n<tr class=\"andes-table__row\">\n<th class=\"andes-table__header andes-table__header--left ui-pdp-specs__table__column ui-pdp-specs__table__column-title\" scope=\"row\">\n<div class=\"andes-table__header__container\">Formato de venta<\/div>\n<\/th>\n<td id=\":R2jesqk9im:\" class=\"andes-table__column andes-table__column--left andes-table__column--vertical-align-center ui-pdp-specs__table__column\"><span id=\":R2jesqk9im:-value\" class=\"andes-table__column--value\">Unidad<\/span><\/td>\n<\/tr>\n<tr class=\"andes-table__row\">\n<th class=\"andes-table__header andes-table__header--left ui-pdp-specs__table__column ui-pdp-specs__table__column-title\" scope=\"row\">\n<div class=\"andes-table__header__container\">Volumen neto<\/div>\n<\/th>\n<td id=\":R2jmsqk9im:\" class=\"andes-table__column andes-table__column--left andes-table__column--vertical-align-center ui-pdp-specs__table__column\"><span id=\":R2jmsqk9im:-value\" class=\"andes-table__column--value\">1 L<\/span><\/td>\n<\/tr>\n<tr class=\"andes-table__row\">\n<th class=\"andes-table__header andes-table__header--left ui-pdp-specs__table__column ui-pdp-specs__table__column-title\" scope=\"row\">\n<div class=\"andes-table__header__container\">Cantidad de packs<\/div>\n<\/th>\n<td id=\":R2jusqk9im:\" class=\"andes-table__column andes-table__column--left andes-table__column--vertical-align-center ui-pdp-specs__table__column\"><span id=\":R2jusqk9im:-value\" class=\"andes-table__column--value\">1<\/span><\/td>\n<\/tr>\n<\/tbody>\n<\/table>\n<\/div>\n<h3 class=\"ui-pdp-specs__subtitle\">Otros<\/h3>\n<div class=\"ui-pdp-list ui-pdp-specs__list\">\n<ul class=\"ui-pdp-list__wrapper\">\n<li class=\"ui-pdp-list__item\">\n<p class=\"ui-pdp-family--REGULAR ui-pdp-list__text\"><span class=\"ui-pdp-color--BLACK ui-pdp-size--XSMALL ui-pdp-family--BOLD\">Tipo de contenedor<\/span>: Bid\u00f3n<\/p>\n<\/li>\n<li class=\"ui-pdp-list__item\">\n<p class=\"ui-pdp-family--REGULAR ui-pdp-list__text\"><span class=\"ui-pdp-color--BLACK ui-pdp-size--XSMALL ui-pdp-family--BOLD\">Modelo detallado<\/span>: Pentosin<\/p>\n<\/li>\n<\/ul>\n<ul class=\"ui-pdp-list__wrapper\">\n<li class=\"ui-pdp-list__item\">\n<p class=\"ui-pdp-family--REGULAR ui-pdp-list__text\"><span class=\"ui-pdp-color--BLACK ui-pdp-size--XSMALL ui-pdp-family--BOLD\">Tipo de aceite de motor<\/span>: Sint\u00e9tico<\/p>\n<\/li>\n<li class=\"ui-pdp-list__item\">\n<p class=\"ui-pdp-family--REGULAR ui-pdp-list__text\"><span class=\"ui-pdp-color--BLACK ui-pdp-size--XSMALL ui-pdp-family--BOLD\">Tipo de veh\u00edculo<\/span>: Auto\/Camioneta<\/p>\n<\/li>\n<\/ul>\n<\/div>\n","protected":false},"featured_media":566,"template":"","meta":{"saved_in_kubio":false},"product_cat":[29],"product_tag":[],"class_list":{"0":"post-565","1":"product","2":"type-product","3":"status-publish","4":"has-post-thumbnail","6":"product_cat-pentosin","8":"first","9":"instock","10":"shipping-taxable","11":"product-type-simple"},"_links":{"self":[{"href":"https:\/\/automotiveleon.com.mx\/index.php\/wp-json\/wp\/v2\/product\/565","targetHints":{"allow":["GET"]}}],"collection":[{"href":"https:\/\/automotiveleon.com.mx\/index.php\/wp-json\/wp\/v2\/product"}],"about":[{"href":"https:\/\/automotiveleon.com.mx\/index.php\/wp-json\/wp\/v2\/types\/product"}],"wp:featuredmedia":[{"embeddable":true,"href":"https:\/\/automotiveleon.com.mx\/index.php\/wp-json\/wp\/v2\/media\/566"}],"wp:attachment":[{"href":"https:\/\/automotiveleon.com.mx\/index.php\/wp-json\/wp\/v2\/media?parent=565"}],"wp:term":[{"taxonomy":"product_cat","embeddable":true,"href":"https:\/\/automotiveleon.com.mx\/index.php\/wp-json\/wp\/v2\/product_cat?post=565"},{"taxonomy":"product_tag","embeddable":true,"href":"https:\/\/automotiveleon.com.mx\/index.php\/wp-json\/wp\/v2\/product_tag?post=565"}],"curies":[{"name":"wp","href":"https:\/\/api.w.org\/{rel}","templated":true}]}}