{"id":551,"date":"2024-10-24T06:23:45","date_gmt":"2024-10-24T06:23:45","guid":{"rendered":"https:\/\/automotiveleon.com.mx\/?post_type=product&#038;p=551"},"modified":"2024-10-24T06:23:45","modified_gmt":"2024-10-24T06:23:45","slug":"multimetro-automotriz-digital-auto-rango-innova-3320a","status":"publish","type":"product","link":"https:\/\/automotiveleon.com.mx\/index.php\/producto\/multimetro-automotriz-digital-auto-rango-innova-3320a\/","title":{"rendered":"Mult\u00edmetro Automotriz Digital &#038; Auto Rango Innova 3320a"},"content":{"rendered":"<p>INNOVA 3320A MULTIMETRO AUTOMOTRIZ DIGITAL AUTO RANGO &amp; ALTA IMPEDANCIA<\/p>\n<p>El Multimetro Digital de rango autom\u00e1tico Innova 3320A elimina la necesidad de marcar en el rango correcto al realizar mediciones electr\u00f3nicas. Sus usos incluyen circuitos automotrices, interruptores, cableado, bater\u00eda de veh\u00edculos y sistemas de carga, componentes el\u00e9ctricos y m\u00e1s.<\/p>\n<p>Producto certificado por UL dise\u00f1ado para solucionar de manera segura y precisa una variedad de problemas el\u00e9ctricos automotrices y dom\u00e9sticos.<\/p>\n<p>Las escalas de rango autom\u00e1tico eliminan la necesidad de marcar en el rango correcto al realizar mediciones electr\u00f3nicas.<\/p>\n<p>Cuenta con una gran pantalla digital y c\u00f3digos de colores LED para una verificaci\u00f3n r\u00e1pida de la bater\u00eda.<\/p>\n<p>Funci\u00f3n de resistencia de ajuste \u00fanico para voltaje de CA y CC.<\/p>\n<p>Protectores de esquinas de goma contra ca\u00eddas.<\/p>\n","protected":false},"excerpt":{"rendered":"<h2 class=\"ui-pdp-title\">Mult\u00edmetro Automotriz Digital &amp; Auto Rango Innova 3320a<\/h2>\n<div class=\"ui-pdp-specs__table\">\n<table class=\"andes-table\">\n<tbody class=\"andes-table__body\">\n<tr class=\"andes-table__row\">\n<th class=\"andes-table__header andes-table__header--left ui-pdp-specs__table__column ui-pdp-specs__table__column-title\" scope=\"row\">\n<div class=\"andes-table__header__container\">Marca<\/div>\n<\/th>\n<td id=\":R19esqk9im:\" class=\"andes-table__column andes-table__column--left andes-table__column--vertical-align-center ui-pdp-specs__table__column\"><span id=\":R19esqk9im:-value\" class=\"andes-table__column--value\">Innova<\/span><\/td>\n<\/tr>\n<tr class=\"andes-table__row\">\n<th class=\"andes-table__header andes-table__header--left ui-pdp-specs__table__column ui-pdp-specs__table__column-title\" scope=\"row\">\n<div class=\"andes-table__header__container\">Modelo<\/div>\n<\/th>\n<td id=\":R19msqk9im:\" class=\"andes-table__column andes-table__column--left andes-table__column--vertical-align-center ui-pdp-specs__table__column\"><span id=\":R19msqk9im:-value\" class=\"andes-table__column--value\">Multimetro Automotriz Digital Auto Rango<\/span><\/td>\n<\/tr>\n<\/tbody>\n<\/table>\n<\/div>\n<div class=\"ui-pdp-specs-groups-collapsable ui-pdp-specs\">\n<h3 class=\"ui-pdp-specs__subtitle\">Alimentaci\u00f3n<\/h3>\n<div class=\"ui-pdp-list ui-pdp-specs__list\">\n<ul class=\"ui-pdp-list__wrapper\">\n<li class=\"ui-pdp-list__item\">\n<p class=\"ui-pdp-family--REGULAR ui-pdp-list__text\"><span class=\"ui-pdp-color--BLACK ui-pdp-size--XSMALL ui-pdp-family--BOLD\">Tipos de alimentaci\u00f3n<\/span>: 2 BATERIAS \u00abAA\u00bb<\/p>\n<\/li>\n<\/ul>\n<\/div>\n<h3 class=\"ui-pdp-specs-groups-collapsable__subtitle\">Otros<\/h3>\n<div class=\"ui-pdp-list ui-pdp-specs-groups-collapsable__list\">\n<ul class=\"ui-pdp-list__wrapper\">\n<li class=\"ui-pdp-list__item\">\n<p class=\"ui-pdp-family--REGULAR ui-pdp-list__text\"><span class=\"ui-pdp-color--BLACK ui-pdp-size--XSMALL ui-pdp-family--BOLD\">Tipo de pantalla<\/span>: Digital<\/p>\n<\/li>\n<li class=\"ui-pdp-list__item\">\n<p class=\"ui-pdp-family--REGULAR ui-pdp-list__text\"><span class=\"ui-pdp-color--BLACK ui-pdp-size--XSMALL ui-pdp-family--BOLD\">Tensi\u00f3n m\u00e1xima CA<\/span>: 600V<\/p>\n<\/li>\n<\/ul>\n<ul class=\"ui-pdp-list__wrapper\">\n<li class=\"ui-pdp-list__item\">\n<p class=\"ui-pdp-family--REGULAR ui-pdp-list__text\"><span class=\"ui-pdp-color--BLACK ui-pdp-size--XSMALL ui-pdp-family--BOLD\">Tensi\u00f3n m\u00e1xima CC<\/span>: 600V<\/p>\n<\/li>\n<li class=\"ui-pdp-list__item\">\n<p class=\"ui-pdp-family--REGULAR ui-pdp-list__text\"><span class=\"ui-pdp-color--BLACK ui-pdp-size--XSMALL ui-pdp-family--BOLD\">Corriente m\u00e1xima CA<\/span>: 200 mA<\/p>\n<\/li>\n<\/ul>\n<ul class=\"ui-pdp-list__wrapper\">\n<li class=\"ui-pdp-list__item\">\n<p class=\"ui-pdp-family--REGULAR ui-pdp-list__text\"><span class=\"ui-pdp-color--BLACK ui-pdp-size--XSMALL ui-pdp-family--BOLD\">Corriente m\u00e1xima CC<\/span>: 10 A<\/p>\n<\/li>\n<li class=\"ui-pdp-list__item\">\n<p class=\"ui-pdp-family--REGULAR ui-pdp-list__text\"><span class=\"ui-pdp-color--BLACK ui-pdp-size--XSMALL ui-pdp-family--BOLD\">Frecuencia m\u00e1xima<\/span>: 400 Hz<\/p>\n<\/li>\n<\/ul>\n<ul class=\"ui-pdp-list__wrapper\">\n<li class=\"ui-pdp-list__item\">\n<p class=\"ui-pdp-family--REGULAR ui-pdp-list__text\"><span class=\"ui-pdp-color--BLACK ui-pdp-size--XSMALL ui-pdp-family--BOLD\">Altura x Ancho x Largo<\/span>: 12 cm x 7 cm x 4 cm<\/p>\n<\/li>\n<li class=\"ui-pdp-list__item\">\n<p class=\"ui-pdp-family--REGULAR ui-pdp-list__text\"><span class=\"ui-pdp-color--BLACK ui-pdp-size--XSMALL ui-pdp-family--BOLD\">Peso<\/span>: 0.3 kg<\/p>\n<\/li>\n<\/ul>\n<ul class=\"ui-pdp-list__wrapper\">\n<li class=\"ui-pdp-list__item\">\n<p class=\"ui-pdp-family--REGULAR ui-pdp-list__text\"><span class=\"ui-pdp-color--BLACK ui-pdp-size--XSMALL ui-pdp-family--BOLD\">Es a prueba de agua<\/span>: No<\/p>\n<\/li>\n<\/ul>\n<\/div>\n<\/div>\n","protected":false},"featured_media":552,"template":"","meta":{"saved_in_kubio":false},"product_cat":[28],"product_tag":[],"class_list":{"0":"post-551","1":"product","2":"type-product","3":"status-publish","4":"has-post-thumbnail","6":"product_cat-multimetros","8":"first","9":"instock","10":"shipping-taxable","11":"product-type-simple"},"_links":{"self":[{"href":"https:\/\/automotiveleon.com.mx\/index.php\/wp-json\/wp\/v2\/product\/551","targetHints":{"allow":["GET"]}}],"collection":[{"href":"https:\/\/automotiveleon.com.mx\/index.php\/wp-json\/wp\/v2\/product"}],"about":[{"href":"https:\/\/automotiveleon.com.mx\/index.php\/wp-json\/wp\/v2\/types\/product"}],"wp:featuredmedia":[{"embeddable":true,"href":"https:\/\/automotiveleon.com.mx\/index.php\/wp-json\/wp\/v2\/media\/552"}],"wp:attachment":[{"href":"https:\/\/automotiveleon.com.mx\/index.php\/wp-json\/wp\/v2\/media?parent=551"}],"wp:term":[{"taxonomy":"product_cat","embeddable":true,"href":"https:\/\/automotiveleon.com.mx\/index.php\/wp-json\/wp\/v2\/product_cat?post=551"},{"taxonomy":"product_tag","embeddable":true,"href":"https:\/\/automotiveleon.com.mx\/index.php\/wp-json\/wp\/v2\/product_tag?post=551"}],"curies":[{"name":"wp","href":"https:\/\/api.w.org\/{rel}","templated":true}]}}