{"id":546,"date":"2024-10-24T06:20:34","date_gmt":"2024-10-24T06:20:34","guid":{"rendered":"https:\/\/automotiveleon.com.mx\/?post_type=product&#038;p=546"},"modified":"2024-10-24T06:20:34","modified_gmt":"2024-10-24T06:20:34","slug":"otc-5613-vacuometro-manometro-para-vacio","status":"publish","type":"product","link":"https:\/\/automotiveleon.com.mx\/index.php\/producto\/otc-5613-vacuometro-manometro-para-vacio\/","title":{"rendered":"Otc 5613 Vacu\u00f3metro, Man\u00f3metro Para Vac\u00edo"},"content":{"rendered":"<p>Otc 5613 Vacuometro, Manometro Para Vacio<\/p>\n<p>Acerca de este art\u00edculo<br \/>\nKit ideal para probar l\u00edneas de vac\u00edo y componentes<br \/>\nPruebas con precisi\u00f3n los sistemas de combustible de baja presi\u00f3n<br \/>\nDiagnostica r\u00e1pidamente problemas internos del motor, como v\u00e1lvulas de anillos defectuosos y juntas de cabeza con fugas<br \/>\nIdentificar problemas dif\u00edciles de encontrar como l\u00edneas agrietadas<br \/>\nEl kit viene completo con adaptadores para la mayor\u00eda de las aplicaciones; resistente funda r\u00edgida moldeada por soplado con tapa extra\u00edble mantiene el contenido protegido y seguro cuando no est\u00e1 en uso<\/p>\n","protected":false},"excerpt":{"rendered":"<h2>Otc 5613 Vacu\u00f3metro, Man\u00f3metro Para Vac\u00edo<\/h2>\n<table class=\"andes-table\">\n<tbody class=\"andes-table__body\">\n<tr class=\"andes-table__row\">\n<th class=\"andes-table__header andes-table__header--left ui-pdp-specs__table__column ui-pdp-specs__table__column-title\" scope=\"row\">\n<div class=\"andes-table__header__container\">Marca<\/div>\n<\/th>\n<td id=\":R19esqk9im:\" class=\"andes-table__column andes-table__column--left andes-table__column--vertical-align-center ui-pdp-specs__table__column\"><span id=\":R19esqk9im:-value\" class=\"andes-table__column--value\">OTC<\/span><\/td>\n<\/tr>\n<tr class=\"andes-table__row\">\n<th class=\"andes-table__header andes-table__header--left ui-pdp-specs__table__column ui-pdp-specs__table__column-title\" scope=\"row\">\n<div class=\"andes-table__header__container\">Modelo<\/div>\n<\/th>\n<td id=\":R19msqk9im:\" class=\"andes-table__column andes-table__column--left andes-table__column--vertical-align-center ui-pdp-specs__table__column\"><span id=\":R19msqk9im:-value\" class=\"andes-table__column--value\">5613<\/span><\/td>\n<\/tr>\n<\/tbody>\n<\/table>\n","protected":false},"featured_media":547,"template":"","meta":{"saved_in_kubio":false},"product_cat":[28],"product_tag":[],"class_list":{"0":"post-546","1":"product","2":"type-product","3":"status-publish","4":"has-post-thumbnail","6":"product_cat-multimetros","8":"first","9":"instock","10":"shipping-taxable","11":"product-type-simple"},"_links":{"self":[{"href":"https:\/\/automotiveleon.com.mx\/index.php\/wp-json\/wp\/v2\/product\/546","targetHints":{"allow":["GET"]}}],"collection":[{"href":"https:\/\/automotiveleon.com.mx\/index.php\/wp-json\/wp\/v2\/product"}],"about":[{"href":"https:\/\/automotiveleon.com.mx\/index.php\/wp-json\/wp\/v2\/types\/product"}],"wp:featuredmedia":[{"embeddable":true,"href":"https:\/\/automotiveleon.com.mx\/index.php\/wp-json\/wp\/v2\/media\/547"}],"wp:attachment":[{"href":"https:\/\/automotiveleon.com.mx\/index.php\/wp-json\/wp\/v2\/media?parent=546"}],"wp:term":[{"taxonomy":"product_cat","embeddable":true,"href":"https:\/\/automotiveleon.com.mx\/index.php\/wp-json\/wp\/v2\/product_cat?post=546"},{"taxonomy":"product_tag","embeddable":true,"href":"https:\/\/automotiveleon.com.mx\/index.php\/wp-json\/wp\/v2\/product_tag?post=546"}],"curies":[{"name":"wp","href":"https:\/\/api.w.org\/{rel}","templated":true}]}}