{"id":532,"date":"2024-10-24T06:18:59","date_gmt":"2024-10-24T06:18:59","guid":{"rendered":"https:\/\/automotiveleon.com.mx\/?post_type=product&#038;p=532"},"modified":"2024-10-24T06:18:59","modified_gmt":"2024-10-24T06:18:59","slug":"tacometro-automotriz-digital-universal-mgt300evo-brainbee","status":"publish","type":"product","link":"https:\/\/automotiveleon.com.mx\/index.php\/producto\/tacometro-automotriz-digital-universal-mgt300evo-brainbee\/","title":{"rendered":"Tac\u00f3metro Automotriz Digital Universal Mgt300evo Brainbee"},"content":{"rendered":"<p>MGT-300 EVO: contador de revoluciones universal para motores de gasolina y di\u00e9sel que transfiere los valores registrados al receptor mediante bluetooth o usb. Registra las revoluciones a trav\u00e9s de los arm\u00f3nicos de la se\u00f1al de carga de bater\u00eda del coche o con el sensor de vibraci\u00f3n magn\u00e9tico. Adem\u00e1s, mide la temperatura del motor con el sensor de temperatura est\u00e1ndar. El sensor opcional EOBD-300 permite el registro del r\u00e9gimen del motor mediante la interfaz OBD por Bluetooth.<\/p>\n<p>Universal:<br \/>\nCaptura las revoluciones utilizando los arm\u00f3nicos de la se\u00f1al de carga de bater\u00eda del veh\u00edculo o mediante el sensor de vibraci\u00f3n magn\u00e9tico, y la temperatura del motor con el sensor de temperatura est\u00e1ndar. La bater\u00eda recargable integrada elimina la necesidad de cables al usar el sensor de vibraci\u00f3n magn\u00e9tico. El software intuitivo proporciona informaci\u00f3n detallada y organizada sobre la calidad de la se\u00f1al, la lectura actual y la calidad de transmisi\u00f3n de las se\u00f1ales al receptor.<\/p>\n<p>Opciones de registro de se\u00f1al:<\/p>\n<p>&#8211; Sensor de vibraci\u00f3n<br \/>\n&#8211; Arm\u00f3nicos del alternador<br \/>\n&#8211; Conector EOBD para la velocidad y la temperatura<\/p>\n<p>Accesorios: SG-030<br \/>\nLa sonda SG-030, dise\u00f1ada para motocicletas, captura las rpm mediante mediciones fotom\u00e9tricas y es altamente precisa, adecuada para su uso en condiciones exigentes, como en camiones.<\/p>\n","protected":false},"excerpt":{"rendered":"<h2>Tac\u00f3metro Automotriz Digital Universal Mgt300evo Brainbee<\/h2>\n<table class=\"andes-table\">\n<tbody class=\"andes-table__body\">\n<tr class=\"andes-table__row\">\n<th class=\"andes-table__header andes-table__header--left ui-pdp-specs__table__column ui-pdp-specs__table__column-title\" scope=\"row\">\n<div class=\"andes-table__header__container\">Marca<\/div>\n<\/th>\n<td id=\":Rabt4basm:\" class=\"andes-table__column andes-table__column--left andes-table__column--vertical-align-center ui-pdp-specs__table__column\"><span id=\":Rabt4basm:-value\" class=\"andes-table__column--value\">Brainbee<\/span><\/td>\n<\/tr>\n<tr class=\"andes-table__row\">\n<th class=\"andes-table__header andes-table__header--left ui-pdp-specs__table__column ui-pdp-specs__table__column-title\" scope=\"row\">\n<div class=\"andes-table__header__container\">Modelo<\/div>\n<\/th>\n<td id=\":Radt4basm:\" class=\"andes-table__column andes-table__column--left andes-table__column--vertical-align-center ui-pdp-specs__table__column\"><span id=\":Radt4basm:-value\" class=\"andes-table__column--value\">MGT300EVO<\/span><\/td>\n<\/tr>\n<\/tbody>\n<\/table>\n","protected":false},"featured_media":533,"template":"","meta":{"saved_in_kubio":false},"product_cat":[28],"product_tag":[],"class_list":{"0":"post-532","1":"product","2":"type-product","3":"status-publish","4":"has-post-thumbnail","6":"product_cat-multimetros","8":"first","9":"instock","10":"shipping-taxable","11":"product-type-simple"},"_links":{"self":[{"href":"https:\/\/automotiveleon.com.mx\/index.php\/wp-json\/wp\/v2\/product\/532","targetHints":{"allow":["GET"]}}],"collection":[{"href":"https:\/\/automotiveleon.com.mx\/index.php\/wp-json\/wp\/v2\/product"}],"about":[{"href":"https:\/\/automotiveleon.com.mx\/index.php\/wp-json\/wp\/v2\/types\/product"}],"wp:featuredmedia":[{"embeddable":true,"href":"https:\/\/automotiveleon.com.mx\/index.php\/wp-json\/wp\/v2\/media\/533"}],"wp:attachment":[{"href":"https:\/\/automotiveleon.com.mx\/index.php\/wp-json\/wp\/v2\/media?parent=532"}],"wp:term":[{"taxonomy":"product_cat","embeddable":true,"href":"https:\/\/automotiveleon.com.mx\/index.php\/wp-json\/wp\/v2\/product_cat?post=532"},{"taxonomy":"product_tag","embeddable":true,"href":"https:\/\/automotiveleon.com.mx\/index.php\/wp-json\/wp\/v2\/product_tag?post=532"}],"curies":[{"name":"wp","href":"https:\/\/api.w.org\/{rel}","templated":true}]}}