{"id":530,"date":"2024-10-24T06:02:20","date_gmt":"2024-10-24T06:02:20","guid":{"rendered":"https:\/\/automotiveleon.com.mx\/?post_type=product&#038;p=530"},"modified":"2024-10-24T06:02:20","modified_gmt":"2024-10-24T06:02:20","slug":"fuente-de-voltaje-y-estabilizador-programador-ecu-launch","status":"publish","type":"product","link":"https:\/\/automotiveleon.com.mx\/index.php\/producto\/fuente-de-voltaje-y-estabilizador-programador-ecu-launch\/","title":{"rendered":"Fuente De Voltaje Y Estabilizador Programador Ecu Launch"},"content":{"rendered":"<p>LAUNCH PFP-100 Programming Flash Power es una herramienta imprescindible para el diagn\u00f3stico de veh\u00edculos. Puede prevenir fallas y anormalidades durante el proceso de programaci\u00f3n debido al bajo voltaje.<\/p>\n<p>5 modos de protecci\u00f3n: protecci\u00f3n inversa, protecci\u00f3n contra cortocircuitos, protecci\u00f3n contra bajo voltaje, protecci\u00f3n contra sobrecalentamiento, protecci\u00f3n contra sobrecargas, rectificaci\u00f3n s\u00edncrona (solo 220 V)<\/p>\n<p>Modo normal: seleccione el modo de carga seg\u00fan la posici\u00f3n de la bater\u00eda del veh\u00edculo (interior o exterior)<\/p>\n<p>Modo Exhibici\u00f3n: Para carga continua con baja corriente en salas de exhibici\u00f3n<\/p>\n<p>Modo de programaci\u00f3n: proporciona una fuente de voltaje estable para el autom\u00f3vil que necesita programaci\u00f3n o decodificaci\u00f3n, desde 12 V a 16 V.<\/p>\n<p>Modo de reparaci\u00f3n oculta: indica si la bater\u00eda debe repararse o no. Trabaja con varias bater\u00edas, como bater\u00eda AGM, bater\u00eda de gel.<\/p>\n<p>Especificaci\u00f3n<br \/>\nVoltaje de entrada: 110V \/ 220V<br \/>\nFuerza: 1200W<br \/>\nM\u00e1x. Actual: 100A<br \/>\nVoltaje de carga: 12V<br \/>\nModo de programaci\u00f3n: 2~16V \/ 2~200A MAH 10~1200Ah<br \/>\nDimensi\u00f3n: 430,5*392,5*130mm<br \/>\nLongitud del cable el\u00e9ctrico: 3m<br \/>\nPeso : 8,5 kilos<\/p>\n","protected":false},"excerpt":{"rendered":"<h2 class=\"ui-pdp-title\">Fuente De Voltaje Y Estabilizador Programador Ecu Launch<\/h2>\n<div class=\"ui-pdp-specs__table\">\n<table class=\"andes-table\">\n<tbody class=\"andes-table__body\">\n<tr class=\"andes-table__row\">\n<th class=\"andes-table__header andes-table__header--left ui-pdp-specs__table__column ui-pdp-specs__table__column-title\" scope=\"row\">\n<div class=\"andes-table__header__container\">Marca de la fuente<\/div>\n<\/th>\n<td id=\":R2iesqk9im:\" class=\"andes-table__column andes-table__column--left andes-table__column--vertical-align-center ui-pdp-specs__table__column\"><span id=\":R2iesqk9im:-value\" class=\"andes-table__column--value\">Launch<\/span><\/td>\n<\/tr>\n<tr class=\"andes-table__row\">\n<th class=\"andes-table__header andes-table__header--left ui-pdp-specs__table__column ui-pdp-specs__table__column-title\" scope=\"row\">\n<div class=\"andes-table__header__container\">Modelo de la fuente<\/div>\n<\/th>\n<td id=\":R2imsqk9im:\" class=\"andes-table__column andes-table__column--left andes-table__column--vertical-align-center ui-pdp-specs__table__column\"><span id=\":R2imsqk9im:-value\" class=\"andes-table__column--value\">LAU-307070035<\/span><\/td>\n<\/tr>\n<tr class=\"andes-table__row\">\n<th class=\"andes-table__header andes-table__header--left ui-pdp-specs__table__column ui-pdp-specs__table__column-title\" scope=\"row\">\n<div class=\"andes-table__header__container\">Potencia de salida<\/div>\n<\/th>\n<td id=\":R2iusqk9im:\" class=\"andes-table__column andes-table__column--left andes-table__column--vertical-align-center ui-pdp-specs__table__column\"><span id=\":R2iusqk9im:-value\" class=\"andes-table__column--value\">1200 W<\/span><\/td>\n<\/tr>\n<tr class=\"andes-table__row\">\n<th class=\"andes-table__header andes-table__header--left ui-pdp-specs__table__column ui-pdp-specs__table__column-title\" scope=\"row\">\n<div class=\"andes-table__header__container\">Voltaje<\/div>\n<\/th>\n<td id=\":R2j6sqk9im:\" class=\"andes-table__column andes-table__column--left andes-table__column--vertical-align-center ui-pdp-specs__table__column\"><span id=\":R2j6sqk9im:-value\" class=\"andes-table__column--value\">127\/220V<\/span><\/td>\n<\/tr>\n<\/tbody>\n<\/table>\n<\/div>\n<h3 class=\"ui-pdp-specs__subtitle\">Otros<\/h3>\n<div class=\"ui-pdp-list ui-pdp-specs__list\">\n<ul class=\"ui-pdp-list__wrapper\">\n<li class=\"ui-pdp-list__item\">\n<p class=\"ui-pdp-family--REGULAR ui-pdp-list__text\"><span class=\"ui-pdp-color--BLACK ui-pdp-size--XSMALL ui-pdp-family--BOLD\">Tipo de refrigeraci\u00f3n<\/span>: Por aire<\/p>\n<\/li>\n<li class=\"ui-pdp-list__item\">\n<p class=\"ui-pdp-family--REGULAR ui-pdp-list__text\"><span class=\"ui-pdp-color--BLACK ui-pdp-size--XSMALL ui-pdp-family--BOLD\">Con protecci\u00f3n de bajo voltaje<\/span>: S\u00ed<\/p>\n<\/li>\n<\/ul>\n<ul class=\"ui-pdp-list__wrapper\">\n<li class=\"ui-pdp-list__item\">\n<p class=\"ui-pdp-family--REGULAR ui-pdp-list__text\"><span class=\"ui-pdp-color--BLACK ui-pdp-size--XSMALL ui-pdp-family--BOLD\">Con iluminaci\u00f3n RGB<\/span>: No<\/p>\n<\/li>\n<li class=\"ui-pdp-list__item\">\n<p class=\"ui-pdp-family--REGULAR ui-pdp-list__text\"><span class=\"ui-pdp-color--BLACK ui-pdp-size--XSMALL ui-pdp-family--BOLD\">Di\u00e1metro del ventilador<\/span>: 10 cm<\/p>\n<\/li>\n<\/ul>\n<\/div>\n","protected":false},"featured_media":531,"template":"","meta":{"saved_in_kubio":false},"product_cat":[27],"product_tag":[],"class_list":{"0":"post-530","1":"product","2":"type-product","3":"status-publish","4":"has-post-thumbnail","6":"product_cat-launch","8":"first","9":"instock","10":"shipping-taxable","11":"product-type-simple"},"_links":{"self":[{"href":"https:\/\/automotiveleon.com.mx\/index.php\/wp-json\/wp\/v2\/product\/530","targetHints":{"allow":["GET"]}}],"collection":[{"href":"https:\/\/automotiveleon.com.mx\/index.php\/wp-json\/wp\/v2\/product"}],"about":[{"href":"https:\/\/automotiveleon.com.mx\/index.php\/wp-json\/wp\/v2\/types\/product"}],"wp:featuredmedia":[{"embeddable":true,"href":"https:\/\/automotiveleon.com.mx\/index.php\/wp-json\/wp\/v2\/media\/531"}],"wp:attachment":[{"href":"https:\/\/automotiveleon.com.mx\/index.php\/wp-json\/wp\/v2\/media?parent=530"}],"wp:term":[{"taxonomy":"product_cat","embeddable":true,"href":"https:\/\/automotiveleon.com.mx\/index.php\/wp-json\/wp\/v2\/product_cat?post=530"},{"taxonomy":"product_tag","embeddable":true,"href":"https:\/\/automotiveleon.com.mx\/index.php\/wp-json\/wp\/v2\/product_tag?post=530"}],"curies":[{"name":"wp","href":"https:\/\/api.w.org\/{rel}","templated":true}]}}