{"id":528,"date":"2024-10-24T06:00:33","date_gmt":"2024-10-24T06:00:33","guid":{"rendered":"https:\/\/automotiveleon.com.mx\/?post_type=product&#038;p=528"},"modified":"2024-10-24T06:00:33","modified_gmt":"2024-10-24T06:00:33","slug":"adaptador-para-programador-xprog3-conexion-a-pc-launch","status":"publish","type":"product","link":"https:\/\/automotiveleon.com.mx\/index.php\/producto\/adaptador-para-programador-xprog3-conexion-a-pc-launch\/","title":{"rendered":"Adaptador Para Programador Xprog3 Conexi\u00f3n A Pc Launch"},"content":{"rendered":"<p>Adaptador para usar el programador Xprog3 con la PC sin necesidad de utilizar un escaner automotriz X431.<\/p>\n<p>1. Se utiliza junto con el programador de m\u00f3dulos X-PROG3<br \/>\n2. Men\u00fa 2D, claro y f\u00e1cil de elegir<br \/>\n3. Potente funci\u00f3n de b\u00fasqueda<br \/>\n4. Modificaci\u00f3n conveniente de los datos de la ECU<br \/>\n5. Comunicaci\u00f3n USB, con una velocidad m\u00e1s de tres veces mayor que la de los dispositivos Android, lo que la hace m\u00e1s estable<br \/>\n6. Datos f\u00e1ciles de copiar<br \/>\n7. Admite la funci\u00f3n de validaci\u00f3n de datos del motor.<\/p>\n<p>Descripci\u00f3n de la interfaz del software de PC:<\/p>\n<p>En primer lugar, conecte el ADAPTADOR PARA PC X-PRO G3 a la computadora mediante un cable y luego conecte el ADAPTADOR PARA PC X-PROG3 al G3. En segundo lugar, haga clic para ingresar al software (sin conectar el ADAPTADOR PARA PC X-PROG3 y el G3, no se podr\u00e1 acceder al software). El n\u00famero de serie ser\u00e1 reconocido autom\u00e1ticamente desde el ADAPTADOR PARA PC X-PROG3. El c\u00f3digo de activaci\u00f3n debe obtenerse del sobre del ADAPTADOR PARA PC X-PROG3. En tercer lugar, haga clic en [Activaci\u00f3n] (solo una vez, no es necesario activarlo nuevamente m\u00e1s tarde)<\/p>\n<p>I. Lectura\/escritura de datos ECU<\/p>\n<p>1. Obtenga la ECU relacionada.<\/p>\n<p>M\u00e9todo 1: Obtenga el tipo de ECU deseado a trav\u00e9s de marca &gt; modelo &gt; motor &gt; ECU a su vez<\/p>\n<p>M\u00e9todo 2: consulte la ECU deseada ingresando un valor en el cuadro de b\u00fasqueda. Las categor\u00edas de b\u00fasqueda incluyen marca, n\u00famero de Bosch y tipo de ECU. Por ejemplo, busque el motor MED17.5.25 por tipo de ECU<\/p>\n<p>Conexi\u00f3n: Conecte la ECU y la PCBOX seg\u00fan la informaci\u00f3n proporcionada en el diagrama de conexi\u00f3n. El diagrama de conexi\u00f3n f\u00edsica de MED17.5.25 (usando la l\u00ednea de modo BANCO) se muestra en la Figura 5, y el diagrama de conexi\u00f3n f\u00edsica usando el adaptador de caja de cambios<\/p>\n<p>Lista de soporte (junio 2023):<br \/>\nEDC16XX ECM Soporte Bosch<br \/>\nEDC17XX ECM Soporte Bosch<br \/>\nMD1CSXXX ECM Soporte de Bosch<br \/>\nMD1CPXXX ECM Soporte de Bosch<br \/>\nME17.X.X ECM Soporte Bosch<br \/>\nMED17.X.X ECM Soporte de Bosch<br \/>\nMED9.X.X ECM Soporte de Bosch<br \/>\nMEV17.X.X ECM Soporte Bosch<br \/>\nMEVD17.X.X ECM Soporte Bosch<br \/>\nMG1CSXXX ECM Soporte Bosch<br \/>\nMG1CPXXX ECM Soporte Bosch<br \/>\nMSDXX ECM CONTINENTAL\/SIEMENS<br \/>\nMSVXX ECM CONTINENTAL\/SIEMENS<br \/>\nSoporte continental de SDIX ECM<br \/>\nSoporte GM EXX\/TXX ECM DELCO<br \/>\nSoporte continental del ECM SIM271XX<br \/>\nSIMOS12.X ECM Continental No es compatible<br \/>\nSoporte continental SIMOS8.X ECM<br \/>\nSIMOS-PCR2.X ECM Continental No es compatible<br \/>\nSoporte 6HPXX TCM ZF<br \/>\nSoporte 8HPXX TCM ZF<br \/>\nSoporte 7DCT300 TCM ZF<br \/>\nSoporte T\u00e9cnico 9G Tronic TCM Bosch<br \/>\nALXXX TCM ZF<br \/>\nSoporte TCXX TCM Bosch<br \/>\nSoporte DPS6\/DC4 TCM GETRAG<br \/>\nSoporte DKG TCM GETRAG<br \/>\nSoporte t\u00e9cnico DLXXX TCM<br \/>\nSoporte t\u00e9cnico DQXXX TCM<br \/>\nSoporte MPS6 TCM GETRAG<br \/>\nSoporte SPS6 TCM GETRAG<br \/>\nSoporte VGSX TCM GETRAG<br \/>\nSoporte t\u00e9cnico VL381 TCM<br \/>\nSoporte para GM 6TXX\/6LXX TCM DELCO<br \/>\nMEDG17.9.8 TCM Soporte de Bosch<br \/>\nMEG17.9.2 TCM Soporte Bosch<\/p>\n","protected":false},"excerpt":{"rendered":"<h2 class=\"ui-pdp-title\">Adaptador Para Programador Xprog3 Conexi\u00f3n A Pc Launch<\/h2>\n<div class=\"ui-pdp-specs__table\">\n<table class=\"andes-table\">\n<tbody class=\"andes-table__body\">\n<tr class=\"andes-table__row\">\n<th class=\"andes-table__header andes-table__header--left ui-pdp-specs__table__column ui-pdp-specs__table__column-title\" scope=\"row\">\n<div class=\"andes-table__header__container\">Marca<\/div>\n<\/th>\n<td id=\":R19esqk9im:\" class=\"andes-table__column andes-table__column--left andes-table__column--vertical-align-center ui-pdp-specs__table__column\"><span id=\":R19esqk9im:-value\" class=\"andes-table__column--value\">Launch<\/span><\/td>\n<\/tr>\n<tr class=\"andes-table__row\">\n<th class=\"andes-table__header andes-table__header--left ui-pdp-specs__table__column ui-pdp-specs__table__column-title\" scope=\"row\">\n<div class=\"andes-table__header__container\">Modelo<\/div>\n<\/th>\n<td id=\":R19msqk9im:\" class=\"andes-table__column andes-table__column--left andes-table__column--vertical-align-center ui-pdp-specs__table__column\"><span id=\":R19msqk9im:-value\" class=\"andes-table__column--value\">X-PROG3 PC<\/span><\/td>\n<\/tr>\n<tr class=\"andes-table__row\">\n<th class=\"andes-table__header andes-table__header--left ui-pdp-specs__table__column ui-pdp-specs__table__column-title\" scope=\"row\">\n<div class=\"andes-table__header__container\">N\u00famero de parte<\/div>\n<\/th>\n<td id=\":R19usqk9im:\" class=\"andes-table__column andes-table__column--left andes-table__column--vertical-align-center ui-pdp-specs__table__column\"><span id=\":R19usqk9im:-value\" class=\"andes-table__column--value\">LAU-307110093<\/span><\/td>\n<\/tr>\n<\/tbody>\n<\/table>\n<\/div>\n<h3 class=\"ui-pdp-specs__subtitle\">Otros<\/h3>\n<div class=\"ui-pdp-list ui-pdp-specs__list\">\n<ul class=\"ui-pdp-list__wrapper\">\n<li class=\"ui-pdp-list__item\">\n<p class=\"ui-pdp-family--REGULAR ui-pdp-list__text\"><span class=\"ui-pdp-color--BLACK ui-pdp-size--XSMALL ui-pdp-family--BOLD\">Incluye cable<\/span>: S\u00ed<\/p>\n<\/li>\n<li class=\"ui-pdp-list__item\">\n<p class=\"ui-pdp-family--REGULAR ui-pdp-list__text\"><span class=\"ui-pdp-color--BLACK ui-pdp-size--XSMALL ui-pdp-family--BOLD\">Idioma<\/span>: Espa\u00f1ol<\/p>\n<\/li>\n<\/ul>\n<\/div>\n","protected":false},"featured_media":529,"template":"","meta":{"saved_in_kubio":false},"product_cat":[27],"product_tag":[],"class_list":{"0":"post-528","1":"product","2":"type-product","3":"status-publish","4":"has-post-thumbnail","6":"product_cat-launch","8":"first","9":"instock","10":"shipping-taxable","11":"product-type-simple"},"_links":{"self":[{"href":"https:\/\/automotiveleon.com.mx\/index.php\/wp-json\/wp\/v2\/product\/528","targetHints":{"allow":["GET"]}}],"collection":[{"href":"https:\/\/automotiveleon.com.mx\/index.php\/wp-json\/wp\/v2\/product"}],"about":[{"href":"https:\/\/automotiveleon.com.mx\/index.php\/wp-json\/wp\/v2\/types\/product"}],"wp:featuredmedia":[{"embeddable":true,"href":"https:\/\/automotiveleon.com.mx\/index.php\/wp-json\/wp\/v2\/media\/529"}],"wp:attachment":[{"href":"https:\/\/automotiveleon.com.mx\/index.php\/wp-json\/wp\/v2\/media?parent=528"}],"wp:term":[{"taxonomy":"product_cat","embeddable":true,"href":"https:\/\/automotiveleon.com.mx\/index.php\/wp-json\/wp\/v2\/product_cat?post=528"},{"taxonomy":"product_tag","embeddable":true,"href":"https:\/\/automotiveleon.com.mx\/index.php\/wp-json\/wp\/v2\/product_tag?post=528"}],"curies":[{"name":"wp","href":"https:\/\/api.w.org\/{rel}","templated":true}]}}