{"id":517,"date":"2024-10-24T05:57:16","date_gmt":"2024-10-24T05:57:16","guid":{"rendered":"https:\/\/automotiveleon.com.mx\/?post_type=product&#038;p=517"},"modified":"2024-10-24T05:57:16","modified_gmt":"2024-10-24T05:57:16","slug":"launch-i-tpms-pro-herramienta-tpms-para-x431-pro-android","status":"publish","type":"product","link":"https:\/\/automotiveleon.com.mx\/index.php\/producto\/launch-i-tpms-pro-herramienta-tpms-para-x431-pro-android\/","title":{"rendered":"Launch I-tpms Pro Herramienta Tpms Para X431 Pro &#038; Android"},"content":{"rendered":"<p>LAUNCH i-TPMS HERRAMIENTA DE PROGRAMACION &amp; ACTIVACION MODULAR TPMS<br \/>\n&#8211; EQUIPO ORIGINAL CON GARANTIA Y SOPORTE EN MEXICO &#8211;<\/p>\n<p>Marca: LAUNCH Tech Co., LTD<br \/>\nModelo: Nuevo 2024 !!!<br \/>\nPeso: 360 Gramos<br \/>\nLenguaje: Espa\u00f1ol<br \/>\nGarant\u00eda: 1 A\u00f1o<br \/>\nCompatible con: X431 Pro SE, X431 Pro3 SE, X431 Pro3 Link, X431, X431 Pad V Link y X431 Pad VII Link o Dispositivo Inteligente con Sistema Operativo Android descargado la APP.<\/p>\n<p>Descripci\u00f3n:<br \/>\nEl i-TPMS proporciona servicios TPMS profesionales y completos para que los talleres de reparaci\u00f3n desarrollen su negocio TPMS. Puede programar sensores LAUNCH LTR RF por tiempo ilimitado para reemplazar sensores OE. Los datos del sensor se pueden leer de forma instant\u00e1nea y precisa, incluyendo el ID del sensor, la presi\u00f3n de los neum\u00e1ticos, la temperatura de los neum\u00e1ticos, el estado de la bater\u00eda, etc.<\/p>\n<p>Compatible con m\u00e1s del 98% de los sensores OEM en 315MHz y 433MHz.<br \/>\nAmpl\u00ede sus herramientas de escaneo X-431 para respaldar el servicio de neum\u00e1ticos.<br \/>\nDiagnosticar fallas en la presi\u00f3n de los neum\u00e1ticos, incluida la lectura y borrado de DTC, etc.<br \/>\nEl estado de TPMS se muestra sincr\u00f3nicamente en la herramienta diagn\u00f3stico.<br \/>\nActive y combine todos los sensores de 315 MHz o 433 MHz.<br \/>\nLas instrucciones de aprendizaje de la presi\u00f3n de los neum\u00e1ticos integradas facilitan el funcionamiento.<\/p>\n<p>Ampl\u00ede su negocio, generando sensores universales para la venta de repuestos multimarca, directamente de su dispositivo Android.<\/p>\n","protected":false},"excerpt":{"rendered":"<h2 class=\"ui-pdp-title\">Launch I-tpms Pro Herramienta Tpms Para X431 Pro &amp; Android<\/h2>\n<div class=\"ui-pdp-specs__table\">\n<table class=\"andes-table\">\n<tbody class=\"andes-table__body\">\n<tr class=\"andes-table__row\">\n<th class=\"andes-table__header andes-table__header--left ui-pdp-specs__table__column ui-pdp-specs__table__column-title\" scope=\"row\">\n<div class=\"andes-table__header__container\">Marca<\/div>\n<\/th>\n<td id=\":R19esqk9im:\" class=\"andes-table__column andes-table__column--left andes-table__column--vertical-align-center ui-pdp-specs__table__column\"><span id=\":R19esqk9im:-value\" class=\"andes-table__column--value\">Launch<\/span><\/td>\n<\/tr>\n<tr class=\"andes-table__row\">\n<th class=\"andes-table__header andes-table__header--left ui-pdp-specs__table__column ui-pdp-specs__table__column-title\" scope=\"row\">\n<div class=\"andes-table__header__container\">Modelo<\/div>\n<\/th>\n<td id=\":R19msqk9im:\" class=\"andes-table__column andes-table__column--left andes-table__column--vertical-align-center ui-pdp-specs__table__column\"><span id=\":R19msqk9im:-value\" class=\"andes-table__column--value\">i-TPMS<\/span><\/td>\n<\/tr>\n<tr class=\"andes-table__row\">\n<th class=\"andes-table__header andes-table__header--left ui-pdp-specs__table__column ui-pdp-specs__table__column-title\" scope=\"row\">\n<div class=\"andes-table__header__container\">N\u00famero de parte<\/div>\n<\/th>\n<td id=\":R19usqk9im:\" class=\"andes-table__column andes-table__column--left andes-table__column--vertical-align-center ui-pdp-specs__table__column\"><span id=\":R19usqk9im:-value\" class=\"andes-table__column--value\">LAU-341051802<\/span><\/td>\n<\/tr>\n<\/tbody>\n<\/table>\n<\/div>\n<h3 class=\"ui-pdp-specs__subtitle\">Otros<\/h3>\n<div class=\"ui-pdp-list ui-pdp-specs__list\">\n<ul class=\"ui-pdp-list__wrapper\">\n<li class=\"ui-pdp-list__item\">\n<p class=\"ui-pdp-family--REGULAR ui-pdp-list__text\"><span class=\"ui-pdp-color--BLACK ui-pdp-size--XSMALL ui-pdp-family--BOLD\">Incluye cable<\/span>: S\u00ed<\/p>\n<\/li>\n<li class=\"ui-pdp-list__item\">\n<p class=\"ui-pdp-family--REGULAR ui-pdp-list__text\"><span class=\"ui-pdp-color--BLACK ui-pdp-size--XSMALL ui-pdp-family--BOLD\">Idioma<\/span>: Espa\u00f1ol<\/p>\n<\/li>\n<\/ul>\n<\/div>\n","protected":false},"featured_media":518,"template":"","meta":{"saved_in_kubio":false},"product_cat":[27],"product_tag":[],"class_list":{"0":"post-517","1":"product","2":"type-product","3":"status-publish","4":"has-post-thumbnail","6":"product_cat-launch","8":"first","9":"instock","10":"shipping-taxable","11":"product-type-simple"},"_links":{"self":[{"href":"https:\/\/automotiveleon.com.mx\/index.php\/wp-json\/wp\/v2\/product\/517","targetHints":{"allow":["GET"]}}],"collection":[{"href":"https:\/\/automotiveleon.com.mx\/index.php\/wp-json\/wp\/v2\/product"}],"about":[{"href":"https:\/\/automotiveleon.com.mx\/index.php\/wp-json\/wp\/v2\/types\/product"}],"wp:featuredmedia":[{"embeddable":true,"href":"https:\/\/automotiveleon.com.mx\/index.php\/wp-json\/wp\/v2\/media\/518"}],"wp:attachment":[{"href":"https:\/\/automotiveleon.com.mx\/index.php\/wp-json\/wp\/v2\/media?parent=517"}],"wp:term":[{"taxonomy":"product_cat","embeddable":true,"href":"https:\/\/automotiveleon.com.mx\/index.php\/wp-json\/wp\/v2\/product_cat?post=517"},{"taxonomy":"product_tag","embeddable":true,"href":"https:\/\/automotiveleon.com.mx\/index.php\/wp-json\/wp\/v2\/product_tag?post=517"}],"curies":[{"name":"wp","href":"https:\/\/api.w.org\/{rel}","templated":true}]}}