{"id":512,"date":"2024-10-24T05:54:54","date_gmt":"2024-10-24T05:54:54","guid":{"rendered":"https:\/\/automotiveleon.com.mx\/?post_type=product&#038;p=512"},"modified":"2024-10-24T05:54:54","modified_gmt":"2024-10-24T05:54:54","slug":"kit-cables-adaptadores-obdi-para-escaneres-x431-launch","status":"publish","type":"product","link":"https:\/\/automotiveleon.com.mx\/index.php\/producto\/kit-cables-adaptadores-obdi-para-escaneres-x431-launch\/","title":{"rendered":"Kit Cables Adaptadores Obdi Para Esc\u00e1neres X431 Launch"},"content":{"rendered":"<p>** El kit adaptador LAUNCH sin OBDII incluye 16 conectores: para Mercedes 14\/38, Ni-ssan 14+16, BMW 20, Chrysler 6, Ford 6+1, GM\/VAZ 12, Honda 3, Kia 20, Mitsubishi\/Hyundai 12+16, Toyota 17\/22, cable de alimentaci\u00f3n de doble abrazadera, cable de encendedor de cigarrillos, fusible de cortadora 5*20 mm (4 piezas), fusible de encendedor 6*30 mm (2 piezas), dentro de un estuche de transporte profesional.<\/p>\n<p>** El kit adaptador no OBD2. incluye 16 conectores compatibles con OE para veh\u00edculos espec\u00edficos producidos entre 1996 y 2002 sin la configuraci\u00f3n est\u00e1ndar de pines OBD2.<\/p>\n<p>Descripci\u00f3n del producto:<br \/>\nKit adaptadores de la marca Launch para sistema OBD1<\/p>\n<p>Lista de modelos compatibles:<br \/>\nX-431 Pro SE<br \/>\nX-431 Pro 3<br \/>\nX-431 PRO 3 Link<br \/>\nPAD III\/V\/VII<br \/>\netc<\/p>\n<p>Lista de empaque:<br \/>\n1. [Conector] Juntas de diagn\u00f3stico DBScar, MERCEDESBENZ-38 (mango peque\u00f1o)<br \/>\n2. [Conector] DBScar, NI-SSAN-14 + 16 conector de diagn\u00f3stico<br \/>\n3. [Conector] DBScar, MERCEDESBENZ-14 l\u00ednea de conector de diagn\u00f3stico<br \/>\n4. [Conector] DBScar, conector de diagn\u00f3stico BMW-20 integrado<br \/>\n5. [Conector] DBScar, CHRYSLER-6 conector de diagn\u00f3stico integrado<br \/>\n6. [Conector] DBScar, FORD-6 + 1 conector de diagn\u00f3stico integrado<br \/>\n7. [Conector] DBScar, GM\/VAZ-12 conector de diagn\u00f3stico integrado<br \/>\n8. [Conector] DBScar, conector de diagn\u00f3stico HONDA-3 integrado<br \/>\n9. [Conector] DBScar, conector de diagn\u00f3stico KIA-20 integrado<br \/>\n10. [Conector] DBScar, MITSUBISHI\/HYUNDAI-12+16 conector de diagn\u00f3stico<br \/>\n11. [Conector] DBScar, TOYOTA-17 conector de diagn\u00f3stico integrado<br \/>\n12. [Conector] DBScar, TOYOTA-22 conector de diagn\u00f3stico integrado<br \/>\n13. [Cable de prueba] L\u00ednea el\u00e9ctrica de doble abrazadera<br \/>\n14. [Cable de prueba] L\u00ednea de encendedor de cigarrillos<br \/>\n15. [Accesorios] Fusible de cortadora 5 * 20 mm (4 piezas)<br \/>\n16. [Accesorios] Fusible m\u00e1s ligero 6 * 30 mm (2 piezas)<br \/>\n17. Papel de lista de paquetes<br \/>\n18. Estuche de transporte<\/p>\n","protected":false},"excerpt":{"rendered":"<h2>Kit Cables Adaptadores Obdi Para Esc\u00e1neres X431 Launch<\/h2>\n<div class=\"ui-pdp-specs__table\">\n<table class=\"andes-table\">\n<tbody class=\"andes-table__body\">\n<tr class=\"andes-table__row\">\n<th class=\"andes-table__header andes-table__header--left ui-pdp-specs__table__column ui-pdp-specs__table__column-title\" scope=\"row\">\n<div class=\"andes-table__header__container\">Marca<\/div>\n<\/th>\n<td id=\":R19esqk9im:\" class=\"andes-table__column andes-table__column--left andes-table__column--vertical-align-center ui-pdp-specs__table__column\"><span id=\":R19esqk9im:-value\" class=\"andes-table__column--value\">Launch<\/span><\/td>\n<\/tr>\n<tr class=\"andes-table__row\">\n<th class=\"andes-table__header andes-table__header--left ui-pdp-specs__table__column ui-pdp-specs__table__column-title\" scope=\"row\">\n<div class=\"andes-table__header__container\">Modelo<\/div>\n<\/th>\n<td id=\":R19msqk9im:\" class=\"andes-table__column andes-table__column--left andes-table__column--vertical-align-center ui-pdp-specs__table__column\"><span id=\":R19msqk9im:-value\" class=\"andes-table__column--value\">301180930<\/span><\/td>\n<\/tr>\n<\/tbody>\n<\/table>\n<\/div>\n<h3 class=\"ui-pdp-specs__subtitle\">Otros<\/h3>\n<div class=\"ui-pdp-list ui-pdp-specs__list\">\n<ul class=\"ui-pdp-list__wrapper\">\n<li class=\"ui-pdp-list__item\">\n<p class=\"ui-pdp-family--REGULAR ui-pdp-list__text\"><span class=\"ui-pdp-color--BLACK ui-pdp-size--XSMALL ui-pdp-family--BOLD\">Conector de entrada<\/span>: OBD2<\/p>\n<\/li>\n<li class=\"ui-pdp-list__item\">\n<p class=\"ui-pdp-family--REGULAR ui-pdp-list__text\"><span class=\"ui-pdp-color--BLACK ui-pdp-size--XSMALL ui-pdp-family--BOLD\">Conector de salida<\/span>: OBD1<\/p>\n<\/li>\n<\/ul>\n<ul class=\"ui-pdp-list__wrapper\">\n<li class=\"ui-pdp-list__item\">\n<p class=\"ui-pdp-family--REGULAR ui-pdp-list__text\"><span class=\"ui-pdp-color--BLACK ui-pdp-size--XSMALL ui-pdp-family--BOLD\">Cantidad de pines del conector de entrada<\/span>: 16<\/p>\n<\/li>\n<li class=\"ui-pdp-list__item\">\n<p class=\"ui-pdp-family--REGULAR ui-pdp-list__text\"><span class=\"ui-pdp-color--BLACK ui-pdp-size--XSMALL ui-pdp-family--BOLD\">Largo del cable<\/span>: 15 cm<\/p>\n<\/li>\n<\/ul>\n<\/div>\n","protected":false},"featured_media":513,"template":"","meta":{"saved_in_kubio":false},"product_cat":[27],"product_tag":[],"class_list":{"0":"post-512","1":"product","2":"type-product","3":"status-publish","4":"has-post-thumbnail","6":"product_cat-launch","8":"first","9":"instock","10":"shipping-taxable","11":"product-type-simple"},"_links":{"self":[{"href":"https:\/\/automotiveleon.com.mx\/index.php\/wp-json\/wp\/v2\/product\/512","targetHints":{"allow":["GET"]}}],"collection":[{"href":"https:\/\/automotiveleon.com.mx\/index.php\/wp-json\/wp\/v2\/product"}],"about":[{"href":"https:\/\/automotiveleon.com.mx\/index.php\/wp-json\/wp\/v2\/types\/product"}],"wp:featuredmedia":[{"embeddable":true,"href":"https:\/\/automotiveleon.com.mx\/index.php\/wp-json\/wp\/v2\/media\/513"}],"wp:attachment":[{"href":"https:\/\/automotiveleon.com.mx\/index.php\/wp-json\/wp\/v2\/media?parent=512"}],"wp:term":[{"taxonomy":"product_cat","embeddable":true,"href":"https:\/\/automotiveleon.com.mx\/index.php\/wp-json\/wp\/v2\/product_cat?post=512"},{"taxonomy":"product_tag","embeddable":true,"href":"https:\/\/automotiveleon.com.mx\/index.php\/wp-json\/wp\/v2\/product_tag?post=512"}],"curies":[{"name":"wp","href":"https:\/\/api.w.org\/{rel}","templated":true}]}}