{"id":509,"date":"2024-10-24T05:53:00","date_gmt":"2024-10-24T05:53:00","guid":{"rendered":"https:\/\/automotiveleon.com.mx\/?post_type=product&#038;p=509"},"modified":"2024-10-24T05:53:00","modified_gmt":"2024-10-24T05:53:00","slug":"launch-bst360-probador-de-baterias-automotriz-bluetooth-x431","status":"publish","type":"product","link":"https:\/\/automotiveleon.com.mx\/index.php\/producto\/launch-bst360-probador-de-baterias-automotriz-bluetooth-x431\/","title":{"rendered":"Launch Bst360 Probador De Bater\u00edas Automotriz Bluetooth X431"},"content":{"rendered":"<p>Launch 301180832 BST-360 Probador de bateria Bluetooth:<\/p>\n<p>Es un probador de bater\u00eda habilitado para trabajar por Bluetooth y que es adecuado para t\u00e9cnicos y consumidores en movimiento. Con capacidad de prueba de conductancia avanzada que mide la capacidad de corriente de arranque en fr\u00edo precisa de la bater\u00eda del veh\u00edculo para brindar resultados concluyentes.<br \/>\n&#8211; El alcance adicional incluye la representaci\u00f3n del estado de la bater\u00eda y un indicador general del sistema de arranque y carga del veh\u00edculo.<br \/>\n&#8211; Permite al usuario identificar los problemas del sistema de carga de forma precisa y oportuna. Adem\u00e1s de su facilidad de uso compacta y pr\u00e1ctica, se encuentra la tecnolog\u00eda inal\u00e1mbrica Bluetooth que puede sincronizarse con los esc\u00e1ner de diagn\u00f3stico de la marca Launch.<br \/>\n&#8211; Capacidad para monitorear el estado de salud de la bater\u00eda para identificar las bater\u00edas que no est\u00e1n funcionando de manera \u00f3ptima dentro de las especificaciones.<br \/>\n&#8211; An\u00e1lisis completo y concluyente del sistema de carga y arranque para determinar fallas \/ problemas relacionados.<\/p>\n<p>El Launch BST-360 es seguro de usar con sus caracter\u00edsticas anti-calor y prevenci\u00f3n contra chispas el\u00e9ctricas contrafuego que pueden ocurrir durante el diagn\u00f3stico del sistema el\u00e9ctrico.<br \/>\n&#8211; El dise\u00f1o port\u00e1til y liviano hace que esta herramienta sea f\u00e1cil de usar y almacenar.<\/p>\n","protected":false},"excerpt":{"rendered":"<h2 class=\"ui-pdp-title\">Launch Bst360 Probador De Bater\u00edas Automotriz Bluetooth X431<\/h2>\n<table class=\"andes-table\">\n<tbody class=\"andes-table__body\">\n<tr class=\"andes-table__row\">\n<th class=\"andes-table__header andes-table__header--left ui-pdp-specs__table__column ui-pdp-specs__table__column-title\" scope=\"row\">\n<div class=\"andes-table__header__container\">Marca<\/div>\n<\/th>\n<td id=\":R19esqk9im:\" class=\"andes-table__column andes-table__column--left andes-table__column--vertical-align-center ui-pdp-specs__table__column\"><span id=\":R19esqk9im:-value\" class=\"andes-table__column--value\">Launch<\/span><\/td>\n<\/tr>\n<tr class=\"andes-table__row\">\n<th class=\"andes-table__header andes-table__header--left ui-pdp-specs__table__column ui-pdp-specs__table__column-title\" scope=\"row\">\n<div class=\"andes-table__header__container\">Modelo<\/div>\n<\/th>\n<td id=\":R19msqk9im:\" class=\"andes-table__column andes-table__column--left andes-table__column--vertical-align-center ui-pdp-specs__table__column\"><span id=\":R19msqk9im:-value\" class=\"andes-table__column--value\">BST360<\/span><\/td>\n<\/tr>\n<\/tbody>\n<\/table>\n","protected":false},"featured_media":510,"template":"","meta":{"saved_in_kubio":false},"product_cat":[27],"product_tag":[],"class_list":{"0":"post-509","1":"product","2":"type-product","3":"status-publish","4":"has-post-thumbnail","6":"product_cat-launch","8":"first","9":"instock","10":"shipping-taxable","11":"product-type-simple"},"_links":{"self":[{"href":"https:\/\/automotiveleon.com.mx\/index.php\/wp-json\/wp\/v2\/product\/509","targetHints":{"allow":["GET"]}}],"collection":[{"href":"https:\/\/automotiveleon.com.mx\/index.php\/wp-json\/wp\/v2\/product"}],"about":[{"href":"https:\/\/automotiveleon.com.mx\/index.php\/wp-json\/wp\/v2\/types\/product"}],"wp:featuredmedia":[{"embeddable":true,"href":"https:\/\/automotiveleon.com.mx\/index.php\/wp-json\/wp\/v2\/media\/510"}],"wp:attachment":[{"href":"https:\/\/automotiveleon.com.mx\/index.php\/wp-json\/wp\/v2\/media?parent=509"}],"wp:term":[{"taxonomy":"product_cat","embeddable":true,"href":"https:\/\/automotiveleon.com.mx\/index.php\/wp-json\/wp\/v2\/product_cat?post=509"},{"taxonomy":"product_tag","embeddable":true,"href":"https:\/\/automotiveleon.com.mx\/index.php\/wp-json\/wp\/v2\/product_tag?post=509"}],"curies":[{"name":"wp","href":"https:\/\/api.w.org\/{rel}","templated":true}]}}