{"id":499,"date":"2024-10-24T05:48:23","date_gmt":"2024-10-24T05:48:23","guid":{"rendered":"https:\/\/automotiveleon.com.mx\/?post_type=product&#038;p=499"},"modified":"2024-10-24T05:48:23","modified_gmt":"2024-10-24T05:48:23","slug":"innova-3568-lampara-de-tiempo-digital-automotriz-avance","status":"publish","type":"product","link":"https:\/\/automotiveleon.com.mx\/index.php\/producto\/innova-3568-lampara-de-tiempo-digital-automotriz-avance\/","title":{"rendered":"Innova 3568 &#8211; Lampara De Tiempo Digital Automotriz \/ Avance"},"content":{"rendered":"<p>Innova 3568 &#8211; Lampara De Tiempo Digital Automotriz &#8211; Luz de Sincron\u00eda y Avance<\/p>\n<p>Tac\u00f3metro Digital &#8211; 249 a 9,990 RPM<br \/>\nAvance Digital &#8211; 0\u00b0 a 90\u00b0<br \/>\n\u00danicamente motores de 4 Ciclos<\/p>\n<p>Es imprescindible para cada kit de puesta a punto. Funciona con la mayor\u00eda de los sistemas de encendido: DIS, sistemas convencionales, electr\u00f3nicos y controlados por computadora &#8211; nacionales e importados.<\/p>\n<p>Verifique el tiempo, diagnostique una condici\u00f3n sin chispa, verifique si hay avance \/ retardo electr\u00f3nico y m\u00e1s.<\/p>\n<p>Ca\u00f1\u00f3n delgado y giratorio para una mejor punter\u00eda en la marca de sincronizaci\u00f3n<br \/>\nCables desmontables, pastilla inductiva de metal<br \/>\nPrueba patentada de circuitos skip de hasta 9.990 RPM<br \/>\nOperaci\u00f3n con una sola mano<\/p>\n","protected":false},"excerpt":{"rendered":"<h2 class=\"ui-pdp-title\">Innova 3568 &#8211; Lampara De Tiempo Digital Automotriz \/ Avance<\/h2>\n<table class=\"andes-table\">\n<tbody class=\"andes-table__body\">\n<tr class=\"andes-table__row\">\n<th class=\"andes-table__header andes-table__header--left ui-pdp-specs__table__column ui-pdp-specs__table__column-title\" scope=\"row\">\n<div class=\"andes-table__header__container\">Marca<\/div>\n<\/th>\n<td id=\":R19esqk9im:\" class=\"andes-table__column andes-table__column--left andes-table__column--vertical-align-center ui-pdp-specs__table__column\"><span id=\":R19esqk9im:-value\" class=\"andes-table__column--value\">Innova<\/span><\/td>\n<\/tr>\n<tr class=\"andes-table__row\">\n<th class=\"andes-table__header andes-table__header--left ui-pdp-specs__table__column ui-pdp-specs__table__column-title\" scope=\"row\">\n<div class=\"andes-table__header__container\">Modelo<\/div>\n<\/th>\n<td id=\":R19msqk9im:\" class=\"andes-table__column andes-table__column--left andes-table__column--vertical-align-center ui-pdp-specs__table__column\"><span id=\":R19msqk9im:-value\" class=\"andes-table__column--value\">3568<\/span><\/td>\n<\/tr>\n<\/tbody>\n<\/table>\n","protected":false},"featured_media":500,"template":"","meta":{"saved_in_kubio":false},"product_cat":[26],"product_tag":[],"class_list":{"0":"post-499","1":"product","2":"type-product","3":"status-publish","4":"has-post-thumbnail","6":"product_cat-innova","8":"first","9":"instock","10":"shipping-taxable","11":"product-type-simple"},"_links":{"self":[{"href":"https:\/\/automotiveleon.com.mx\/index.php\/wp-json\/wp\/v2\/product\/499","targetHints":{"allow":["GET"]}}],"collection":[{"href":"https:\/\/automotiveleon.com.mx\/index.php\/wp-json\/wp\/v2\/product"}],"about":[{"href":"https:\/\/automotiveleon.com.mx\/index.php\/wp-json\/wp\/v2\/types\/product"}],"wp:featuredmedia":[{"embeddable":true,"href":"https:\/\/automotiveleon.com.mx\/index.php\/wp-json\/wp\/v2\/media\/500"}],"wp:attachment":[{"href":"https:\/\/automotiveleon.com.mx\/index.php\/wp-json\/wp\/v2\/media?parent=499"}],"wp:term":[{"taxonomy":"product_cat","embeddable":true,"href":"https:\/\/automotiveleon.com.mx\/index.php\/wp-json\/wp\/v2\/product_cat?post=499"},{"taxonomy":"product_tag","embeddable":true,"href":"https:\/\/automotiveleon.com.mx\/index.php\/wp-json\/wp\/v2\/product_tag?post=499"}],"curies":[{"name":"wp","href":"https:\/\/api.w.org\/{rel}","templated":true}]}}