{"id":490,"date":"2024-10-24T05:44:54","date_gmt":"2024-10-24T05:44:54","guid":{"rendered":"https:\/\/automotiveleon.com.mx\/?post_type=product&#038;p=490"},"modified":"2024-10-24T05:44:55","modified_gmt":"2024-10-24T05:44:55","slug":"innova-sds50-tableta-de-diagnostico-profesional-oe","status":"publish","type":"product","link":"https:\/\/automotiveleon.com.mx\/index.php\/producto\/innova-sds50-tableta-de-diagnostico-profesional-oe\/","title":{"rendered":"Innova Sds50 Tableta De Diagnostico Profesional Oe"},"content":{"rendered":"<p>El Nuevo INNOVA SDS50, la tableta de diagn\u00f3stico de nivel OEM dise\u00f1ada para t\u00e9cnicos<br \/>\nprofesionales que buscan diagn\u00f3sticos avanzados del tren motriz. Este SDS50 combina una interfaz<br \/>\ndise\u00f1ada por t\u00e9cnicos centrada en la velocidad con una pantalla t\u00e1ctil de 5 pulgadas a prueba de<br \/>\nca\u00eddas para una navegaci\u00f3n sin esfuerzo a trav\u00e9s del software patentado de Innova con datos con<br \/>\nlicencia OEM. Equipado con pruebas activas y funciones especiales para las 7 principales marcas de<br \/>\nveh\u00edculos, el INNOVA SDS50 garantiza una cobertura integral y vers\u00e1til. Con la comunicaci\u00f3n<\/p>\n<p>bidireccional, los t\u00e9cnicos pueden interactuar activamente con los m\u00f3dulos de control del veh\u00edculo<br \/>\npara una resoluci\u00f3n eficiente de problemas. La confianza que brinda el SDS50 de Innova permite a<br \/>\nlos profesionales de la mec\u00e1nica sobresalir en su campo y maximizar la productividad del taller.<br \/>\nCaracter\u00edsticas principales<br \/>\n&#8211; Pantalla de 5 pulgadas<br \/>\n&#8211; Bater\u00eda recargable de Litio<br \/>\n&#8211; Tiempo de arranque ultrarr\u00e1pido<br \/>\n&#8211; Dise\u00f1o ergon\u00f3mico de una sola mano con una correa de mano ajustable.<br \/>\n&#8211; Pantalla todo en uno<br \/>\n&#8211; Sem\u00e1foro de emisiones contaminantes v\u00eda OBD<br \/>\n&#8211; Estado de los monitores<br \/>\n&#8211; Prioriza C\u00f3digos de falla espec\u00edficos<br \/>\n&#8211; Genera reportes antes y despu\u00e9s de cada reparaci\u00f3n<br \/>\nFunciones de servicio<br \/>\n&#8211; Reseteo del mantenimiento de aceite<br \/>\n&#8211; Reinicio de la bater\u00eda<br \/>\n&#8211; Reinicio del freno electr\u00f3nico EPB<br \/>\n&#8211; Reinicio del \u00e1ngulo de giro<br \/>\n&#8211; Aprendizaje del TPMS (Procedimientos OBD2)<br \/>\n&#8211; Purgado del sistema ABS<br \/>\n&#8211; Prueba de la bater\u00eda\/ Alternador<br \/>\n&#8211; Reinici\u00f3n del filtro de part\u00edculas DPF<br \/>\n&#8211; Aprendizaje del cuerpo de aceleraci\u00f3n<br \/>\n&#8211; Reinicio de Mantenimientos<br \/>\n&#8211; Restablecimiento de la transmisi\u00f3n<br \/>\n&#8211; Restablecimiento del cambio de aceite de la transmisi\u00f3n<br \/>\n&#8211; Comprobaci\u00f3n del nivel de aceite de la transmisi\u00f3n<br \/>\n&#8211; Calibraci\u00f3n de la suspensi\u00f3n<br \/>\n&#8211; Calibraci\u00f3n de los faros<br \/>\n&#8211; Restablecimiento del tama\u00f1o de los neum\u00e1ticos<br \/>\nSistemas<br \/>\n&#8211; OBD2 gen\u00e9rico<br \/>\n&#8211; Motor con flujo de datos mejorado<br \/>\n&#8211; Transmisi\u00f3n con flujo de datos mejorado<br \/>\n&#8211; ABS con flujo de datos<br \/>\n&#8211; SRS con flujo de datos<br \/>\n&#8211; Escaneo de todos los sistemas en red CAN, CADFD<br \/>\nPRUEBAS BIDIRECCIONALES\/ACTIVAS Y FUNCIONES ESPECIALES: Soporte para las 7 principales<br \/>\nmarcas (Ford, GM, Toyota, Fiat\/Chrysler, Honda, Nissan, Hyundai\/Kia) (ECM\/PCM, TCM).<br \/>\n&#8211; Ajuste de cuerpo de aceleraci\u00f3n<br \/>\n&#8211; Activa y desactiva bobinas de encendido<br \/>\n&#8211; Activa y desactiva los inyectores GDI<br \/>\n&#8211; Activa y desactiva el ventilador del radiador<\/p>\n<p>&#8211; Od\u00f3metro<br \/>\n&#8211; Y mas \u2026..<\/p>\n","protected":false},"excerpt":{"rendered":"<h2 class=\"ui-pdp-title\">Innova Sds50 Tableta De Diagnostico Profesional Oe<\/h2>\n<div class=\"ui-pdp-specs__table\">\n<table class=\"andes-table\">\n<tbody class=\"andes-table__body\">\n<tr class=\"andes-table__row\">\n<th class=\"andes-table__header andes-table__header--left ui-pdp-specs__table__column ui-pdp-specs__table__column-title\" scope=\"row\">\n<div class=\"andes-table__header__container\">Marca<\/div>\n<\/th>\n<td id=\":R19esqk9im:\" class=\"andes-table__column andes-table__column--left andes-table__column--vertical-align-center ui-pdp-specs__table__column\"><span id=\":R19esqk9im:-value\" class=\"andes-table__column--value\">Innova<\/span><\/td>\n<\/tr>\n<tr class=\"andes-table__row\">\n<th class=\"andes-table__header andes-table__header--left ui-pdp-specs__table__column ui-pdp-specs__table__column-title\" scope=\"row\">\n<div class=\"andes-table__header__container\">Modelo<\/div>\n<\/th>\n<td id=\":R19msqk9im:\" class=\"andes-table__column andes-table__column--left andes-table__column--vertical-align-center ui-pdp-specs__table__column\"><span id=\":R19msqk9im:-value\" class=\"andes-table__column--value\">INV-SDS50<\/span><\/td>\n<\/tr>\n<tr class=\"andes-table__row\">\n<th class=\"andes-table__header andes-table__header--left ui-pdp-specs__table__column ui-pdp-specs__table__column-title\" scope=\"row\">\n<div class=\"andes-table__header__container\">N\u00famero de parte<\/div>\n<\/th>\n<td id=\":R19usqk9im:\" class=\"andes-table__column andes-table__column--left andes-table__column--vertical-align-center ui-pdp-specs__table__column\"><span id=\":R19usqk9im:-value\" class=\"andes-table__column--value\">INV-SDS50<\/span><\/td>\n<\/tr>\n<\/tbody>\n<\/table>\n<\/div>\n<h3 class=\"ui-pdp-specs__subtitle\">Otros<\/h3>\n<div class=\"ui-pdp-list ui-pdp-specs__list\">\n<ul class=\"ui-pdp-list__wrapper\">\n<li class=\"ui-pdp-list__item\">\n<p class=\"ui-pdp-family--REGULAR ui-pdp-list__text\"><span class=\"ui-pdp-color--BLACK ui-pdp-size--XSMALL ui-pdp-family--BOLD\">Incluye cable<\/span>: S\u00ed<\/p>\n<\/li>\n<li class=\"ui-pdp-list__item\">\n<p class=\"ui-pdp-family--REGULAR ui-pdp-list__text\"><span class=\"ui-pdp-color--BLACK ui-pdp-size--XSMALL ui-pdp-family--BOLD\">Idioma<\/span>: Espa\u00f1ol<\/p>\n<\/li>\n<\/ul>\n<\/div>\n","protected":false},"featured_media":491,"template":"","meta":{"saved_in_kubio":false},"product_cat":[26],"product_tag":[],"class_list":{"0":"post-490","1":"product","2":"type-product","3":"status-publish","4":"has-post-thumbnail","6":"product_cat-innova","8":"first","9":"instock","10":"shipping-taxable","11":"product-type-simple"},"_links":{"self":[{"href":"https:\/\/automotiveleon.com.mx\/index.php\/wp-json\/wp\/v2\/product\/490","targetHints":{"allow":["GET"]}}],"collection":[{"href":"https:\/\/automotiveleon.com.mx\/index.php\/wp-json\/wp\/v2\/product"}],"about":[{"href":"https:\/\/automotiveleon.com.mx\/index.php\/wp-json\/wp\/v2\/types\/product"}],"wp:featuredmedia":[{"embeddable":true,"href":"https:\/\/automotiveleon.com.mx\/index.php\/wp-json\/wp\/v2\/media\/491"}],"wp:attachment":[{"href":"https:\/\/automotiveleon.com.mx\/index.php\/wp-json\/wp\/v2\/media?parent=490"}],"wp:term":[{"taxonomy":"product_cat","embeddable":true,"href":"https:\/\/automotiveleon.com.mx\/index.php\/wp-json\/wp\/v2\/product_cat?post=490"},{"taxonomy":"product_tag","embeddable":true,"href":"https:\/\/automotiveleon.com.mx\/index.php\/wp-json\/wp\/v2\/product_tag?post=490"}],"curies":[{"name":"wp","href":"https:\/\/api.w.org\/{rel}","templated":true}]}}