{"id":485,"date":"2024-10-24T05:42:23","date_gmt":"2024-10-24T05:42:23","guid":{"rendered":"https:\/\/automotiveleon.com.mx\/?post_type=product&#038;p=485"},"modified":"2024-10-24T05:42:24","modified_gmt":"2024-10-24T05:42:24","slug":"innova-5210-escaner-de-diagnostico-obd2-dtc-can","status":"publish","type":"product","link":"https:\/\/automotiveleon.com.mx\/index.php\/producto\/innova-5210-escaner-de-diagnostico-obd2-dtc-can\/","title":{"rendered":"Innova 5210 &#8211; Esc\u00e1ner De Diagn\u00f3stico Obd2 &#8211; Dtc &#8211; Can"},"content":{"rendered":"<p>Esc\u00e1ner 5210 de Innova<\/p>\n<p>Mantiene el rendimiento m\u00e1ximo y la seguridad en la carretera: el esc\u00e1ner 5210 OBD2 te ayuda a encontrar f\u00e1cilmente el problema y solucionar el problema. Utiliza la aplicaci\u00f3n m\u00f3vil RepairSolutions2 en Apple App Store o Google Play para soluciones en tiempo real y soluciones a tus problemas automotrices. Con esta aplicaci\u00f3n, obt\u00e9n correcciones verificadas, encuentra y compra la pieza exacta necesaria para la reparaci\u00f3n, mira los horarios de mantenimiento, compra piezas, recibe boletines t\u00e9cnicos, recordatorios de seguridad y distribuidores, y accede a la mejor base de datos de Innova.<br \/>\nLector de c\u00f3digo OBD2 de alta calidad con cobertura y funcionalidad mejoradas: esta herramienta de diagn\u00f3stico de coche permite a mec\u00e1nicos dom\u00e9sticos, entusiastas del autom\u00f3vil y t\u00e9cnicos de servicio y reparaci\u00f3n con funcionalidad de nivel profesional. Es un lector de c\u00f3digos de veh\u00edculo que lee y borra c\u00f3digos de motor OBD y muestra toda la informaci\u00f3n del veh\u00edculo desde cuando se activ\u00f3 un c\u00f3digo de problema. Esta herramienta de escaneo Innova es compatible con ingl\u00e9s, espa\u00f1ol y franc\u00e9s.<br \/>\nDatos en vivo para un diagn\u00f3stico m\u00e1s preciso: con el esc\u00e1ner OBD Innova 5210 puedes ver la informaci\u00f3n esencial de tu veh\u00edculo como RPM, velocidad y temperatura del aceite en tiempo real para ayudar a identificar y corregir problemas. Tambi\u00e9n puedes comprobar y probar tu bater\u00eda y alternador, por lo que sabes si necesitas llevar tu coche a un t\u00e9cnico o no.<br \/>\nF\u00e1cil autodagn\u00f3stico del estado de emisi\u00f3n y otra informaci\u00f3n importante: conoce los resultados de tu control de humo antes de que tu estado lo haga. Este lector de luz del motor de comprobaci\u00f3n de coche determina si pasar\u00e1s una prueba de humo del veh\u00edculo estatal. Esta herramienta de escaneo OBD2 tambi\u00e9n puede proporcionar procedimientos de ciclo de viaje para completar tu comprobaci\u00f3n de humo. Este lector de motor incluye funciones para ABS (freno) para asegurarse de que siempre est\u00e1s conduciendo de forma segura.<br \/>\nCompra con confianza con productos dise\u00f1ados y respaldados en Estados Unidos: nuestro equipo de atenci\u00f3n al cliente con sede en California, certificado ASE est\u00e1 encantado de ayudarte mientras navegas por este producto. Es un esc\u00e1ner de diagn\u00f3stico perfecto para todos los coches compatibles, \u00fasalo en cualquier coche OBD2 extranjero o nacional de 1996 o m\u00e1s reciente, cami\u00f3n ligero, SUV o veh\u00edculo h\u00edbrido. \u00bfTienes preguntas? Estamos aqu\u00ed para ayudarte.<\/p>\n<p>La Innova 5210 es una impresionante herramienta de nivel b\u00e1sico que proporciona caracter\u00edsticas de gama alta como ABS y datos en directo, gracias a su pantalla todo en uno patentada. Gran y f\u00e1cil de leer con m\u00e1s de 20 piezas de informaci\u00f3n en una sola pantalla.<\/p>\n<p>Caracter\u00edsticas incluidas<\/p>\n<p>Aplicaci\u00f3n RepairSolutions2: Obtenga las correcciones verificadas, la pieza exacta requerida para la reparaci\u00f3n, los horarios de mantenimiento, los boletines de servicio t\u00e9cnico, las retiradas y m\u00e1s. Empoderarse con el conocimiento para arreglar su veh\u00edculo correctamente la primera vez. Compruebe la luz del motor: Lea y borre la luz de comprobaci\u00f3n del motor con un solo bot\u00f3n. ABS: Diagnosticar los sistemas de frenado de la mayor\u00eda de los veh\u00edculos nacionales, asi\u00e1ticos y europeos de 1996 y m\u00e1s nuevos. Prueba de bater\u00eda y sistema de carga: Compruebe si la bater\u00eda y el alternador est\u00e1n en buen estado o necesitan reemplazarse. Datos en directo: Consulta la informaci\u00f3n esencial sobre tu veh\u00edculo en tiempo real (por ejemplo, RPM, temperatura del aceite, etc.) para ayudar en el diagn\u00f3stico. Niveles de gravedad del c\u00f3digo: Identifica r\u00e1pidamente si tu veh\u00edculo necesita una soluci\u00f3n inmediata o si puede esperar hasta que llegues a casa para arreglarlo t\u00fa mismo. Indicadores LED de comprobaci\u00f3n de humo: Averig\u00fce inmediatamente si su veh\u00edculo pasar\u00e1 una prueba de emisiones. Pantalla patentada todo en uno y teclas de acceso r\u00e1pido: Con m\u00e1s de 20 piezas de informaci\u00f3n en una sola pantalla, incluyendo definiciones de c\u00f3digo, encuentra el problema m\u00e1s r\u00e1pido y dedica menos tiempo a desplazarse por los men\u00fas. Congelar datos de fotogramas: Mostrar toda la informaci\u00f3n del veh\u00edculo desde el momento en que se activ\u00f3 un c\u00f3digo de error.<\/p>\n","protected":false},"excerpt":{"rendered":"<h2 class=\"ui-pdp-title\">Innova 5210 &#8211; Esc\u00e1ner De Diagn\u00f3stico Obd2 &#8211; Dtc &#8211; Can<\/h2>\n<div class=\"ui-pdp-specs__table\">\n<table class=\"andes-table\">\n<tbody class=\"andes-table__body\">\n<tr class=\"andes-table__row\">\n<th class=\"andes-table__header andes-table__header--left ui-pdp-specs__table__column ui-pdp-specs__table__column-title\" scope=\"row\">\n<div class=\"andes-table__header__container\">Marca<\/div>\n<\/th>\n<td id=\":R19esqk9im:\" class=\"andes-table__column andes-table__column--left andes-table__column--vertical-align-center ui-pdp-specs__table__column\"><span id=\":R19esqk9im:-value\" class=\"andes-table__column--value\">Innova<\/span><\/td>\n<\/tr>\n<tr class=\"andes-table__row\">\n<th class=\"andes-table__header andes-table__header--left ui-pdp-specs__table__column ui-pdp-specs__table__column-title\" scope=\"row\">\n<div class=\"andes-table__header__container\">Modelo<\/div>\n<\/th>\n<td id=\":R19msqk9im:\" class=\"andes-table__column andes-table__column--left andes-table__column--vertical-align-center ui-pdp-specs__table__column\"><span id=\":R19msqk9im:-value\" class=\"andes-table__column--value\">5210<\/span><\/td>\n<\/tr>\n<tr class=\"andes-table__row\">\n<th class=\"andes-table__header andes-table__header--left ui-pdp-specs__table__column ui-pdp-specs__table__column-title\" scope=\"row\">\n<div class=\"andes-table__header__container\">N\u00famero de parte<\/div>\n<\/th>\n<td id=\":R19usqk9im:\" class=\"andes-table__column andes-table__column--left andes-table__column--vertical-align-center ui-pdp-specs__table__column\"><span id=\":R19usqk9im:-value\" class=\"andes-table__column--value\">INV-5210<\/span><\/td>\n<\/tr>\n<\/tbody>\n<\/table>\n<\/div>\n<h3 class=\"ui-pdp-specs__subtitle\">Otros<\/h3>\n<div class=\"ui-pdp-list ui-pdp-specs__list\">\n<ul class=\"ui-pdp-list__wrapper\">\n<li class=\"ui-pdp-list__item\">\n<p class=\"ui-pdp-family--REGULAR ui-pdp-list__text\"><span class=\"ui-pdp-color--BLACK ui-pdp-size--XSMALL ui-pdp-family--BOLD\">Incluye cable<\/span>: S\u00ed<\/p>\n<\/li>\n<li class=\"ui-pdp-list__item\">\n<p class=\"ui-pdp-family--REGULAR ui-pdp-list__text\"><span class=\"ui-pdp-color--BLACK ui-pdp-size--XSMALL ui-pdp-family--BOLD\">Idioma<\/span>: Espa\u00f1ol<\/p>\n<\/li>\n<\/ul>\n<\/div>\n","protected":false},"featured_media":486,"template":"","meta":{"saved_in_kubio":false},"product_cat":[26],"product_tag":[],"class_list":{"0":"post-485","1":"product","2":"type-product","3":"status-publish","4":"has-post-thumbnail","6":"product_cat-innova","8":"first","9":"instock","10":"shipping-taxable","11":"product-type-simple"},"_links":{"self":[{"href":"https:\/\/automotiveleon.com.mx\/index.php\/wp-json\/wp\/v2\/product\/485","targetHints":{"allow":["GET"]}}],"collection":[{"href":"https:\/\/automotiveleon.com.mx\/index.php\/wp-json\/wp\/v2\/product"}],"about":[{"href":"https:\/\/automotiveleon.com.mx\/index.php\/wp-json\/wp\/v2\/types\/product"}],"wp:featuredmedia":[{"embeddable":true,"href":"https:\/\/automotiveleon.com.mx\/index.php\/wp-json\/wp\/v2\/media\/486"}],"wp:attachment":[{"href":"https:\/\/automotiveleon.com.mx\/index.php\/wp-json\/wp\/v2\/media?parent=485"}],"wp:term":[{"taxonomy":"product_cat","embeddable":true,"href":"https:\/\/automotiveleon.com.mx\/index.php\/wp-json\/wp\/v2\/product_cat?post=485"},{"taxonomy":"product_tag","embeddable":true,"href":"https:\/\/automotiveleon.com.mx\/index.php\/wp-json\/wp\/v2\/product_tag?post=485"}],"curies":[{"name":"wp","href":"https:\/\/api.w.org\/{rel}","templated":true}]}}