{"id":474,"date":"2024-10-24T04:51:12","date_gmt":"2024-10-24T04:51:12","guid":{"rendered":"https:\/\/automotiveleon.com.mx\/?post_type=product&#038;p=474"},"modified":"2024-10-24T04:51:12","modified_gmt":"2024-10-24T04:51:12","slug":"otc-4650-kit-de-espejos-con-imanes-para-inspeccion","status":"publish","type":"product","link":"https:\/\/automotiveleon.com.mx\/index.php\/producto\/otc-4650-kit-de-espejos-con-imanes-para-inspeccion\/","title":{"rendered":"Otc 4650 Kit De Espejos Con Imanes Para Inspecci\u00f3n"},"content":{"rendered":"<p>OTC 4650 Kit De Espejos Con Imanes Para Inspecci\u00f3n<\/p>\n<p>Maneja telescopio de 6-1\/2&#8243; a 25&#8243;. Los cabezales giratorios permiten el acceso a \u00e1reas estrechas. El espejo giratorio grande y rectangular es de 2 \u00abx 3-1\/2\u00bb, y est\u00e1 unido a un mango telesc\u00f3pico. El espejo peque\u00f1o tiene un di\u00e1metro de 1-1\/4 \u00aby es intercambiable con imanes en el otro mango. Los imanes pueden levantar hasta 3.6 KG<\/p>\n","protected":false},"excerpt":{"rendered":"<h2 class=\"ui-pdp-title\">Otc 4650 Kit De Espejos Con Imanes Para Inspecci\u00f3n<\/h2>\n<div class=\"ui-pdp-specs__table\">\n<table class=\"andes-table\">\n<tbody class=\"andes-table__body\">\n<tr class=\"andes-table__row\">\n<th class=\"andes-table__header andes-table__header--left ui-pdp-specs__table__column ui-pdp-specs__table__column-title\" scope=\"row\">\n<div class=\"andes-table__header__container\">Marca<\/div>\n<\/th>\n<td id=\":R19esqk9im:\" class=\"andes-table__column andes-table__column--left andes-table__column--vertical-align-center ui-pdp-specs__table__column\"><span id=\":R19esqk9im:-value\" class=\"andes-table__column--value\">OTC<\/span><\/td>\n<\/tr>\n<tr class=\"andes-table__row\">\n<th class=\"andes-table__header andes-table__header--left ui-pdp-specs__table__column ui-pdp-specs__table__column-title\" scope=\"row\">\n<div class=\"andes-table__header__container\">Modelo<\/div>\n<\/th>\n<td id=\":R19msqk9im:\" class=\"andes-table__column andes-table__column--left andes-table__column--vertical-align-center ui-pdp-specs__table__column\"><span id=\":R19msqk9im:-value\" class=\"andes-table__column--value\">4650<\/span><\/td>\n<\/tr>\n<\/tbody>\n<\/table>\n<\/div>\n<h3 class=\"ui-pdp-specs__subtitle\">Otras caracter\u00edsticas<\/h3>\n<div class=\"ui-pdp-list ui-pdp-specs__list\">\n<ul class=\"ui-pdp-list__wrapper\">\n<li class=\"ui-pdp-list__item\">\n<p class=\"ui-pdp-family--REGULAR ui-pdp-list__text\"><span class=\"ui-pdp-color--BLACK ui-pdp-size--XSMALL ui-pdp-family--BOLD\">Cantidad de piezas<\/span>: 5<\/p>\n<\/li>\n<\/ul>\n<\/div>\n","protected":false},"featured_media":475,"template":"","meta":{"saved_in_kubio":false},"product_cat":[25],"product_tag":[],"class_list":{"0":"post-474","1":"product","2":"type-product","3":"status-publish","4":"has-post-thumbnail","6":"product_cat-herramientas-manuales","8":"first","9":"instock","10":"shipping-taxable","11":"product-type-simple"},"_links":{"self":[{"href":"https:\/\/automotiveleon.com.mx\/index.php\/wp-json\/wp\/v2\/product\/474","targetHints":{"allow":["GET"]}}],"collection":[{"href":"https:\/\/automotiveleon.com.mx\/index.php\/wp-json\/wp\/v2\/product"}],"about":[{"href":"https:\/\/automotiveleon.com.mx\/index.php\/wp-json\/wp\/v2\/types\/product"}],"wp:featuredmedia":[{"embeddable":true,"href":"https:\/\/automotiveleon.com.mx\/index.php\/wp-json\/wp\/v2\/media\/475"}],"wp:attachment":[{"href":"https:\/\/automotiveleon.com.mx\/index.php\/wp-json\/wp\/v2\/media?parent=474"}],"wp:term":[{"taxonomy":"product_cat","embeddable":true,"href":"https:\/\/automotiveleon.com.mx\/index.php\/wp-json\/wp\/v2\/product_cat?post=474"},{"taxonomy":"product_tag","embeddable":true,"href":"https:\/\/automotiveleon.com.mx\/index.php\/wp-json\/wp\/v2\/product_tag?post=474"}],"curies":[{"name":"wp","href":"https:\/\/api.w.org\/{rel}","templated":true}]}}