{"id":453,"date":"2024-10-24T04:39:55","date_gmt":"2024-10-24T04:39:55","guid":{"rendered":"https:\/\/automotiveleon.com.mx\/?post_type=product&#038;p=453"},"modified":"2024-10-24T04:39:55","modified_gmt":"2024-10-24T04:39:55","slug":"barreta-de-una-extra-fuerte-resistente-40-cm-bgs-52104","status":"publish","type":"product","link":"https:\/\/automotiveleon.com.mx\/index.php\/producto\/barreta-de-una-extra-fuerte-resistente-40-cm-bgs-52104\/","title":{"rendered":"Barreta De U\u00f1a | Extra Fuerte Resistente | 40 Cm | Bgs 52104"},"content":{"rendered":"<p>La Barreta De U\u00f1a BGS 52104 es una herramienta indispensable para cualquier proyecto de construcci\u00f3n o reparaci\u00f3n. Con un dise\u00f1o robusto y extra fuerte, esta barreta de 40 cm est\u00e1 fabricada en acero de alta calidad, lo que garantiza su resistencia y durabilidad en el tiempo. Su perfil ovalado y amplia superficie de base permiten un mejor agarre y mayor eficacia al realizar perforaciones, sacar clavos o desarmar cimbras. Adem\u00e1s, su dise\u00f1o sin ajuste lateral facilita su uso en espacios reducidos. Ideal para profesionales y aficionados al bricolaje, esta barreta es perfecta para cualquier tarea que requiera ejercer palanca. Con la marca BGS, puedes confiar en la calidad y el rendimiento de esta herramienta.<\/p>\n","protected":false},"excerpt":{"rendered":"<h2 class=\"ui-pdp-title\">Barreta De U\u00f1a | Extra Fuerte Resistente | 40 Cm | Bgs 52104<\/h2>\n<div class=\"ui-pdp-specs__tables\">\n<div class=\"ui-pdp-specs__table\">\n<table class=\"andes-table\">\n<tbody class=\"andes-table__body\">\n<tr class=\"andes-table__row\">\n<th class=\"andes-table__header andes-table__header--left ui-pdp-specs__table__column ui-pdp-specs__table__column-title\" scope=\"row\">\n<div class=\"andes-table__header__container\">Marca<\/div>\n<\/th>\n<td id=\":Rkjt4basm:\" class=\"andes-table__column andes-table__column--left andes-table__column--vertical-align-center ui-pdp-specs__table__column\"><span id=\":Rkjt4basm:-value\" class=\"andes-table__column--value\">BGS Diy<\/span><\/td>\n<\/tr>\n<tr class=\"andes-table__row\">\n<th class=\"andes-table__header andes-table__header--left ui-pdp-specs__table__column ui-pdp-specs__table__column-title\" scope=\"row\">\n<div class=\"andes-table__header__container\">Modelo<\/div>\n<\/th>\n<td id=\":Rklt4basm:\" class=\"andes-table__column andes-table__column--left andes-table__column--vertical-align-center ui-pdp-specs__table__column\"><span id=\":Rklt4basm:-value\" class=\"andes-table__column--value\">52104<\/span><\/td>\n<\/tr>\n<tr class=\"andes-table__row\">\n<th class=\"andes-table__header andes-table__header--left ui-pdp-specs__table__column ui-pdp-specs__table__column-title\" scope=\"row\">\n<div class=\"andes-table__header__container\">Tipo de barreta<\/div>\n<\/th>\n<td id=\":Rknt4basm:\" class=\"andes-table__column andes-table__column--left andes-table__column--vertical-align-center ui-pdp-specs__table__column\"><span id=\":Rknt4basm:-value\" class=\"andes-table__column--value\">Palanca\/Sacaclavos<\/span><\/td>\n<\/tr>\n<tr class=\"andes-table__row\">\n<th class=\"andes-table__header andes-table__header--left ui-pdp-specs__table__column ui-pdp-specs__table__column-title\" scope=\"row\">\n<div class=\"andes-table__header__container\">Largo total<\/div>\n<\/th>\n<td id=\":Rkpt4basm:\" class=\"andes-table__column andes-table__column--left andes-table__column--vertical-align-center ui-pdp-specs__table__column\"><span id=\":Rkpt4basm:-value\" class=\"andes-table__column--value\">40 cm<\/span><\/td>\n<\/tr>\n<\/tbody>\n<\/table>\n<\/div>\n<\/div>\n<h3 class=\"ui-pdp-specs__subtitle\">Otras caracter\u00edsticas<\/h3>\n<div class=\"ui-pdp-list ui-pdp-specs__list\">\n<ul class=\"ui-pdp-list__wrapper\">\n<li class=\"ui-pdp-list__item\">\n<p class=\"ui-pdp-family--REGULAR ui-pdp-list__text\"><span class=\"ui-pdp-color--BLACK ui-pdp-size--XSMALL ui-pdp-family--BOLD\">Peso<\/span>: 820 g<\/p>\n<\/li>\n<li class=\"ui-pdp-list__item\">\n<p class=\"ui-pdp-family--REGULAR ui-pdp-list__text\"><span class=\"ui-pdp-color--BLACK ui-pdp-size--XSMALL ui-pdp-family--BOLD\">Forma<\/span>: Curva<\/p>\n<\/li>\n<\/ul>\n<ul class=\"ui-pdp-list__wrapper\">\n<li class=\"ui-pdp-list__item\">\n<p class=\"ui-pdp-family--REGULAR ui-pdp-list__text\"><span class=\"ui-pdp-color--BLACK ui-pdp-size--XSMALL ui-pdp-family--BOLD\">Materiales<\/span>: Acero<\/p>\n<\/li>\n<\/ul>\n<\/div>\n","protected":false},"featured_media":454,"template":"","meta":{"saved_in_kubio":false},"product_cat":[24],"product_tag":[],"class_list":{"0":"post-453","1":"product","2":"type-product","3":"status-publish","4":"has-post-thumbnail","6":"product_cat-herramientas","8":"first","9":"instock","10":"shipping-taxable","11":"product-type-simple"},"_links":{"self":[{"href":"https:\/\/automotiveleon.com.mx\/index.php\/wp-json\/wp\/v2\/product\/453","targetHints":{"allow":["GET"]}}],"collection":[{"href":"https:\/\/automotiveleon.com.mx\/index.php\/wp-json\/wp\/v2\/product"}],"about":[{"href":"https:\/\/automotiveleon.com.mx\/index.php\/wp-json\/wp\/v2\/types\/product"}],"wp:featuredmedia":[{"embeddable":true,"href":"https:\/\/automotiveleon.com.mx\/index.php\/wp-json\/wp\/v2\/media\/454"}],"wp:attachment":[{"href":"https:\/\/automotiveleon.com.mx\/index.php\/wp-json\/wp\/v2\/media?parent=453"}],"wp:term":[{"taxonomy":"product_cat","embeddable":true,"href":"https:\/\/automotiveleon.com.mx\/index.php\/wp-json\/wp\/v2\/product_cat?post=453"},{"taxonomy":"product_tag","embeddable":true,"href":"https:\/\/automotiveleon.com.mx\/index.php\/wp-json\/wp\/v2\/product_tag?post=453"}],"curies":[{"name":"wp","href":"https:\/\/api.w.org\/{rel}","templated":true}]}}