{"id":445,"date":"2024-10-24T04:36:14","date_gmt":"2024-10-24T04:36:14","guid":{"rendered":"https:\/\/automotiveleon.com.mx\/?post_type=product&#038;p=445"},"modified":"2024-10-24T04:36:15","modified_gmt":"2024-10-24T04:36:15","slug":"hidrometro-profesional-para-bateria-cristal-otc-4619","status":"publish","type":"product","link":"https:\/\/automotiveleon.com.mx\/index.php\/producto\/hidrometro-profesional-para-bateria-cristal-otc-4619\/","title":{"rendered":"Hidr\u00f3metro Profesional Para Bater\u00eda (cristal) Otc 4619"},"content":{"rendered":"<p>El Hidr\u00f3metro Profesional Para Bater\u00eda OTC 4619 es una herramienta esencial para cualquier profesional o entusiasta del mantenimiento de bater\u00edas. Este instrumento de alta precisi\u00f3n, fabricado por la reconocida marca OTC, permite medir con exactitud la densidad del electrolito en las bater\u00edas, proporcionando informaci\u00f3n vital sobre su estado y rendimiento.<\/p>\n<p>Este hidr\u00f3metro cuenta con un rango de medici\u00f3n que va desde -36 hasta 32, lo que lo hace adecuado para una amplia variedad de aplicaciones. Su dise\u00f1o de cristal garantiza una lectura clara y precisa, mientras que su construcci\u00f3n robusta asegura una larga vida \u00fatil.<\/p>\n<p>El modelo 4619 de OTC es f\u00e1cil de usar, incluso para aquellos que no tienen experiencia previa con este tipo de herramientas. Su dise\u00f1o ergon\u00f3mico y su peso ligero permiten un manejo c\u00f3modo y seguro, mientras que su tama\u00f1o compacto facilita su almacenamiento y transporte.<\/p>\n<p>En resumen, el Hidr\u00f3metro Profesional Para Bater\u00eda OTC 4619 es una inversi\u00f3n inteligente para aquellos que buscan mantener sus bater\u00edas en \u00f3ptimas condiciones. Con su precisi\u00f3n, durabilidad y facilidad de uso, esta herramienta es una adici\u00f3n valiosa a cualquier caja de herramientas.<\/p>\n","protected":false},"excerpt":{"rendered":"<h2 class=\"ui-pdp-title\">Hidr\u00f3metro Profesional Para Bater\u00eda (cristal) Otc 4619<\/h2>\n<div class=\"ui-pdp-specs__tables\">\n<div class=\"ui-pdp-specs__table\">\n<table class=\"andes-table\">\n<tbody class=\"andes-table__body\">\n<tr class=\"andes-table__row\">\n<th class=\"andes-table__header andes-table__header--left ui-pdp-specs__table__column ui-pdp-specs__table__column-title\" scope=\"row\">\n<div class=\"andes-table__header__container\">Marca<\/div>\n<\/th>\n<td id=\":Rabt4basm:\" class=\"andes-table__column andes-table__column--left andes-table__column--vertical-align-center ui-pdp-specs__table__column\"><span id=\":Rabt4basm:-value\" class=\"andes-table__column--value\">OTC<\/span><\/td>\n<\/tr>\n<tr class=\"andes-table__row\">\n<th class=\"andes-table__header andes-table__header--left ui-pdp-specs__table__column ui-pdp-specs__table__column-title\" scope=\"row\">\n<div class=\"andes-table__header__container\">Modelo<\/div>\n<\/th>\n<td id=\":Radt4basm:\" class=\"andes-table__column andes-table__column--left andes-table__column--vertical-align-center ui-pdp-specs__table__column\"><span id=\":Radt4basm:-value\" class=\"andes-table__column--value\">4619<\/span><\/td>\n<\/tr>\n<\/tbody>\n<\/table>\n<\/div>\n<\/div>\n<h3 class=\"ui-pdp-specs__subtitle\">Otras caracter\u00edsticas<\/h3>\n<div class=\"ui-pdp-list ui-pdp-specs__list\">\n<ul class=\"ui-pdp-list__wrapper\">\n<li class=\"ui-pdp-list__item\">\n<p class=\"ui-pdp-family--REGULAR ui-pdp-list__text\"><span class=\"ui-pdp-color--BLACK ui-pdp-size--XSMALL ui-pdp-family--BOLD\">Tipos de dens\u00edmetro<\/span>: Hidrometro<\/p>\n<\/li>\n<li class=\"ui-pdp-list__item\">\n<p class=\"ui-pdp-family--REGULAR ui-pdp-list__text\"><span class=\"ui-pdp-color--BLACK ui-pdp-size--XSMALL ui-pdp-family--BOLD\">Rangos de medici\u00f3n m\u00ednimos &#8211; Rangos de medici\u00f3n m\u00e1ximos<\/span>: -36 &#8211; 32<\/p>\n<\/li>\n<\/ul>\n<\/div>\n","protected":false},"featured_media":446,"template":"","meta":{"saved_in_kubio":false},"product_cat":[24],"product_tag":[],"class_list":{"0":"post-445","1":"product","2":"type-product","3":"status-publish","4":"has-post-thumbnail","6":"product_cat-herramientas","8":"first","9":"instock","10":"shipping-taxable","11":"product-type-simple"},"_links":{"self":[{"href":"https:\/\/automotiveleon.com.mx\/index.php\/wp-json\/wp\/v2\/product\/445","targetHints":{"allow":["GET"]}}],"collection":[{"href":"https:\/\/automotiveleon.com.mx\/index.php\/wp-json\/wp\/v2\/product"}],"about":[{"href":"https:\/\/automotiveleon.com.mx\/index.php\/wp-json\/wp\/v2\/types\/product"}],"wp:featuredmedia":[{"embeddable":true,"href":"https:\/\/automotiveleon.com.mx\/index.php\/wp-json\/wp\/v2\/media\/446"}],"wp:attachment":[{"href":"https:\/\/automotiveleon.com.mx\/index.php\/wp-json\/wp\/v2\/media?parent=445"}],"wp:term":[{"taxonomy":"product_cat","embeddable":true,"href":"https:\/\/automotiveleon.com.mx\/index.php\/wp-json\/wp\/v2\/product_cat?post=445"},{"taxonomy":"product_tag","embeddable":true,"href":"https:\/\/automotiveleon.com.mx\/index.php\/wp-json\/wp\/v2\/product_tag?post=445"}],"curies":[{"name":"wp","href":"https:\/\/api.w.org\/{rel}","templated":true}]}}