{"id":442,"date":"2024-10-24T04:32:47","date_gmt":"2024-10-24T04:32:47","guid":{"rendered":"https:\/\/automotiveleon.com.mx\/?post_type=product&#038;p=442"},"modified":"2024-10-24T04:32:47","modified_gmt":"2024-10-24T04:32:47","slug":"nueva-tarjeta-de-actualizacion-para-cj4-la-injectronic-9563","status":"publish","type":"product","link":"https:\/\/automotiveleon.com.mx\/index.php\/producto\/nueva-tarjeta-de-actualizacion-para-cj4-la-injectronic-9563\/","title":{"rendered":"Nueva Tarjeta De Actualizaci\u00f3n Para Cj4 La Injectronic 9563"},"content":{"rendered":"<p>Nueva Tarjeta De Actualizaci\u00f3n Para Cj4 La Injectronic 9563<br \/>\n(No trae Scanner, OJO)<\/p>\n<p>Al adquirir la Licencia de Actualizaci\u00f3n 9563, obtendr\u00e1 el C\u00f3digo de Desbloqueo necesario para realizar la actualizaci\u00f3n del equipo de diagn\u00f3stico CJ4 LA.<\/p>\n<p>Al recibir su producto si requiere asistencia p\u00f3ngase en contacto, Gracias<\/p>\n","protected":false},"excerpt":{"rendered":"<h2 class=\"ui-pdp-title\">Nueva Tarjeta De Actualizaci\u00f3n Para Cj4 La Injectronic 9563<\/h2>\n<div class=\"ui-pdp-specs__table\">\n<table class=\"andes-table\">\n<tbody class=\"andes-table__body\">\n<tr class=\"andes-table__row\">\n<th class=\"andes-table__header andes-table__header--left ui-pdp-specs__table__column ui-pdp-specs__table__column-title\" scope=\"row\">\n<div class=\"andes-table__header__container\">Marca<\/div>\n<\/th>\n<td id=\":R19esqk9im:\" class=\"andes-table__column andes-table__column--left andes-table__column--vertical-align-center ui-pdp-specs__table__column\"><span id=\":R19esqk9im:-value\" class=\"andes-table__column--value\">Injectronic<\/span><\/td>\n<\/tr>\n<tr class=\"andes-table__row\">\n<th class=\"andes-table__header andes-table__header--left ui-pdp-specs__table__column ui-pdp-specs__table__column-title\" scope=\"row\">\n<div class=\"andes-table__header__container\">Modelo<\/div>\n<\/th>\n<td id=\":R19msqk9im:\" class=\"andes-table__column andes-table__column--left andes-table__column--vertical-align-center ui-pdp-specs__table__column\"><span id=\":R19msqk9im:-value\" class=\"andes-table__column--value\">Act. CJ4 LA<\/span><\/td>\n<\/tr>\n<tr class=\"andes-table__row\">\n<th class=\"andes-table__header andes-table__header--left ui-pdp-specs__table__column ui-pdp-specs__table__column-title\" scope=\"row\">\n<div class=\"andes-table__header__container\">N\u00famero de parte<\/div>\n<\/th>\n<td id=\":R19usqk9im:\" class=\"andes-table__column andes-table__column--left andes-table__column--vertical-align-center ui-pdp-specs__table__column\"><span id=\":R19usqk9im:-value\" class=\"andes-table__column--value\">9563<\/span><\/td>\n<\/tr>\n<\/tbody>\n<\/table>\n<\/div>\n<h3 class=\"ui-pdp-specs__subtitle\">Otros<\/h3>\n<div class=\"ui-pdp-list ui-pdp-specs__list\">\n<ul class=\"ui-pdp-list__wrapper\">\n<li class=\"ui-pdp-list__item\">\n<p class=\"ui-pdp-family--REGULAR ui-pdp-list__text\"><span class=\"ui-pdp-color--BLACK ui-pdp-size--XSMALL ui-pdp-family--BOLD\">Incluye cable<\/span>: No<\/p>\n<\/li>\n<li class=\"ui-pdp-list__item\">\n<p class=\"ui-pdp-family--REGULAR ui-pdp-list__text\"><span class=\"ui-pdp-color--BLACK ui-pdp-size--XSMALL ui-pdp-family--BOLD\">Idioma<\/span>: Espa\u00f1ol<\/p>\n<\/li>\n<\/ul>\n<\/div>\n","protected":false},"featured_media":443,"template":"","meta":{"saved_in_kubio":false},"product_cat":[23],"product_tag":[],"class_list":{"0":"post-442","1":"product","2":"type-product","3":"status-publish","4":"has-post-thumbnail","6":"product_cat-escaner-automotriz","8":"first","9":"instock","10":"shipping-taxable","11":"product-type-simple"},"_links":{"self":[{"href":"https:\/\/automotiveleon.com.mx\/index.php\/wp-json\/wp\/v2\/product\/442","targetHints":{"allow":["GET"]}}],"collection":[{"href":"https:\/\/automotiveleon.com.mx\/index.php\/wp-json\/wp\/v2\/product"}],"about":[{"href":"https:\/\/automotiveleon.com.mx\/index.php\/wp-json\/wp\/v2\/types\/product"}],"wp:featuredmedia":[{"embeddable":true,"href":"https:\/\/automotiveleon.com.mx\/index.php\/wp-json\/wp\/v2\/media\/443"}],"wp:attachment":[{"href":"https:\/\/automotiveleon.com.mx\/index.php\/wp-json\/wp\/v2\/media?parent=442"}],"wp:term":[{"taxonomy":"product_cat","embeddable":true,"href":"https:\/\/automotiveleon.com.mx\/index.php\/wp-json\/wp\/v2\/product_cat?post=442"},{"taxonomy":"product_tag","embeddable":true,"href":"https:\/\/automotiveleon.com.mx\/index.php\/wp-json\/wp\/v2\/product_tag?post=442"}],"curies":[{"name":"wp","href":"https:\/\/api.w.org\/{rel}","templated":true}]}}