{"id":427,"date":"2024-10-24T04:24:20","date_gmt":"2024-10-24T04:24:20","guid":{"rendered":"https:\/\/automotiveleon.com.mx\/?post_type=product&#038;p=427"},"modified":"2024-10-24T04:25:37","modified_gmt":"2024-10-24T04:25:37","slug":"canbox-probador-de-puerto-obd2-cortocircuitos-polaridad","status":"publish","type":"product","link":"https:\/\/automotiveleon.com.mx\/index.php\/producto\/canbox-probador-de-puerto-obd2-cortocircuitos-polaridad\/","title":{"rendered":"Canbox Probador De Puerto Obd2 Cortocircuitos &#038; Polaridad"},"content":{"rendered":"<p>CAN TESTER BOX<\/p>\n<p>Probador de conector de diagnostico automotriz y caja de pruebas CAN<\/p>\n<p>1.CAN Tester Box es un probador de circuito CAN Bus compatible con sistemas de 12 y 24 voltios;<br \/>\n2. Probar el DLC (puerto OBD) si hay alg\u00fan error antes de conectar otros equipos de diagn\u00f3stico al DLC, como cortocircuito de clavija y conexi\u00f3n de polaridad inversa;<br \/>\n3. Visualizaci\u00f3n en tiempo real de se\u00f1ales de comunicaci\u00f3n (como se\u00f1ales de protocolo de comunicaci\u00f3n) en los pines asignados que pueden localizar fallas r\u00e1pidamente y reemplazar la funci\u00f3n de medici\u00f3n de voltaje del mult\u00edmetro digital;<br \/>\n4.Conecte r\u00e1pidamente 16 pines durante el diagn\u00f3stico de mantenimiento del veh\u00edculo;<br \/>\n5.Monitoreo del voltaje de entrada del OBD cuando se quema el m\u00f3dulo, alarma de alto y bajo voltaje; 6.Comunicaci\u00f3n r\u00e1pida y corta obd porsche 3-7;<br \/>\nLa llave VW obd de cortocircuito se perdi\u00f3 1-6;<br \/>\nCortocircuito obd control remoto Mitsubishi 1-4;<br \/>\nCortocircuito obd Toyota sync 4-13;<br \/>\n7. Caja de arranque CAN del banco de trabajo OBD;<br \/>\n8.Reemplace la herramienta de bater\u00eda, el dispositivo de retenci\u00f3n de voltaje del sistema el\u00e9ctrico del veh\u00edculo de 12 V y 24 V que suministra voltaje al veh\u00edculo durante un cambio de bater\u00eda para que se conserven configuraciones como c\u00f3digos de radio, memoria del asiento y electr\u00f3nica de a bordo;<\/p>\n<p>Especificaciones:<br \/>\nVoltaje de entrada: 9,0-32,0 VCC<br \/>\nCarga m\u00e1xima: 2,0 A.<br \/>\nResoluci\u00f3n: 0,1 V<br \/>\nProtecci\u00f3n contra sobrecarga: S\u00ed, fusible PTC (autorreparable)<br \/>\nProtecci\u00f3n de polaridad inversa: S\u00ed, el LED en los pines 4 y 5 se vuelve rojo<br \/>\nEst\u00e1ndar de protocolo: PWM (J1850), VPW (J1850), ISO 9141-2, DIS\/ISO 14230-4, CAN (J-2284)<br \/>\nTemperatura de funcionamiento: 0 Grados -50 Grados, humedad &lt;70%<br \/>\nToma de banana: 2 mm * 10; 2 mm a 4 mm * 2<br \/>\nLongitud del cable OBD: 70 cm o 150 cm<br \/>\nConector del cable de alimentaci\u00f3n: 5,5 \u00d7 2,1 mm<\/p>\n<p>Lista de embalaje: Probador * 1 Sondas * 10 (DIA: 2 mm)<br \/>\nTama\u00f1o del paquete: 19*13*4,7 cm<br \/>\nPeso del paquete: 0,35 kg<\/p>\n","protected":false},"excerpt":{"rendered":"<h2 class=\"ui-pdp-title\">Canbox Probador De Puerto Obd2 Cortocircuitos &amp; Polaridad<\/h2>\n<div class=\"ui-pdp-specs__table\">\n<table class=\"andes-table\">\n<tbody class=\"andes-table__body\">\n<tr class=\"andes-table__row\">\n<th class=\"andes-table__header andes-table__header--left ui-pdp-specs__table__column ui-pdp-specs__table__column-title\" scope=\"row\">\n<div class=\"andes-table__header__container\">Marca<\/div>\n<\/th>\n<td id=\":R19esqk9im:\" class=\"andes-table__column andes-table__column--left andes-table__column--vertical-align-center ui-pdp-specs__table__column\"><span id=\":R19esqk9im:-value\" class=\"andes-table__column--value\">Najo&#8217;u Tools<\/span><\/td>\n<\/tr>\n<tr class=\"andes-table__row\">\n<th class=\"andes-table__header andes-table__header--left ui-pdp-specs__table__column ui-pdp-specs__table__column-title\" scope=\"row\">\n<div class=\"andes-table__header__container\">Modelo<\/div>\n<\/th>\n<td id=\":R19msqk9im:\" class=\"andes-table__column andes-table__column--left andes-table__column--vertical-align-center ui-pdp-specs__table__column\"><span id=\":R19msqk9im:-value\" class=\"andes-table__column--value\">NJT-CANBOX1<\/span><\/td>\n<\/tr>\n<tr class=\"andes-table__row\">\n<th class=\"andes-table__header andes-table__header--left ui-pdp-specs__table__column ui-pdp-specs__table__column-title\" scope=\"row\">\n<div class=\"andes-table__header__container\">N\u00famero de parte<\/div>\n<\/th>\n<td id=\":R19usqk9im:\" class=\"andes-table__column andes-table__column--left andes-table__column--vertical-align-center ui-pdp-specs__table__column\"><span id=\":R19usqk9im:-value\" class=\"andes-table__column--value\">NJT-CANBOX1<\/span><\/td>\n<\/tr>\n<\/tbody>\n<\/table>\n<\/div>\n<h3 class=\"ui-pdp-specs__subtitle\">Otros<\/h3>\n<div class=\"ui-pdp-list ui-pdp-specs__list\">\n<ul class=\"ui-pdp-list__wrapper\">\n<li class=\"ui-pdp-list__item\">\n<p class=\"ui-pdp-family--REGULAR ui-pdp-list__text\"><span class=\"ui-pdp-color--BLACK ui-pdp-size--XSMALL ui-pdp-family--BOLD\">Incluye cable<\/span>: S\u00ed<\/p>\n<\/li>\n<li class=\"ui-pdp-list__item\">\n<p class=\"ui-pdp-family--REGULAR ui-pdp-list__text\"><span class=\"ui-pdp-color--BLACK ui-pdp-size--XSMALL ui-pdp-family--BOLD\">Idioma<\/span>: Espa\u00f1ol<\/p>\n<\/li>\n<\/ul>\n<\/div>\n","protected":false},"featured_media":428,"template":"","meta":{"saved_in_kubio":false},"product_cat":[23],"product_tag":[],"class_list":{"0":"post-427","1":"product","2":"type-product","3":"status-publish","4":"has-post-thumbnail","6":"product_cat-escaner-automotriz","8":"first","9":"instock","10":"shipping-taxable","11":"product-type-simple"},"_links":{"self":[{"href":"https:\/\/automotiveleon.com.mx\/index.php\/wp-json\/wp\/v2\/product\/427","targetHints":{"allow":["GET"]}}],"collection":[{"href":"https:\/\/automotiveleon.com.mx\/index.php\/wp-json\/wp\/v2\/product"}],"about":[{"href":"https:\/\/automotiveleon.com.mx\/index.php\/wp-json\/wp\/v2\/types\/product"}],"wp:featuredmedia":[{"embeddable":true,"href":"https:\/\/automotiveleon.com.mx\/index.php\/wp-json\/wp\/v2\/media\/428"}],"wp:attachment":[{"href":"https:\/\/automotiveleon.com.mx\/index.php\/wp-json\/wp\/v2\/media?parent=427"}],"wp:term":[{"taxonomy":"product_cat","embeddable":true,"href":"https:\/\/automotiveleon.com.mx\/index.php\/wp-json\/wp\/v2\/product_cat?post=427"},{"taxonomy":"product_tag","embeddable":true,"href":"https:\/\/automotiveleon.com.mx\/index.php\/wp-json\/wp\/v2\/product_tag?post=427"}],"curies":[{"name":"wp","href":"https:\/\/api.w.org\/{rel}","templated":true}]}}