{"id":413,"date":"2024-10-24T04:19:03","date_gmt":"2024-10-24T04:19:03","guid":{"rendered":"https:\/\/automotiveleon.com.mx\/?post_type=product&#038;p=413"},"modified":"2024-10-24T04:19:03","modified_gmt":"2024-10-24T04:19:03","slug":"bgs-444-pinzas-para-seguros-pequenos-circlip-omega-4-pzas","status":"publish","type":"product","link":"https:\/\/automotiveleon.com.mx\/index.php\/producto\/bgs-444-pinzas-para-seguros-pequenos-circlip-omega-4-pzas\/","title":{"rendered":"Bgs 444 Pinzas Para Seguros Peque\u00f1os Circlip &#038; Omega 4 Pzas"},"content":{"rendered":"<p>BGS 444 Juego de pinzas de punta para seguros \u00abCirclip\u00bb para cierre de prisioneros peque\u00f1os 4 piezas<\/p>\n<p>Especialmente adecuado para espacios reducidos como mec\u00e1nica de calefacci\u00f3n, fabricaci\u00f3n de modelos y peque\u00f1as reparaciones.<br \/>\nPuntas rectas y curvadas.<br \/>\nPara prisioneros internos y externos.<\/p>\n<p>Contenido de suministro:<br \/>\nAlicates para anillos de retenci\u00f3n interiores, rectos, 80 mm, apertura m\u00e1x. 36 mm.<br \/>\nAlicates para anillos de retenci\u00f3n interiores, en \u00e1ngulo, 80 mm, apertura m\u00e1x. 36 mm.<br \/>\nAlicates para anillos de retenci\u00f3n exteriores, rectos, 80 mm, apertura m\u00e1x. 20 mm.<br \/>\nAlicates para anillos de retenci\u00f3n exteriores, en \u00e1ngulo, 80 mm, apertura m\u00e1x. 20 mm.<\/p>\n","protected":false},"excerpt":{"rendered":"<h2 class=\"ui-pdp-title\">Bgs 444 Pinzas Para Seguros Peque\u00f1os Circlip &amp; Omega 4 Pzas<\/h2>\n<div class=\"ui-pdp-specs__tables\">\n<div class=\"ui-pdp-specs__table\">\n<table class=\"andes-table\">\n<tbody class=\"andes-table__body\">\n<tr class=\"andes-table__row\">\n<th class=\"andes-table__header andes-table__header--left ui-pdp-specs__table__column ui-pdp-specs__table__column-title\" scope=\"row\">\n<div class=\"andes-table__header__container\">Marca<\/div>\n<\/th>\n<td id=\":Rabt4basm:\" class=\"andes-table__column andes-table__column--left andes-table__column--vertical-align-center ui-pdp-specs__table__column\"><span id=\":Rabt4basm:-value\" class=\"andes-table__column--value\">BGS<\/span><\/td>\n<\/tr>\n<tr class=\"andes-table__row\">\n<th class=\"andes-table__header andes-table__header--left ui-pdp-specs__table__column ui-pdp-specs__table__column-title\" scope=\"row\">\n<div class=\"andes-table__header__container\">Modelo<\/div>\n<\/th>\n<td id=\":Radt4basm:\" class=\"andes-table__column andes-table__column--left andes-table__column--vertical-align-center ui-pdp-specs__table__column\"><span id=\":Radt4basm:-value\" class=\"andes-table__column--value\">444<\/span><\/td>\n<\/tr>\n<tr class=\"andes-table__row\">\n<th class=\"andes-table__header andes-table__header--left ui-pdp-specs__table__column ui-pdp-specs__table__column-title\" scope=\"row\">\n<div class=\"andes-table__header__container\">Unidades por pack<\/div>\n<\/th>\n<td id=\":Raft4basm:\" class=\"andes-table__column andes-table__column--left andes-table__column--vertical-align-center ui-pdp-specs__table__column\"><span id=\":Raft4basm:-value\" class=\"andes-table__column--value\">4<\/span><\/td>\n<\/tr>\n<\/tbody>\n<\/table>\n<\/div>\n<\/div>\n<h3 class=\"ui-pdp-specs__subtitle\">Otras caracter\u00edsticas<\/h3>\n<div class=\"ui-pdp-list ui-pdp-specs__list\">\n<ul class=\"ui-pdp-list__wrapper\">\n<li class=\"ui-pdp-list__item\">\n<p class=\"ui-pdp-family--REGULAR ui-pdp-list__text\"><span class=\"ui-pdp-color--BLACK ui-pdp-size--XSMALL ui-pdp-family--BOLD\">Material<\/span>: Acero<\/p>\n<\/li>\n<li class=\"ui-pdp-list__item\">\n<p class=\"ui-pdp-family--REGULAR ui-pdp-list__text\"><span class=\"ui-pdp-color--BLACK ui-pdp-size--XSMALL ui-pdp-family--BOLD\">Tipos de puntas<\/span>: Retencion<\/p>\n<\/li>\n<\/ul>\n<ul class=\"ui-pdp-list__wrapper\">\n<li class=\"ui-pdp-list__item\">\n<p class=\"ui-pdp-family--REGULAR ui-pdp-list__text\"><span class=\"ui-pdp-color--BLACK ui-pdp-size--XSMALL ui-pdp-family--BOLD\">\u00c1ngulo de la punta<\/span>: 1 cm<\/p>\n<\/li>\n<li class=\"ui-pdp-list__item\">\n<p class=\"ui-pdp-family--REGULAR ui-pdp-list__text\"><span class=\"ui-pdp-color--BLACK ui-pdp-size--XSMALL ui-pdp-family--BOLD\">Di\u00e1metro m\u00e1ximo del anillo<\/span>: 80 cm<\/p>\n<\/li>\n<\/ul>\n<ul class=\"ui-pdp-list__wrapper\">\n<li class=\"ui-pdp-list__item\">\n<p class=\"ui-pdp-family--REGULAR ui-pdp-list__text\"><span class=\"ui-pdp-color--BLACK ui-pdp-size--XSMALL ui-pdp-family--BOLD\">Di\u00e1metro m\u00ednimo del anillo<\/span>: 10 cm<\/p>\n<\/li>\n<li class=\"ui-pdp-list__item\">\n<p class=\"ui-pdp-family--REGULAR ui-pdp-list__text\"><span class=\"ui-pdp-color--BLACK ui-pdp-size--XSMALL ui-pdp-family--BOLD\">Incluye estuche<\/span>: No<\/p>\n<\/li>\n<\/ul>\n<\/div>\n","protected":false},"featured_media":414,"template":"","meta":{"saved_in_kubio":false},"product_cat":[22],"product_tag":[],"class_list":{"0":"post-413","1":"product","2":"type-product","3":"status-publish","4":"has-post-thumbnail","6":"product_cat-bgs","8":"first","9":"instock","10":"shipping-taxable","11":"product-type-simple"},"_links":{"self":[{"href":"https:\/\/automotiveleon.com.mx\/index.php\/wp-json\/wp\/v2\/product\/413","targetHints":{"allow":["GET"]}}],"collection":[{"href":"https:\/\/automotiveleon.com.mx\/index.php\/wp-json\/wp\/v2\/product"}],"about":[{"href":"https:\/\/automotiveleon.com.mx\/index.php\/wp-json\/wp\/v2\/types\/product"}],"wp:featuredmedia":[{"embeddable":true,"href":"https:\/\/automotiveleon.com.mx\/index.php\/wp-json\/wp\/v2\/media\/414"}],"wp:attachment":[{"href":"https:\/\/automotiveleon.com.mx\/index.php\/wp-json\/wp\/v2\/media?parent=413"}],"wp:term":[{"taxonomy":"product_cat","embeddable":true,"href":"https:\/\/automotiveleon.com.mx\/index.php\/wp-json\/wp\/v2\/product_cat?post=413"},{"taxonomy":"product_tag","embeddable":true,"href":"https:\/\/automotiveleon.com.mx\/index.php\/wp-json\/wp\/v2\/product_tag?post=413"}],"curies":[{"name":"wp","href":"https:\/\/api.w.org\/{rel}","templated":true}]}}