{"id":398,"date":"2024-10-24T04:12:22","date_gmt":"2024-10-24T04:12:22","guid":{"rendered":"https:\/\/automotiveleon.com.mx\/?post_type=product&#038;p=398"},"modified":"2024-10-24T04:12:22","modified_gmt":"2024-10-24T04:12:22","slug":"manometro-probador-de-presion-de-combustible-bgs-8401-mx","status":"publish","type":"product","link":"https:\/\/automotiveleon.com.mx\/index.php\/producto\/manometro-probador-de-presion-de-combustible-bgs-8401-mx\/","title":{"rendered":"Man\u00f3metro Probador De Presi\u00f3n De Combustible Bgs 8401-mx"},"content":{"rendered":"<p>Bgs 8401-mx Man\u00f3metro Probador De Presi\u00f3n De Combustible<\/p>\n<p>Descripci\u00f3n<br \/>\n\u2022 Ideal para una comprobaci\u00f3n r\u00e1pida y eficiente del sistema de inyecci\u00f3n<br \/>\n\u2022 Se\u00f1ala si la bomba de combustible presenta un defecto o inconsistencia en su flujo<br \/>\n\u2022 Adecuado para motores de gasolina<br \/>\n\u2022 Medidor con rango de 0-10 bar o 0-140 psi<br \/>\n\u2022 Compatible con la mayor\u00eda de sistemas de inyecci\u00f3n<br \/>\n\u2022 Precisi\u00f3n de +\/- 2%<br \/>\n\u2022 Peso 1.8 kg<\/p>\n","protected":false},"excerpt":{"rendered":"<h2 class=\"ui-pdp-title\">Man\u00f3metro Probador De Presi\u00f3n De Combustible Bgs 8401-mx<\/h2>\n<div class=\"ui-pdp-specs__tables\">\n<div class=\"ui-pdp-specs__table\">\n<table class=\"andes-table\">\n<tbody class=\"andes-table__body\">\n<tr class=\"andes-table__row\">\n<th class=\"andes-table__header andes-table__header--left ui-pdp-specs__table__column ui-pdp-specs__table__column-title\" scope=\"row\">\n<div class=\"andes-table__header__container\">Marca<\/div>\n<\/th>\n<td id=\":Rabt4basm:\" class=\"andes-table__column andes-table__column--left andes-table__column--vertical-align-center ui-pdp-specs__table__column\"><span id=\":Rabt4basm:-value\" class=\"andes-table__column--value\">BGS<\/span><\/td>\n<\/tr>\n<tr class=\"andes-table__row\">\n<th class=\"andes-table__header andes-table__header--left ui-pdp-specs__table__column ui-pdp-specs__table__column-title\" scope=\"row\">\n<div class=\"andes-table__header__container\">Modelo<\/div>\n<\/th>\n<td id=\":Radt4basm:\" class=\"andes-table__column andes-table__column--left andes-table__column--vertical-align-center ui-pdp-specs__table__column\"><span id=\":Radt4basm:-value\" class=\"andes-table__column--value\">8401-MX<\/span><\/td>\n<\/tr>\n<\/tbody>\n<\/table>\n<\/div>\n<\/div>\n<h3 class=\"ui-pdp-specs__subtitle\">Otros<\/h3>\n<div class=\"ui-pdp-list ui-pdp-specs__list\">\n<ul class=\"ui-pdp-list__wrapper\">\n<li class=\"ui-pdp-list__item\">\n<p class=\"ui-pdp-family--REGULAR ui-pdp-list__text\"><span class=\"ui-pdp-color--BLACK ui-pdp-size--XSMALL ui-pdp-family--BOLD\">Tipo de veh\u00edculo<\/span>: Auto\/Camioneta<\/p>\n<\/li>\n<li class=\"ui-pdp-list__item\">\n<p class=\"ui-pdp-family--REGULAR ui-pdp-list__text\"><span class=\"ui-pdp-color--BLACK ui-pdp-size--XSMALL ui-pdp-family--BOLD\">Largo de la manguera<\/span>: 36 cm<\/p>\n<\/li>\n<\/ul>\n<ul class=\"ui-pdp-list__wrapper\">\n<li class=\"ui-pdp-list__item\">\n<p class=\"ui-pdp-family--REGULAR ui-pdp-list__text\"><span class=\"ui-pdp-color--BLACK ui-pdp-size--XSMALL ui-pdp-family--BOLD\">Cantidad de adaptadores<\/span>: 15<\/p>\n<\/li>\n<\/ul>\n<\/div>\n","protected":false},"featured_media":399,"template":"","meta":{"saved_in_kubio":false},"product_cat":[22],"product_tag":[],"class_list":{"0":"post-398","1":"product","2":"type-product","3":"status-publish","4":"has-post-thumbnail","6":"product_cat-bgs","8":"first","9":"instock","10":"shipping-taxable","11":"product-type-simple"},"_links":{"self":[{"href":"https:\/\/automotiveleon.com.mx\/index.php\/wp-json\/wp\/v2\/product\/398","targetHints":{"allow":["GET"]}}],"collection":[{"href":"https:\/\/automotiveleon.com.mx\/index.php\/wp-json\/wp\/v2\/product"}],"about":[{"href":"https:\/\/automotiveleon.com.mx\/index.php\/wp-json\/wp\/v2\/types\/product"}],"wp:featuredmedia":[{"embeddable":true,"href":"https:\/\/automotiveleon.com.mx\/index.php\/wp-json\/wp\/v2\/media\/399"}],"wp:attachment":[{"href":"https:\/\/automotiveleon.com.mx\/index.php\/wp-json\/wp\/v2\/media?parent=398"}],"wp:term":[{"taxonomy":"product_cat","embeddable":true,"href":"https:\/\/automotiveleon.com.mx\/index.php\/wp-json\/wp\/v2\/product_cat?post=398"},{"taxonomy":"product_tag","embeddable":true,"href":"https:\/\/automotiveleon.com.mx\/index.php\/wp-json\/wp\/v2\/product_tag?post=398"}],"curies":[{"name":"wp","href":"https:\/\/api.w.org\/{rel}","templated":true}]}}