{"id":385,"date":"2024-10-24T03:49:13","date_gmt":"2024-10-24T03:49:13","guid":{"rendered":"https:\/\/automotiveleon.com.mx\/?post_type=product&#038;p=385"},"modified":"2024-10-24T03:49:14","modified_gmt":"2024-10-24T03:49:14","slug":"autel-im608-pro2-codificacion-ecu-programacion-llaves-immo","status":"publish","type":"product","link":"https:\/\/automotiveleon.com.mx\/index.php\/producto\/autel-im608-pro2-codificacion-ecu-programacion-llaves-immo\/","title":{"rendered":"Autel Im608 Pro2 Codificaci\u00f3n Ecu, Programacion Llaves, Immo"},"content":{"rendered":"<p>Autel IM608pro2 es una tableta con pantalla t\u00e1ctil de 10,1 pulgadas basada en Android con capacidades avanzadas de programaci\u00f3n de llaves e inmovilizadores, funciones, pruebas y caracter\u00edsticas de diagn\u00f3stico integrales, y un extenso men\u00fa de servicio.<\/p>\n<p>IM608pro2 sobresale en la programaci\u00f3n de claves, ya que admite la programaci\u00f3n de claves OBD para el 80% de los veh\u00edculos que circulan actualmente. Equipados con la funci\u00f3n Remote Expert de Autel, los usuarios pueden conectarse de forma remota con expertos experimentados listos para ayudar con cualquier problema de diagn\u00f3stico directamente desde su tableta.<\/p>\n<p>Las funciones adicionales de clave e inmovilizador incluyen generaci\u00f3n de clave, aprendizaje remoto y de clave, reinicio, actualizaci\u00f3n y codificaci\u00f3n del inmovilizador, y lectura y escritura de transpondedor y EEPROM\/MCU. Instalado con un r\u00e1pido procesador octa-core, el IM608pro2 le proporciona todas las funciones especiales para diagnosticar r\u00e1pidamente todos los m\u00f3dulos del sistema para la mayor\u00eda de marcas y modelos de veh\u00edculos. La tableta ofrece un extenso men\u00fa de servicios, que incluye las 40 tareas de mantenimiento m\u00e1s comunes y el intercambio de informes basado en la nube.<br \/>\nEl IM608pro2 requiere conexi\u00f3n a Internet para las funciones del inmovilizador. Sin embargo, no se requiere conexi\u00f3n a Internet para el diagn\u00f3stico.<\/p>\n<p>\u00bfC\u00f3mo se compara la tableta Autel IM608pro2 con la IM608pro2 o original?<\/p>\n<p>Ambos usan el mismo software, pero el IM608pro2 tiene hardware actualizado y requiere conexi\u00f3n a Internet para las funciones IMMO. Ya no se necesita Internet para las funciones de diagn\u00f3stico.<\/p>\n<p>&#8211; Modo inteligente para aprendizaje de claves guiado y automatizado<br \/>\n&#8211; Modo experto para aprendizaje clave avanzado<br \/>\n&#8211; Leer PIN\/CS (todas las claves perdidas), generaci\u00f3n de claves, aprendizaje de claves, aprendizaje remoto<br \/>\n&#8211; Reinicio\/adaptaci\u00f3n, actualizaci\u00f3n\/codificaci\u00f3n de IMMO ECU<br \/>\n&#8211; Lectura\/escritura de transponder, lectura\/escritura de EEPROM\/MCU<br \/>\n&#8211; Diagn\u00f3stico avanzado de nivel OE para veh\u00edculos estadounidenses, asi\u00e1ticos y europeos.<br \/>\n&#8211; Amplio men\u00fa de mantenimiento\/servicios, que incluye acceso directo a las funciones EPB, DPF, SAS, Oil Reset y BMS<br \/>\n&#8211; Equipado con capacidad Autel Remote Expert. Con\u00e9ctese de forma remota con expertos experimentados listos para ayudarlo con cualquier problema de diagn\u00f3stico.<br \/>\n&#8211; Todos los informes de mantenimiento almacenados en la nube, lo que le permite ver los registros de prueba y del dispositivo en cualquier momento y lugar<br \/>\n&#8211; Procesador Qualcomm Octa-core (2,2 GHz)<br \/>\n&#8211; Pantalla t\u00e1ctil LCD de 10,1 pulgadas con resoluci\u00f3n de 1920 x 1200<br \/>\n&#8211; Memoria de almacenamiento de 128 GB<br \/>\n&#8211; Sistema operativo Android 11 para un arranque r\u00e1pido y multitarea<br \/>\n&#8211; Incluye probador de OBD2\/CAN NJ007<br \/>\n-Incluye 1 a\u00f1o de licencia FCA sin costo<\/p>\n<p>El Autel IM608pro2 tambi\u00e9n incluye una nueva Jbox que es compatible con CANFD y DOIP. El IM608PRO Jbox original no lo es.<\/p>\n<p>El paquete Autel IM608pro2 incluye el XP400pro y el IMKPA.<\/p>\n<p>Funciones IMMO<br \/>\nConecte la tableta IM608pro2 al veh\u00edculo (a trav\u00e9s del VCI Bluetooth o el cable principal) y al XP400pro (a trav\u00e9s del cable USB) para acceder a las funciones relacionadas con IMMO, incluido el aprendizaje de teclas, el aprendizaje de control remoto, la adici\u00f3n de control remoto, etc. El software proporciona dos m\u00e9todos para acceder a las funciones IMMO:<br \/>\n&#8211; Modo Inteligente: paso a paso a trav\u00e9s de una serie de funciones.<br \/>\n&#8211; Modo experto: seleccione una funci\u00f3n espec\u00edfica.<\/p>\n<p>Funciones de PROGRAMACI\u00d3N DE LLAVES<br \/>\nConecte la tableta IM608pro2 al programador de llaves XP400pro (no se requiere conexi\u00f3n al veh\u00edculo) para acceder al chip de la llave, leer, recuperar y escribir informaci\u00f3n de la llave, as\u00ed como otras funciones relacionadas con la llave. El XP400prp incluye 12 puertos:<br \/>\n&#8211; Puerto CC: proporciona fuente de alimentaci\u00f3n de 12 V CC.<br \/>\n&#8211; Puerto USB: proporciona comunicaci\u00f3n de datos y fuente de alimentaci\u00f3n de 5 V CC.<br \/>\n&#8211; Puerto DB de 26 pines: se conecta con el cable de infrarrojos de Mercedes-Benz, el cable de la llave del veh\u00edculo, el cable de la ECU, el cable de la MCU y el cable Pines de se\u00f1al cruzada: sostienen la placa MCU, el cable de repuesto de MCU o la interfaz de se\u00f1al de bricolaje.<br \/>\n\u00c1rea de inducci\u00f3n de la tarjeta IC<br \/>\nRanura para la llave del veh\u00edculo: contiene la llave del veh\u00edculo.<br \/>\nRanura para transpondedor: sostiene el transpondedor.<br \/>\n\u00c1rea de inducci\u00f3n del transpondedor de control remoto.<br \/>\nRanura para llave infrarroja Mercedes-Benz: contiene la llave infrarroja Mercedes-Benz.<br \/>\nLED de estado: indica el estado operativo actual.<br \/>\nCasillero: bloquea la ranura del transpondedor del componente EEPROM para garantizar el funcionamiento adecuado.<br \/>\nRanura del transpondedor del componente EEPROM: sostiene el transpondedor enchufable de EEPROM o el z\u00f3calo de EEPROM.<\/p>\n<p>Funciones de DIAGN\u00d3STICO y SERVICIO<br \/>\nConecte la tableta IM608PROII al veh\u00edculo a trav\u00e9s de MaxiFlash JVCI+ para realizar amplias funciones de diagn\u00f3stico y servicio. El IM608PROII incluye programaci\u00f3n\/codificaci\u00f3n en la nube para BMW y Mercedes-Benz. Lista de cobertura detallada (seleccione IM608(IMMO) en el men\u00fa desplegable).<\/p>\n<p>Lista de funciones de AUTEL APB112:<br \/>\nSimulador de llave inteligente<br \/>\nCompatible con IM608, IM508 y MX808IM<br \/>\nCompacto pero deber\u00eda usarse con el XP400<br \/>\nNo se puede utilizar con el XP200<br \/>\n46, recopilaci\u00f3n de datos 4D<br \/>\nC\u00e1lculo de contrase\u00f1a de 46 claves inteligentes<br \/>\nSimulaci\u00f3n de 46 chips<br \/>\nPara simulaci\u00f3n de llave inteligente Toyota 4D (94\/D4, 98)<br \/>\nPara simulaci\u00f3n de llave inteligente Toyota H (88\/A8, A9, 39)<br \/>\nRecoge datos de la bobina de encendido.<br \/>\nIdentificar problemas en la bobina de encendido<br \/>\nDecodificar datos del chip de la llave del veh\u00edculo<br \/>\nSimular el chip de la llave del veh\u00edculo (ex &#8211; chip 4D)<br \/>\nDebe usarse con una herramienta de diagn\u00f3stico Autel.<br \/>\nPara la llave inteligente Toyota\/Lexus, se pierden todas las llaves<br \/>\nDecodificaci\u00f3n de chips (Hyundai 46)<\/p>\n<p>Autel G-BOX2 Exhibici\u00f3n del producto:<br \/>\nPuerto CC: proporciona fuente de alimentaci\u00f3n de +12 V CC.<br \/>\nPuerto CAN-H: interfaz de bus CAN universal, se conecta con OBDII Pin6<br \/>\nPuerto K1: interfaz universal K-Line, se conecta con OBDII Pin1<br \/>\nIndicador de estado: indica el estado operativo actual<br \/>\nPuertos de rel\u00e9: conecte con cables de rel\u00e9 dedicados<br \/>\nPuerto de alimentaci\u00f3n de +12 V: puerto de entrada\/salida de alimentaci\u00f3n universal<br \/>\nConector OBDII: se conecta al OBDII del veh\u00edculo directamente o mediante un cable de extensi\u00f3n dedicado<br \/>\nConector hembra OBDII: se conecta al cable principal de la tableta de diagn\u00f3stico Autel<br \/>\nPuerto CAN-L: interfaz de bus CAN universal, se conecta con OBDII Pin14<br \/>\nPuerto K7: interfaz universal K-Line, se conecta con OBDII Pin7<br \/>\nPuerto GND: puerto de entrada\/salida de alimentaci\u00f3n universal<br \/>\nPuerto DB15: se utiliza con un cable DB15 dedicado para leer y escribir m\u00faltiples tipos de ECU<\/p>\n<p>Kit de adaptador de programaci\u00f3n de clave ampliada Autel IMKPA MaxiIM, que funciona con IM608, IM508+XP400 PRO, IM608+XP400 PRO, IM608 PRO, IM608PROKPA<\/p>\n<p>Autel IMKPA<br \/>\nKit de programaci\u00f3n de llavero avanzado: funciona con el IM608 (XP400) o XP400 PRO de 2022: como el kit de accesorios de programaci\u00f3n de llavero m\u00e1s avanzado hasta la fecha, el kit Autel IMKPA debe funcionar con el IM608 o XP400 Pro + IM508\/IM608\/2022. IM608 Pro para realizar programaci\u00f3n clave avanzada para BENZ\/BMW\/VW\/AUDI,etc.<\/p>\n<p>&#8211; PROGRAMADOR DE LLAVES AVANZADO PARA BENZ\/ BMW\/ AUDI\/ VW\/ ETC: El kit IMKPA permite leer\/escribir\/borrar datos de Mercedes Benz ESL_W209 \/ W906, aprendizaje de claves OE NEC de Mercedes Benz, aprendizaje de claves BMW EWS3 y Volkswagen\/AUDI. Desbloqueo de claves \/BMW\/Mercedes Benz, admite m\u00e1s de 10 tipos de desbloqueo de claves.<br \/>\n-12 ADAPTADORES INCLUIDOS &#8211; PROFESIONAL PARA MEC\u00c1NICA: El kit Autel IMKPA incluye 12 adaptadores, compatibles con el XP400 Pro para ampliar la programaci\u00f3n clave del XP400 Pro. El kit incluye: APB113, APB114, APB115, APB118, APB119, APB120, APB121, APB122, APB123, APB126, APB127, APB128.<\/p>\n<p>USO CON IM508+XP400 Pro: Si el presupuesto es limitado, puede elegir la combinaci\u00f3n IM508+XP400 Pro+IMKPAT para obtener la misma capacidad de programaci\u00f3n de claves IMMO que el \u00faltimo IM608 Pro+IMKPA, definitivamente el combo de programador de claves m\u00e1s competitivo.<\/p>\n<p>Caracter\u00edsticas<br \/>\n&#8211; Kit adaptador de programaci\u00f3n de llaves MaxiIM<br \/>\n&#8211; Incluye 12 adaptadores, compatibles con el XP400Pro<br \/>\n&#8211; Permite leer\/escribir\/borrar datos en Mercedes Benz ESL W209 \/ W906<br \/>\n&#8211; Permite el aprendizaje clave de Mercedes Benz OE NEC<br \/>\n&#8211; Permite el aprendizaje clave del BMW EWS3<br \/>\n&#8211; Permite desbloquear con llave Volkswagen\/AUDI\/BMW\/Mercedes Benz<br \/>\n&#8211; Compatible con tabletas IM608 y tabletas IM508 con XP400Pro<\/p>\n","protected":false},"excerpt":{"rendered":"<h2>Autel Im608 Pro2 Codificaci\u00f3n Ecu, Programacion Llaves, Immo<\/h2>\n<div class=\"ui-pdp-specs__table\">\n<table class=\"andes-table\">\n<tbody class=\"andes-table__body\">\n<tr class=\"andes-table__row\">\n<th class=\"andes-table__header andes-table__header--left ui-pdp-specs__table__column ui-pdp-specs__table__column-title\" scope=\"row\">\n<div class=\"andes-table__header__container\">Marca<\/div>\n<\/th>\n<td id=\":R19esqk9im:\" class=\"andes-table__column andes-table__column--left andes-table__column--vertical-align-center ui-pdp-specs__table__column\"><span id=\":R19esqk9im:-value\" class=\"andes-table__column--value\">Autel<\/span><\/td>\n<\/tr>\n<tr class=\"andes-table__row\">\n<th class=\"andes-table__header andes-table__header--left ui-pdp-specs__table__column ui-pdp-specs__table__column-title\" scope=\"row\">\n<div class=\"andes-table__header__container\">Modelo<\/div>\n<\/th>\n<td id=\":R19msqk9im:\" class=\"andes-table__column andes-table__column--left andes-table__column--vertical-align-center ui-pdp-specs__table__column\"><span id=\":R19msqk9im:-value\" class=\"andes-table__column--value\">AUL-IM608pro2<\/span><\/td>\n<\/tr>\n<tr class=\"andes-table__row\">\n<th class=\"andes-table__header andes-table__header--left ui-pdp-specs__table__column ui-pdp-specs__table__column-title\" scope=\"row\">\n<div class=\"andes-table__header__container\">N\u00famero de parte<\/div>\n<\/th>\n<td id=\":R19usqk9im:\" class=\"andes-table__column andes-table__column--left andes-table__column--vertical-align-center ui-pdp-specs__table__column\"><span id=\":R19usqk9im:-value\" class=\"andes-table__column--value\">AUL-IM608pro2<\/span><\/td>\n<\/tr>\n<\/tbody>\n<\/table>\n<\/div>\n<h3 class=\"ui-pdp-specs__subtitle\">Otros<\/h3>\n<div class=\"ui-pdp-list ui-pdp-specs__list\">\n<ul class=\"ui-pdp-list__wrapper\">\n<li class=\"ui-pdp-list__item\">\n<p class=\"ui-pdp-family--REGULAR ui-pdp-list__text\"><span class=\"ui-pdp-color--BLACK ui-pdp-size--XSMALL ui-pdp-family--BOLD\">Incluye cable<\/span>: S\u00ed<\/p>\n<\/li>\n<li class=\"ui-pdp-list__item\">\n<p class=\"ui-pdp-family--REGULAR ui-pdp-list__text\"><span class=\"ui-pdp-color--BLACK ui-pdp-size--XSMALL ui-pdp-family--BOLD\">Idioma<\/span>: Espa\u00f1ol<\/p>\n<\/li>\n<\/ul>\n<\/div>\n","protected":false},"featured_media":386,"template":"","meta":{"saved_in_kubio":false},"product_cat":[21],"product_tag":[],"class_list":{"0":"post-385","1":"product","2":"type-product","3":"status-publish","4":"has-post-thumbnail","6":"product_cat-autel","8":"first","9":"instock","10":"shipping-taxable","11":"product-type-simple"},"_links":{"self":[{"href":"https:\/\/automotiveleon.com.mx\/index.php\/wp-json\/wp\/v2\/product\/385","targetHints":{"allow":["GET"]}}],"collection":[{"href":"https:\/\/automotiveleon.com.mx\/index.php\/wp-json\/wp\/v2\/product"}],"about":[{"href":"https:\/\/automotiveleon.com.mx\/index.php\/wp-json\/wp\/v2\/types\/product"}],"wp:featuredmedia":[{"embeddable":true,"href":"https:\/\/automotiveleon.com.mx\/index.php\/wp-json\/wp\/v2\/media\/386"}],"wp:attachment":[{"href":"https:\/\/automotiveleon.com.mx\/index.php\/wp-json\/wp\/v2\/media?parent=385"}],"wp:term":[{"taxonomy":"product_cat","embeddable":true,"href":"https:\/\/automotiveleon.com.mx\/index.php\/wp-json\/wp\/v2\/product_cat?post=385"},{"taxonomy":"product_tag","embeddable":true,"href":"https:\/\/automotiveleon.com.mx\/index.php\/wp-json\/wp\/v2\/product_tag?post=385"}],"curies":[{"name":"wp","href":"https:\/\/api.w.org\/{rel}","templated":true}]}}