{"id":278,"date":"2024-10-22T02:40:17","date_gmt":"2024-10-22T02:40:17","guid":{"rendered":"https:\/\/automotiveleon.com.mx\/?post_type=product&#038;p=278"},"modified":"2024-10-22T02:40:17","modified_gmt":"2024-10-22T02:40:17","slug":"laboratorio-6-inyectores-gdi-con-tina-de-ultrasonido-launch","status":"publish","type":"product","link":"https:\/\/automotiveleon.com.mx\/index.php\/producto\/laboratorio-6-inyectores-gdi-con-tina-de-ultrasonido-launch\/","title":{"rendered":"Laboratorio 6 Inyectores Gdi Con Tina De Ultrasonido Launch"},"content":{"rendered":"<p>LAUNCH CNC605A LABORATORIO PARA 6 INYECTORES TIPO GDI, FSI, EFI CON TINA DE ULTRASONIDO.<\/p>\n<p>* NUEVO LABORATORIO PARA INYECTORES DE ALTA EFICIENCIA<br \/>\n* MANEJA INYECTORES GDI, FSI, EFI Y MAS<br \/>\n* NO REQUIERE DESARMADO DE INYECTORES FSI &amp; EFI<br \/>\n* PANEL DIGITAL Y EN ESPA\u00d1OL<br \/>\n* POTENTE TINA DE ULTRASONIDO INTEGRADA PARA AHORAR ESPACIO<br \/>\n* INCLUYE REJILLA PARA 8 INJECTORES EN TINA DE ULTRASONIDO<br \/>\n* TRABAJA CON 110V &#8211; 50 Hz\/60 Hz<br \/>\n* 1 A\u00d1O DE GARANTIA EN MEXICO CON CEDRA TOOLS<\/p>\n<p>El laboratorio CNC605A es la nueva herramienta en el cat\u00e1logo de equipos por parte de Launch para la limpieza y prueba de inyectores de nueva generaci\u00f3n o mejor conocidos de Inyecci\u00f3n directa GDI, FSI, EFI y m\u00e1s. (No requiere desarmado de inyectores FSI &amp; EFI)<\/p>\n<p>El CNC605A te permite probar los inyectores simulando las caracter\u00edsticas del motor sometiendo a estr\u00e9s los inyectores y analizar su correcto desempe\u00f1o con las variantes de presi\u00f3n y revoluciones que ser\u00e1n el verdadero indicativo del funcionamiento de los inyectores.<\/p>\n<p>Tambien te permite la limpieza y puesta a punto de los inyectores con su tina de ultrasonido profesional incluida que remueva de manera interna los dep\u00f3sitos de carbon que se generan en el inyector, as\u00ed como su pulsador electr\u00f3nico de inyectores regulado que permite la correcta apertura y cerrado para este tipo de inyectores de nueva generaci\u00f3n que no es posible con otros equipos.<\/p>\n","protected":false},"excerpt":{"rendered":"<h2 class=\"ui-pdp-title\">Laboratorio 6 Inyectores Gdi Con Tina De Ultrasonido Launch<\/h2>\n<div class=\"ui-pdp-specs__table\">\n<table class=\"andes-table\">\n<tbody class=\"andes-table__body\">\n<tr class=\"andes-table__row\">\n<th class=\"andes-table__header andes-table__header--left ui-pdp-specs__table__column ui-pdp-specs__table__column-title\" scope=\"row\">\n<div class=\"andes-table__header__container\">Marca<\/div>\n<\/th>\n<td id=\":R19esqk9im:\" class=\"andes-table__column andes-table__column--left andes-table__column--vertical-align-center ui-pdp-specs__table__column\"><span id=\":R19esqk9im:-value\" class=\"andes-table__column--value\">LAUNCH TECH CO.<\/span><\/td>\n<\/tr>\n<tr class=\"andes-table__row\">\n<th class=\"andes-table__header andes-table__header--left ui-pdp-specs__table__column ui-pdp-specs__table__column-title\" scope=\"row\">\n<div class=\"andes-table__header__container\">Modelo<\/div>\n<\/th>\n<td id=\":R19msqk9im:\" class=\"andes-table__column andes-table__column--left andes-table__column--vertical-align-center ui-pdp-specs__table__column\"><span id=\":R19msqk9im:-value\" class=\"andes-table__column--value\">CNC605A<\/span><\/td>\n<\/tr>\n<tr class=\"andes-table__row\">\n<th class=\"andes-table__header andes-table__header--left ui-pdp-specs__table__column ui-pdp-specs__table__column-title\" scope=\"row\">\n<div class=\"andes-table__header__container\">N\u00famero de parte<\/div>\n<\/th>\n<td id=\":R19usqk9im:\" class=\"andes-table__column andes-table__column--left andes-table__column--vertical-align-center ui-pdp-specs__table__column\"><span id=\":R19usqk9im:-value\" class=\"andes-table__column--value\">703010075<\/span><\/td>\n<\/tr>\n<\/tbody>\n<\/table>\n<\/div>\n<h3 class=\"ui-pdp-specs__subtitle\">Otros<\/h3>\n<div class=\"ui-pdp-list ui-pdp-specs__list\">\n<ul class=\"ui-pdp-list__wrapper\">\n<li class=\"ui-pdp-list__item\">\n<p class=\"ui-pdp-family--REGULAR ui-pdp-list__text\"><span class=\"ui-pdp-color--BLACK ui-pdp-size--XSMALL ui-pdp-family--BOLD\">Tipo de veh\u00edculo<\/span>: Auto\/Camioneta<\/p>\n<\/li>\n<li class=\"ui-pdp-list__item\">\n<p class=\"ui-pdp-family--REGULAR ui-pdp-list__text\"><span class=\"ui-pdp-color--BLACK ui-pdp-size--XSMALL ui-pdp-family--BOLD\">Tipo de inyecci\u00f3n<\/span>: Directa<\/p>\n<\/li>\n<\/ul>\n<ul class=\"ui-pdp-list__wrapper\">\n<li class=\"ui-pdp-list__item\">\n<p class=\"ui-pdp-family--REGULAR ui-pdp-list__text\"><span class=\"ui-pdp-color--BLACK ui-pdp-size--XSMALL ui-pdp-family--BOLD\">Tipo de combustible<\/span>: Gasolina<\/p>\n<\/li>\n<\/ul>\n<\/div>\n","protected":false},"featured_media":279,"template":"","meta":{"saved_in_kubio":false},"product_cat":[27],"product_tag":[],"class_list":{"0":"post-278","1":"product","2":"type-product","3":"status-publish","4":"has-post-thumbnail","6":"product_cat-launch","8":"first","9":"instock","10":"shipping-taxable","11":"product-type-simple"},"_links":{"self":[{"href":"https:\/\/automotiveleon.com.mx\/index.php\/wp-json\/wp\/v2\/product\/278","targetHints":{"allow":["GET"]}}],"collection":[{"href":"https:\/\/automotiveleon.com.mx\/index.php\/wp-json\/wp\/v2\/product"}],"about":[{"href":"https:\/\/automotiveleon.com.mx\/index.php\/wp-json\/wp\/v2\/types\/product"}],"wp:featuredmedia":[{"embeddable":true,"href":"https:\/\/automotiveleon.com.mx\/index.php\/wp-json\/wp\/v2\/media\/279"}],"wp:attachment":[{"href":"https:\/\/automotiveleon.com.mx\/index.php\/wp-json\/wp\/v2\/media?parent=278"}],"wp:term":[{"taxonomy":"product_cat","embeddable":true,"href":"https:\/\/automotiveleon.com.mx\/index.php\/wp-json\/wp\/v2\/product_cat?post=278"},{"taxonomy":"product_tag","embeddable":true,"href":"https:\/\/automotiveleon.com.mx\/index.php\/wp-json\/wp\/v2\/product_tag?post=278"}],"curies":[{"name":"wp","href":"https:\/\/api.w.org\/{rel}","templated":true}]}}