{"id":269,"date":"2024-10-22T02:28:23","date_gmt":"2024-10-22T02:28:23","guid":{"rendered":"https:\/\/automotiveleon.com.mx\/?post_type=product&#038;p=269"},"modified":"2024-10-22T02:28:23","modified_gmt":"2024-10-22T02:28:23","slug":"innova-3320-multimetro-automotriz-digital-innova-auto-rango","status":"publish","type":"product","link":"https:\/\/automotiveleon.com.mx\/index.php\/producto\/innova-3320-multimetro-automotriz-digital-innova-auto-rango\/","title":{"rendered":"Innova 3320 Mult\u00edmetro Automotriz Digital Innova Auto Rango"},"content":{"rendered":"<p>El Innova 3320 es un Mult\u00edmetro Automotriz Digital de alta calidad y precisi\u00f3n, ideal para cualquier profesional o entusiasta del autom\u00f3vil. Este producto, de la reconocida marca Innova, es capaz de medir corriente tanto en corriente alterna (CA) con un m\u00e1ximo de 200 mA, como en corriente continua (CC) con un m\u00e1ximo de 10 A. Adem\u00e1s, puede medir frecuencias de hasta 400 Hz, lo que lo hace extremadamente vers\u00e1til para cualquier tipo de trabajo el\u00e9ctrico o electr\u00f3nico. Con una capacidad para medir tensiones de hasta 600V tanto en CA como en CC, este mult\u00edmetro es seguro y confiable para cualquier tipo de veh\u00edculo. El modelo Auto Rango facilita su uso, ya que ajusta autom\u00e1ticamente el rango de medici\u00f3n seg\u00fan lo que se est\u00e9 probando.<\/p>\n","protected":false},"excerpt":{"rendered":"<h2 class=\"ui-pdp-title\">Innova 3320 Mult\u00edmetro Automotriz Digital Innova Auto Rango<\/h2>\n<div class=\"ui-pdp-specs__tables\">\n<div class=\"ui-pdp-specs__table\">\n<table class=\"andes-table\">\n<tbody class=\"andes-table__body\">\n<tr class=\"andes-table__row\">\n<th class=\"andes-table__header andes-table__header--left ui-pdp-specs__table__column ui-pdp-specs__table__column-title\" scope=\"row\">\n<div class=\"andes-table__header__container\">Marca<\/div>\n<\/th>\n<td id=\":Rabt4basm:\" class=\"andes-table__column andes-table__column--left andes-table__column--vertical-align-center ui-pdp-specs__table__column\"><span id=\":Rabt4basm:-value\" class=\"andes-table__column--value\">Innova<\/span><\/td>\n<\/tr>\n<tr class=\"andes-table__row\">\n<th class=\"andes-table__header andes-table__header--left ui-pdp-specs__table__column ui-pdp-specs__table__column-title\" scope=\"row\">\n<div class=\"andes-table__header__container\">Modelo<\/div>\n<\/th>\n<td id=\":Radt4basm:\" class=\"andes-table__column andes-table__column--left andes-table__column--vertical-align-center ui-pdp-specs__table__column\"><span id=\":Radt4basm:-value\" class=\"andes-table__column--value\">Multimetro Automotriz Digital Auto Rango<\/span><\/td>\n<\/tr>\n<\/tbody>\n<\/table>\n<\/div>\n<\/div>\n<h3 class=\"ui-pdp-specs__subtitle\">Otros<\/h3>\n<div class=\"ui-pdp-list ui-pdp-specs__list\">\n<ul class=\"ui-pdp-list__wrapper\">\n<li class=\"ui-pdp-list__item\">\n<p class=\"ui-pdp-family--REGULAR ui-pdp-list__text\"><span class=\"ui-pdp-color--BLACK ui-pdp-size--XSMALL ui-pdp-family--BOLD\">Tensi\u00f3n m\u00e1xima CA<\/span>: 600V<\/p>\n<\/li>\n<li class=\"ui-pdp-list__item\">\n<p class=\"ui-pdp-family--REGULAR ui-pdp-list__text\"><span class=\"ui-pdp-color--BLACK ui-pdp-size--XSMALL ui-pdp-family--BOLD\">Tensi\u00f3n m\u00e1xima CC<\/span>: 600V<\/p>\n<\/li>\n<\/ul>\n<ul class=\"ui-pdp-list__wrapper\">\n<li class=\"ui-pdp-list__item\">\n<p class=\"ui-pdp-family--REGULAR ui-pdp-list__text\"><span class=\"ui-pdp-color--BLACK ui-pdp-size--XSMALL ui-pdp-family--BOLD\">Corriente m\u00e1xima CA<\/span>: 200 mA<\/p>\n<\/li>\n<li class=\"ui-pdp-list__item\">\n<p class=\"ui-pdp-family--REGULAR ui-pdp-list__text\"><span class=\"ui-pdp-color--BLACK ui-pdp-size--XSMALL ui-pdp-family--BOLD\">Corriente m\u00e1xima CC<\/span>: 10 A<\/p>\n<\/li>\n<\/ul>\n<ul class=\"ui-pdp-list__wrapper\">\n<li class=\"ui-pdp-list__item\">\n<p class=\"ui-pdp-family--REGULAR ui-pdp-list__text\"><span class=\"ui-pdp-color--BLACK ui-pdp-size--XSMALL ui-pdp-family--BOLD\">Frecuencia m\u00e1xima<\/span>: 400 Hz<\/p>\n<\/li>\n<\/ul>\n<\/div>\n","protected":false},"featured_media":271,"template":"","meta":{"saved_in_kubio":false},"product_cat":[26],"product_tag":[],"class_list":{"0":"post-269","1":"product","2":"type-product","3":"status-publish","4":"has-post-thumbnail","6":"product_cat-innova","8":"first","9":"instock","10":"shipping-taxable","11":"product-type-simple"},"_links":{"self":[{"href":"https:\/\/automotiveleon.com.mx\/index.php\/wp-json\/wp\/v2\/product\/269","targetHints":{"allow":["GET"]}}],"collection":[{"href":"https:\/\/automotiveleon.com.mx\/index.php\/wp-json\/wp\/v2\/product"}],"about":[{"href":"https:\/\/automotiveleon.com.mx\/index.php\/wp-json\/wp\/v2\/types\/product"}],"wp:featuredmedia":[{"embeddable":true,"href":"https:\/\/automotiveleon.com.mx\/index.php\/wp-json\/wp\/v2\/media\/271"}],"wp:attachment":[{"href":"https:\/\/automotiveleon.com.mx\/index.php\/wp-json\/wp\/v2\/media?parent=269"}],"wp:term":[{"taxonomy":"product_cat","embeddable":true,"href":"https:\/\/automotiveleon.com.mx\/index.php\/wp-json\/wp\/v2\/product_cat?post=269"},{"taxonomy":"product_tag","embeddable":true,"href":"https:\/\/automotiveleon.com.mx\/index.php\/wp-json\/wp\/v2\/product_tag?post=269"}],"curies":[{"name":"wp","href":"https:\/\/api.w.org\/{rel}","templated":true}]}}