{"id":138,"date":"2024-10-21T04:17:10","date_gmt":"2024-10-21T04:17:10","guid":{"rendered":"https:\/\/automotiveleon.com.mx\/?post_type=product&#038;p=138"},"modified":"2024-10-22T01:47:12","modified_gmt":"2024-10-22T01:47:12","slug":"probador-de-circuitos-automotrices-ps100-autel-powerscan","status":"publish","type":"product","link":"https:\/\/automotiveleon.com.mx\/index.php\/producto\/probador-de-circuitos-automotrices-ps100-autel-powerscan\/","title":{"rendered":"Probador De Circuitos Automotrices Ps100 Autel Powerscan"},"content":{"rendered":"<p>Autel PowerScan PS100 es el mejor probador el\u00e9ctrico para reducir el tiempo de diagn\u00f3stico en todos los sistemas el\u00e9ctricos de veh\u00edculos de 6 a 30 voltios. Despu\u00e9s de una simple conexi\u00f3n de la herramienta a la bater\u00eda del veh\u00edculo, podr\u00e1:<\/p>\n<p>Determine de un vistazo si un circuito es positivo, negativo o abierto sin tener que volver a conectar los clips de un polo de la bater\u00eda a otro.<br \/>\nPruebe la continuidad con su cable de tierra auxiliar incorporado.<br \/>\nAl presionar el interruptor de encendido, conduzca una corriente de bater\u00eda positiva o negativa a la punta de la sonda para probar el funcionamiento de un componente el\u00e9ctrico sin el uso de cables de puente.<br \/>\nPruebe instant\u00e1neamente contactos a tierra deficientes sin realizar pruebas de ca\u00edda de voltaje. La herramienta tambi\u00e9n est\u00e1 protegida contra cortocircuitos; su disyuntor interno se disparar\u00e1 si se sobrecarga.<br \/>\nPS100 sigue y localiza cortocircuitos sin desperdiciar fusibles. El cable largo de la herramienta le permite realizar pruebas en toda la longitud del veh\u00edculo sin buscar constantemente masas adecuadas para el veh\u00edculo.<br \/>\nCaracter\u00edsticas de Autel PowerScan PS100:<br \/>\nRealiza todo tipo de servicio, incluyendo inyecci\u00f3n de energ\u00eda, medici\u00f3n, prueba de tierra, verificaci\u00f3n de polaridad, prueba de continuidad y activaci\u00f3n de componentes.<br \/>\nEl AVOmeter f\u00e1cil de leer le permite leer el voltaje, la corriente y la resistencia con la punta del dedo.<br \/>\nCon solo presionar el interruptor de encendido, tiene un cable caliente\/tierra instant\u00e1neo para encender componentes el\u00e9ctricos como ventiladores de refrigeraci\u00f3n, rel\u00e9s, etc.<br \/>\nUtiliza simult\u00e1neamente el cable caliente y el cable de tierra para activar componentes directamente en su mano.<br \/>\nIdentifica instant\u00e1neamente circuitos positivos, negativos y abiertos.<br \/>\nPrueba instant\u00e1neamente contactos defectuosos a tierra, lo que le permite seguir y localizar cortocircuitos r\u00e1pidamente sin desperdiciar fusibles.<br \/>\nComprueba instant\u00e1neamente la continuidad de interruptores, rel\u00e9s y diodos.<br \/>\nDisyuntor protegido<br \/>\nLa linterna incorporada le permite trabajar en la oscuridad<br \/>\nEl indicador de tono de audio permite desplazarse por el men\u00fa sin mirar una vez que los usuarios est\u00e1n familiarizados con la asignaci\u00f3n de tonos del men\u00fa.<br \/>\nEl cable de 20 pies (extensible) brinda excelente accesibilidad para realizar pruebas a lo largo del veh\u00edculo<br \/>\nExtremadamente f\u00e1cil de usar y altamente confiable<\/p>\n<p>Hay cuatro modos para diagnosticar los sistemas el\u00e9ctricos, a los que se puede acceder presionando el bot\u00f3n Modo y recorriendo cada uno de ellos.<\/p>\n<p>Voltaje CC: Mientras la herramienta est\u00e1 en este modo, contacte la punta de la sonda con un circuito, luego la pantalla LCD leer\u00e1 el voltaje CC con una resoluci\u00f3n de 0,1 voltios.<br \/>\nVoltaje CA: Mientras la herramienta est\u00e1 en este modo, contacte la punta de la sonda con un circuito, luego la pantalla LCD leer\u00e1 el voltaje m\u00e1x. voltaje, el m\u00edn. voltaje, frecuencia y ciclo de trabajo.<br \/>\nResistencia: Mientras la herramienta est\u00e1 en este modo, contacte la punta de la sonda con un circuito, luego la pantalla LCD leer\u00e1 la resistencia entre la punta y el cable de tierra auxiliar.<\/p>\n<p>Tono activado\/desactivado: mientras la herramienta est\u00e1 en este modo, simplemente presione r\u00e1pidamente el bot\u00f3n de modo para activar o desactivar el tono. Mientras presiona r\u00e1pidamente (presione y suelte r\u00e1pidamente) el bot\u00f3n de modo, si se escucha un pitido corto y alto, esto significa que el tono de audio est\u00e1 activado. Si se escucha un pitido breve y bajo, el tono de audio se desactiva. Esta funci\u00f3n es invaluable cuando se trabaja en \u00e1reas brillantes donde la iluminaci\u00f3n LED por s\u00ed sola no es suficiente. La funci\u00f3n de audio se puede desactivar cuando se desee, como en aplicaciones en las que la herramienta estar\u00e1 conectada a circuitos durante largos per\u00edodos de tiempo y el audio podr\u00eda volverse molesto.<br \/>\nCABLE DE EXTENSI\u00d3N DE 20 PIES<br \/>\nEste probador de circuitos viene con un cable de extensi\u00f3n de 20 pies, 20 pies + 20 pies, lo que le permite acceder a cualquier posici\u00f3n del veh\u00edculo y probarlo. La linterna incorporada es conveniente para la detecci\u00f3n, el kit automotriz del probador de fusibles puede brindarle una buena vista en la oscuridad.<\/p>\n<p>Autel PowerScan PS100 con amplia cobertura<br \/>\nEl test de circuito automotriz Autel PS100 se puede utilizar para probar casi todos los dispositivos el\u00e9ctricos de 12 V-24 V, incluidos motocicletas, lanchas a motor, camiones grandes, etc. Autel PS100 es una herramienta imprescindible para todo t\u00e9cnico que busque una soluci\u00f3n r\u00e1pida y precisa para el diagn\u00f3stico de sistemas el\u00e9ctricos.<\/p>\n<p>Especificaci\u00f3n de Autel PowerScan PS100:<br \/>\nPantalla: Pantalla TFT en color (160 x 128 ppp)<br \/>\nTemperatura de funcionamiento: 0 a 60 \u00b0C (32 a 140 \u00b0F)<br \/>\nAlimentaci\u00f3n externa: alimentaci\u00f3n de 12,0 o 24,0 V proporcionada a trav\u00e9s de la bater\u00eda del veh\u00edculo<br \/>\nDimensiones (largo x ancho x alto): 126 mm x 46,5 mm x 35 mm (4,96 x 1,83 x 1,38 pulgadas)<br \/>\nPeso neto: 0,105 kg (0,23 lb), GW: 0,726 kg (1,6 lb)<\/p>\n","protected":false},"excerpt":{"rendered":"<h2>Probador De Circuitos Automotrices Ps100 Autel Powerscan<\/h2>\n<table class=\"andes-table\">\n<tbody class=\"andes-table__body\">\n<tr class=\"andes-table__row\">\n<th class=\"andes-table__header andes-table__header--left ui-pdp-specs__table__column ui-pdp-specs__table__column-title\" scope=\"row\">\n<div class=\"andes-table__header__container\" style=\"text-align: left;\">Marca<\/div>\n<\/th>\n<td id=\":R19esqk9im:\" class=\"andes-table__column andes-table__column--left andes-table__column--vertical-align-center ui-pdp-specs__table__column\"><span id=\":R19esqk9im:-value\" class=\"andes-table__column--value\">Autel<\/span><\/td>\n<\/tr>\n<tr class=\"andes-table__row\">\n<th class=\"andes-table__header andes-table__header--left ui-pdp-specs__table__column ui-pdp-specs__table__column-title\" scope=\"row\">\n<div class=\"andes-table__header__container\">Modelo<\/div>\n<\/th>\n<td id=\":R19msqk9im:\" class=\"andes-table__column andes-table__column--left andes-table__column--vertical-align-center ui-pdp-specs__table__column\"><span id=\":R19msqk9im:-value\" class=\"andes-table__column--value\">AUT-PS100<\/span><\/td>\n<\/tr>\n<\/tbody>\n<\/table>\n","protected":false},"featured_media":139,"template":"","meta":{"saved_in_kubio":false},"product_cat":[21],"product_tag":[],"class_list":{"0":"post-138","1":"product","2":"type-product","3":"status-publish","4":"has-post-thumbnail","6":"product_cat-autel","8":"first","9":"instock","10":"shipping-taxable","11":"product-type-simple"},"_links":{"self":[{"href":"https:\/\/automotiveleon.com.mx\/index.php\/wp-json\/wp\/v2\/product\/138","targetHints":{"allow":["GET"]}}],"collection":[{"href":"https:\/\/automotiveleon.com.mx\/index.php\/wp-json\/wp\/v2\/product"}],"about":[{"href":"https:\/\/automotiveleon.com.mx\/index.php\/wp-json\/wp\/v2\/types\/product"}],"wp:featuredmedia":[{"embeddable":true,"href":"https:\/\/automotiveleon.com.mx\/index.php\/wp-json\/wp\/v2\/media\/139"}],"wp:attachment":[{"href":"https:\/\/automotiveleon.com.mx\/index.php\/wp-json\/wp\/v2\/media?parent=138"}],"wp:term":[{"taxonomy":"product_cat","embeddable":true,"href":"https:\/\/automotiveleon.com.mx\/index.php\/wp-json\/wp\/v2\/product_cat?post=138"},{"taxonomy":"product_tag","embeddable":true,"href":"https:\/\/automotiveleon.com.mx\/index.php\/wp-json\/wp\/v2\/product_tag?post=138"}],"curies":[{"name":"wp","href":"https:\/\/api.w.org\/{rel}","templated":true}]}}